{"id":1883,"date":"2023-05-16T09:32:07","date_gmt":"2023-05-16T07:32:07","guid":{"rendered":"https:\/\/uvion2.aquatec.sharpness.de\/produkte\/produktuebersicht\/sin%20categor\u00eda\/ionizador-uv-eco2-hasta-60m%c2%b3-cobre\/"},"modified":"2025-04-04T10:57:30","modified_gmt":"2025-04-04T08:57:30","slug":"uv-ionizador-eco2-a60m%c2%b3-cobre","status":"publish","type":"product","link":"https:\/\/www.uvion.com\/es\/produkte\/produktuebersicht\/dispositivos\/uv-ionizador-eco2-a60m%c2%b3-cobre\/","title":{"rendered":"Ionizador UV ECO+2 hasta 60m\u00b3 \/ cobre"},"content":{"rendered":"<div id=\"content_right_head\"><img decoding=\"async\" src=\"https:\/\/uvion.de\/pics\/Abstandhalter.gif\" alt=\"\" width=\"1\" height=\"1\">Sistema de tratamiento del agua sin cloro para piscinas de hasta 60 m\u00b3. Combinaci\u00f3n de desinfecci\u00f3n instant\u00e1nea UV y efecto a largo plazo POSIDERM.<\/div>\n<div id=\"content_right\">\n<ul>\n<li>Control del proceso en funci\u00f3n de la temperatura<\/li>\n<li>Unidad de tratamiento UV<\/li>\n<li>Unidad de ionizaci\u00f3n<\/li>\n<li>electrodos de alta calidad<\/li>\n<li>Control integrado de la bomba del filtro de hasta 1,5 kW<\/li>\n<li>Dosificaci\u00f3n interna del pH<\/li>\n<li>Dise\u00f1o compacto, montado listo para enchufar<\/li>\n<li>Carcasa a prueba de salpicaduras<\/li>\n<li>Cubierta de unidad atractiva y funcional<\/li>\n<li>Fabricado en Alemania<\/li>\n<\/ul>\n<\/div>\n<p>&nbsp;<\/p>\n<p>con tapa, incl. Control del filtro, control interno del pH y<br \/>\nvarias funciones de protecci\u00f3n, completamente listo para enchufar incl. Accesorios<\/p>\n<p>S\u00f3lo disponible fuera de la UE<\/p>\n","protected":false},"excerpt":{"rendered":"<p>Sistema de tratamiento del agua sin cloro para piscinas de hasta 60 m\u00b3. Combinaci\u00f3n de desinfecci\u00f3n instant\u00e1nea UV y efecto a largo plazo POSIDERM. Control del proceso en funci\u00f3n de la temperatura Unidad de tratamiento UV Unidad de ionizaci\u00f3n electrodos de alta calidad Control integrado de la bomba del filtro de hasta 1,5 kW Dosificaci\u00f3n [&hellip;]<\/p>\n","protected":false},"featured_media":1677,"template":"","meta":[],"product_brand":[],"product_cat":[111],"product_tag":[],"class_list":{"0":"post-1883","1":"product","2":"type-product","3":"status-publish","4":"has-post-thumbnail","6":"product_cat-dispositivos","7":"product_shipping_class-elementos-de-envio","9":"first","10":"instock","11":"taxable","12":"shipping-taxable","13":"purchasable","14":"product-type-simple"},"yoast_head":"<!-- This site is optimized with the Yoast SEO plugin v24.8.1 - https:\/\/yoast.com\/wordpress\/plugins\/seo\/ -->\n<title>Ionizador UV ECO+2 hasta 60m\u00b3 \/ cobre - UVION - Por fin. Sin cloro. Sin l\u00e1grimas.<\/title>\n<meta name=\"robots\" content=\"noindex, follow, max-snippet:-1, max-image-preview:large, max-video-preview:-1\" \/>\n<meta property=\"og:locale\" content=\"es_ES\" \/>\n<meta property=\"og:type\" content=\"article\" \/>\n<meta property=\"og:title\" content=\"Ionizador UV ECO+2 hasta 60m\u00b3 \/ cobre - UVION - Por fin. Sin cloro. Sin l\u00e1grimas.\" \/>\n<meta property=\"og:description\" content=\"Sistema de tratamiento del agua sin cloro para piscinas de hasta 60 m\u00b3. Combinaci\u00f3n de desinfecci\u00f3n instant\u00e1nea UV y efecto a largo plazo POSIDERM. Control del proceso en funci\u00f3n de la temperatura Unidad de tratamiento UV Unidad de ionizaci\u00f3n electrodos de alta calidad Control integrado de la bomba del filtro de hasta 1,5 kW Dosificaci\u00f3n [&hellip;]\" \/>\n<meta property=\"og:url\" content=\"https:\/\/www.uvion.com\/es\/produkte\/produktuebersicht\/dispositivos\/uv-ionizador-eco2-a60m%c2%b3-cobre\/\" \/>\n<meta property=\"og:site_name\" content=\"UVION - Por fin. Sin cloro. Sin l\u00e1grimas.\" \/>\n<meta property=\"article:modified_time\" content=\"2025-04-04T08:57:30+00:00\" \/>\n<meta property=\"og:image\" content=\"https:\/\/www.uvion.com\/wp-content\/uploads\/2023\/05\/UV-IONIZER-60-KUP-1.jpg\" \/>\n\t<meta property=\"og:image:width\" content=\"1200\" \/>\n\t<meta property=\"og:image:height\" content=\"1200\" \/>\n\t<meta property=\"og:image:type\" content=\"image\/jpeg\" \/>\n<meta name=\"twitter:card\" content=\"summary_large_image\" \/>\n<meta name=\"twitter:label1\" content=\"Tiempo de lectura\" \/>\n\t<meta name=\"twitter:data1\" content=\"1 minuto\" \/>\n<script type=\"application\/ld+json\" class=\"yoast-schema-graph\">{\"@context\":\"https:\/\/schema.org\",\"@graph\":[{\"@type\":\"WebPage\",\"@id\":\"https:\/\/www.uvion.com\/es\/produkte\/produktuebersicht\/dispositivos\/uv-ionizador-eco2-a60m%c2%b3-cobre\/\",\"url\":\"https:\/\/www.uvion.com\/es\/produkte\/produktuebersicht\/dispositivos\/uv-ionizador-eco2-a60m%c2%b3-cobre\/\",\"name\":\"Ionizador UV ECO+2 hasta 60m\u00b3 \/ cobre - UVION - Por fin. Sin cloro. Sin l\u00e1grimas.\",\"isPartOf\":{\"@id\":\"https:\/\/www.uvion.com\/es\/#website\"},\"primaryImageOfPage\":{\"@id\":\"https:\/\/www.uvion.com\/es\/produkte\/produktuebersicht\/dispositivos\/uv-ionizador-eco2-a60m%c2%b3-cobre\/#primaryimage\"},\"image\":{\"@id\":\"https:\/\/www.uvion.com\/es\/produkte\/produktuebersicht\/dispositivos\/uv-ionizador-eco2-a60m%c2%b3-cobre\/#primaryimage\"},\"thumbnailUrl\":\"https:\/\/www.uvion.com\/wp-content\/uploads\/2023\/05\/UV-IONIZER-60-KUP-1.jpg\",\"datePublished\":\"2023-05-16T07:32:07+00:00\",\"dateModified\":\"2025-04-04T08:57:30+00:00\",\"breadcrumb\":{\"@id\":\"https:\/\/www.uvion.com\/es\/produkte\/produktuebersicht\/dispositivos\/uv-ionizador-eco2-a60m%c2%b3-cobre\/#breadcrumb\"},\"inLanguage\":\"es\",\"potentialAction\":[{\"@type\":\"ReadAction\",\"target\":[\"https:\/\/www.uvion.com\/es\/produkte\/produktuebersicht\/dispositivos\/uv-ionizador-eco2-a60m%c2%b3-cobre\/\"]}]},{\"@type\":\"ImageObject\",\"inLanguage\":\"es\",\"@id\":\"https:\/\/www.uvion.com\/es\/produkte\/produktuebersicht\/dispositivos\/uv-ionizador-eco2-a60m%c2%b3-cobre\/#primaryimage\",\"url\":\"https:\/\/www.uvion.com\/wp-content\/uploads\/2023\/05\/UV-IONIZER-60-KUP-1.jpg\",\"contentUrl\":\"https:\/\/www.uvion.com\/wp-content\/uploads\/2023\/05\/UV-IONIZER-60-KUP-1.jpg\",\"width\":1200,\"height\":1200},{\"@type\":\"BreadcrumbList\",\"@id\":\"https:\/\/www.uvion.com\/es\/produkte\/produktuebersicht\/dispositivos\/uv-ionizador-eco2-a60m%c2%b3-cobre\/#breadcrumb\",\"itemListElement\":[{\"@type\":\"ListItem\",\"position\":1,\"name\":\"Startseite\",\"item\":\"https:\/\/www.uvion.com\/es\/\"},{\"@type\":\"ListItem\",\"position\":2,\"name\":\"Tienda\",\"item\":\"https:\/\/www.uvion.com\/produkte\/produktuebersicht\/\"},{\"@type\":\"ListItem\",\"position\":3,\"name\":\"Ionizador UV ECO+2 hasta 60m\u00b3 \/ cobre\"}]},{\"@type\":\"WebSite\",\"@id\":\"https:\/\/www.uvion.com\/es\/#website\",\"url\":\"https:\/\/www.uvion.com\/es\/\",\"name\":\"UVION - Por fin. Sin cloro. Sin l\u00e1grimas.\",\"description\":\"\u00d6ffnen Sie Ihre Augen in kristallklarem Wasser.\",\"publisher\":{\"@id\":\"https:\/\/www.uvion.com\/es\/#organization\"},\"potentialAction\":[{\"@type\":\"SearchAction\",\"target\":{\"@type\":\"EntryPoint\",\"urlTemplate\":\"https:\/\/www.uvion.com\/es\/?s={search_term_string}\"},\"query-input\":{\"@type\":\"PropertyValueSpecification\",\"valueRequired\":true,\"valueName\":\"search_term_string\"}}],\"inLanguage\":\"es\"},{\"@type\":\"Organization\",\"@id\":\"https:\/\/www.uvion.com\/es\/#organization\",\"name\":\"UVION\",\"url\":\"https:\/\/www.uvion.com\/es\/\",\"logo\":{\"@type\":\"ImageObject\",\"inLanguage\":\"es\",\"@id\":\"https:\/\/www.uvion.com\/es\/#\/schema\/logo\/image\/\",\"url\":\"https:\/\/www.uvion.com\/wp-content\/uploads\/2023\/01\/logo-uvion-web.png\",\"contentUrl\":\"https:\/\/www.uvion.com\/wp-content\/uploads\/2023\/01\/logo-uvion-web.png\",\"width\":293,\"height\":119,\"caption\":\"UVION\"},\"image\":{\"@id\":\"https:\/\/www.uvion.com\/es\/#\/schema\/logo\/image\/\"}}]}<\/script>\n<!-- \/ Yoast SEO plugin. -->","yoast_head_json":{"title":"Ionizador UV ECO+2 hasta 60m\u00b3 \/ cobre - UVION - Por fin. Sin cloro. Sin l\u00e1grimas.","robots":{"index":"noindex","follow":"follow","max-snippet":"max-snippet:-1","max-image-preview":"max-image-preview:large","max-video-preview":"max-video-preview:-1"},"og_locale":"es_ES","og_type":"article","og_title":"Ionizador UV ECO+2 hasta 60m\u00b3 \/ cobre - UVION - Por fin. Sin cloro. Sin l\u00e1grimas.","og_description":"Sistema de tratamiento del agua sin cloro para piscinas de hasta 60 m\u00b3. Combinaci\u00f3n de desinfecci\u00f3n instant\u00e1nea UV y efecto a largo plazo POSIDERM. Control del proceso en funci\u00f3n de la temperatura Unidad de tratamiento UV Unidad de ionizaci\u00f3n electrodos de alta calidad Control integrado de la bomba del filtro de hasta 1,5 kW Dosificaci\u00f3n [&hellip;]","og_url":"https:\/\/www.uvion.com\/es\/produkte\/produktuebersicht\/dispositivos\/uv-ionizador-eco2-a60m%c2%b3-cobre\/","og_site_name":"UVION - Por fin. Sin cloro. Sin l\u00e1grimas.","article_modified_time":"2025-04-04T08:57:30+00:00","og_image":[{"width":1200,"height":1200,"url":"https:\/\/www.uvion.com\/wp-content\/uploads\/2023\/05\/UV-IONIZER-60-KUP-1.jpg","type":"image\/jpeg"}],"twitter_card":"summary_large_image","twitter_misc":{"Tiempo de lectura":"1 minuto"},"schema":{"@context":"https:\/\/schema.org","@graph":[{"@type":"WebPage","@id":"https:\/\/www.uvion.com\/es\/produkte\/produktuebersicht\/dispositivos\/uv-ionizador-eco2-a60m%c2%b3-cobre\/","url":"https:\/\/www.uvion.com\/es\/produkte\/produktuebersicht\/dispositivos\/uv-ionizador-eco2-a60m%c2%b3-cobre\/","name":"Ionizador UV ECO+2 hasta 60m\u00b3 \/ cobre - UVION - Por fin. Sin cloro. Sin l\u00e1grimas.","isPartOf":{"@id":"https:\/\/www.uvion.com\/es\/#website"},"primaryImageOfPage":{"@id":"https:\/\/www.uvion.com\/es\/produkte\/produktuebersicht\/dispositivos\/uv-ionizador-eco2-a60m%c2%b3-cobre\/#primaryimage"},"image":{"@id":"https:\/\/www.uvion.com\/es\/produkte\/produktuebersicht\/dispositivos\/uv-ionizador-eco2-a60m%c2%b3-cobre\/#primaryimage"},"thumbnailUrl":"https:\/\/www.uvion.com\/wp-content\/uploads\/2023\/05\/UV-IONIZER-60-KUP-1.jpg","datePublished":"2023-05-16T07:32:07+00:00","dateModified":"2025-04-04T08:57:30+00:00","breadcrumb":{"@id":"https:\/\/www.uvion.com\/es\/produkte\/produktuebersicht\/dispositivos\/uv-ionizador-eco2-a60m%c2%b3-cobre\/#breadcrumb"},"inLanguage":"es","potentialAction":[{"@type":"ReadAction","target":["https:\/\/www.uvion.com\/es\/produkte\/produktuebersicht\/dispositivos\/uv-ionizador-eco2-a60m%c2%b3-cobre\/"]}]},{"@type":"ImageObject","inLanguage":"es","@id":"https:\/\/www.uvion.com\/es\/produkte\/produktuebersicht\/dispositivos\/uv-ionizador-eco2-a60m%c2%b3-cobre\/#primaryimage","url":"https:\/\/www.uvion.com\/wp-content\/uploads\/2023\/05\/UV-IONIZER-60-KUP-1.jpg","contentUrl":"https:\/\/www.uvion.com\/wp-content\/uploads\/2023\/05\/UV-IONIZER-60-KUP-1.jpg","width":1200,"height":1200},{"@type":"BreadcrumbList","@id":"https:\/\/www.uvion.com\/es\/produkte\/produktuebersicht\/dispositivos\/uv-ionizador-eco2-a60m%c2%b3-cobre\/#breadcrumb","itemListElement":[{"@type":"ListItem","position":1,"name":"Startseite","item":"https:\/\/www.uvion.com\/es\/"},{"@type":"ListItem","position":2,"name":"Tienda","item":"https:\/\/www.uvion.com\/produkte\/produktuebersicht\/"},{"@type":"ListItem","position":3,"name":"Ionizador UV ECO+2 hasta 60m\u00b3 \/ cobre"}]},{"@type":"WebSite","@id":"https:\/\/www.uvion.com\/es\/#website","url":"https:\/\/www.uvion.com\/es\/","name":"UVION - Por fin. Sin cloro. Sin l\u00e1grimas.","description":"\u00d6ffnen Sie Ihre Augen in kristallklarem Wasser.","publisher":{"@id":"https:\/\/www.uvion.com\/es\/#organization"},"potentialAction":[{"@type":"SearchAction","target":{"@type":"EntryPoint","urlTemplate":"https:\/\/www.uvion.com\/es\/?s={search_term_string}"},"query-input":{"@type":"PropertyValueSpecification","valueRequired":true,"valueName":"search_term_string"}}],"inLanguage":"es"},{"@type":"Organization","@id":"https:\/\/www.uvion.com\/es\/#organization","name":"UVION","url":"https:\/\/www.uvion.com\/es\/","logo":{"@type":"ImageObject","inLanguage":"es","@id":"https:\/\/www.uvion.com\/es\/#\/schema\/logo\/image\/","url":"https:\/\/www.uvion.com\/wp-content\/uploads\/2023\/01\/logo-uvion-web.png","contentUrl":"https:\/\/www.uvion.com\/wp-content\/uploads\/2023\/01\/logo-uvion-web.png","width":293,"height":119,"caption":"UVION"},"image":{"@id":"https:\/\/www.uvion.com\/es\/#\/schema\/logo\/image\/"}}]}},"_links":{"self":[{"href":"https:\/\/www.uvion.com\/es\/wp-json\/wp\/v2\/product\/1883","targetHints":{"allow":["GET"]}}],"collection":[{"href":"https:\/\/www.uvion.com\/es\/wp-json\/wp\/v2\/product"}],"about":[{"href":"https:\/\/www.uvion.com\/es\/wp-json\/wp\/v2\/types\/product"}],"wp:featuredmedia":[{"embeddable":true,"href":"https:\/\/www.uvion.com\/es\/wp-json\/wp\/v2\/media\/1677"}],"wp:attachment":[{"href":"https:\/\/www.uvion.com\/es\/wp-json\/wp\/v2\/media?parent=1883"}],"wp:term":[{"taxonomy":"product_brand","embeddable":true,"href":"https:\/\/www.uvion.com\/es\/wp-json\/wp\/v2\/product_brand?post=1883"},{"taxonomy":"product_cat","embeddable":true,"href":"https:\/\/www.uvion.com\/es\/wp-json\/wp\/v2\/product_cat?post=1883"},{"taxonomy":"product_tag","embeddable":true,"href":"https:\/\/www.uvion.com\/es\/wp-json\/wp\/v2\/product_tag?post=1883"}],"curies":[{"name":"wp","href":"https:\/\/api.w.org\/{rel}","templated":true}]}}