{"id":2050,"date":"2023-01-26T15:55:25","date_gmt":"2023-01-26T14:55:25","guid":{"rendered":"https:\/\/uvion2.aquatec.sharpness.de\/pie-de-imprenta\/"},"modified":"2023-09-07T11:59:58","modified_gmt":"2023-09-07T09:59:58","slug":"pie-de-imprenta","status":"publish","type":"page","link":"https:\/\/www.uvion.com\/es\/pie-de-imprenta\/","title":{"rendered":"Pie de imprenta"},"content":{"rendered":"\t\t<div data-elementor-type=\"wp-page\" data-elementor-id=\"2050\" class=\"elementor elementor-2050 elementor-30\" data-elementor-post-type=\"page\">\n\t\t\t\t\t\t<section class=\"elementor-section elementor-top-section elementor-element elementor-element-226a913c elementor-section-boxed elementor-section-height-default elementor-section-height-default\" data-id=\"226a913c\" data-element_type=\"section\">\n\t\t\t\t\t\t<div class=\"elementor-container elementor-column-gap-default\">\n\t\t\t\t\t<div class=\"elementor-column elementor-col-100 elementor-top-column elementor-element elementor-element-d7ba7ae\" data-id=\"d7ba7ae\" data-element_type=\"column\">\n\t\t\t<div class=\"elementor-widget-wrap elementor-element-populated\">\n\t\t\t\t\t\t<div class=\"elementor-element elementor-element-d6abe5f elementor-widget elementor-widget-text-editor\" data-id=\"d6abe5f\" data-element_type=\"widget\" data-widget_type=\"text-editor.default\">\n\t\t\t\t<div class=\"elementor-widget-container\">\n\t\t\t\t\t\t\t\t\t<p><b>UVION<\/b><br \/>una divisi\u00f3n empresarial de la<\/p>\n<p><b>Manotura GmbH &amp; Co KG<\/b><br \/>V\u00eda procesional 38<br \/>48493 Wettringen<\/p>\n<\/p>\n<h2><strong>Contacto:<\/strong><\/h2>\n<p>Tel\u00e9fono: +49 (0) 2557 &#8211; 2 74 97 &#8211; 74<br \/>Fax: +49 (0) 2557 &#8211; 2 74 97 &#8211; 22<br \/>Correo electr\u00f3nico: <a href=\"mailto:info@uvion.com\">info@uvion.com<\/a><br \/>Internet: <a href=\"http:\/\/www.uvion.com\/\" target=\"_top\">www.uvion.com<\/a><\/p>\n<h2><strong>Registre la entrada:<\/strong><\/h2>\n<p>Tribunal de Registro Steinfurt, HRA 5057<\/p>\n<div>N\u00famero de identificaci\u00f3n fiscal: DE 814007010<\/div>\n<div>Representado por el socio gerente:<br \/>Manotura Gesch\u00e4ftsf\u00fchrungs-GmbH, Wettringen,<br \/>Tribunal Local de Steinfurt, HRB 7087 (responsable personal)<br \/>representada por el Director General Dipl. Ing. Michael Schraeder<\/div>\n<div> <\/div>\n<h2><strong>Responsable del contenido seg\u00fan \u00a7 55 para. 2 RStV:<\/strong><\/h2>\n<p>Dipl. Ing. Michael Schraeder<br \/>V\u00eda procesional 38<br \/>48493 Wettringen<\/p>\n<p>WEEE-Reg. n\u00ba DE 90666277<\/p>\n<\/p>\n<h2><strong>Resoluci\u00f3n de litigios:<\/strong><\/h2>\n<p>La Comisi\u00f3n Europea ofrece una plataforma para la resoluci\u00f3n de litigios en l\u00ednea (ODR): <a href=\"https:\/\/ec.europa.eu\/consumers\/odr\">https:\/\/ec.europa.eu\/consumers\/odr<\/a><\/p>\n<p>Encontrar\u00e1 nuestra direcci\u00f3n de correo electr\u00f3nico en el pie de imprenta de arriba. No estamos dispuestos ni obligados a participar en un procedimiento de resoluci\u00f3n de litigios ante una junta de arbitraje de consumo.<\/p>\n<\/p>\n<h2>Dise\u00f1o y programaci\u00f3n<\/h2>\n<p>sharpness &#8211; agencia para los nuevos medios<br \/><a href=\"https:\/\/www.sharpness.de\">www.sharpness.de<\/a><br \/>info@sharpness.de<\/p>\n<h2>Responsabilidad por el contenido<\/h2>\n<p>Como proveedor de servicios, somos, de conformidad con el \u00a7 7 P\u00e1rr. 1 TMG es responsable de su propio contenido en estas p\u00e1ginas de acuerdo con las leyes generales. Sin embargo, de acuerdo con los art\u00edculos 8 a 10 de la TMG, no estamos obligados como proveedores de servicios a supervisar la informaci\u00f3n de terceros transmitida o almacenada ni a investigar circunstancias que indiquen una actividad ilegal. Esto no afecta a las obligaciones de eliminar o bloquear el uso de informaci\u00f3n de acuerdo con las leyes generales. Sin embargo, la responsabilidad a este respecto s\u00f3lo es posible a partir del momento en que se tiene conocimiento de una infracci\u00f3n concreta. Si tenemos conocimiento de alguna infracci\u00f3n de este tipo, eliminaremos este contenido inmediatamente.<\/p>\n<\/p>\n<h2>Responsabilidad de los enlaces<\/h2>\n<p>Nuestra oferta contiene enlaces a p\u00e1ginas web externas de terceros, sobre cuyos contenidos no tenemos ninguna influencia. Por lo tanto, no podemos asumir ninguna responsabilidad por estos contenidos externos. El respectivo proveedor u operador de las p\u00e1ginas es siempre responsable del contenido de las p\u00e1ginas enlazadas. Las p\u00e1ginas enlazadas se comprobaron en el momento de enlazarlas para detectar posibles infracciones legales. Los contenidos ilegales no eran reconocibles en el momento del enlace.<\/p>\n<p>Sin embargo, un control permanente de los contenidos de las p\u00e1ginas enlazadas no es razonable sin indicios concretos de una violaci\u00f3n de la ley. Si tenemos conocimiento de alguna infracci\u00f3n de la ley, eliminaremos dichos enlaces inmediatamente.<\/p>\n<h3>Derechos de autor<\/h3>\n<p>Los contenidos y obras creados por los operadores del sitio en estas p\u00e1ginas est\u00e1n sujetos a la legislaci\u00f3n alemana sobre derechos de autor. La reproducci\u00f3n, edici\u00f3n, distribuci\u00f3n y cualquier tipo de utilizaci\u00f3n fuera de los l\u00edmites de la ley de derechos de autor requieren el consentimiento por escrito del autor o creador respectivo. Las descargas y copias de esta p\u00e1gina s\u00f3lo est\u00e1n permitidas para uso privado y no comercial. En la medida en que el contenido de esta p\u00e1gina no haya sido creado por el operador, se respetan los derechos de autor de terceros. En particular, los contenidos de terceros se identifican como tales. Si a pesar de ello tuviera conocimiento de una infracci\u00f3n de los derechos de autor, le rogamos que nos lo comunique. Si tenemos conocimiento de alguna infracci\u00f3n, eliminaremos dicho contenido inmediatamente.<\/p>\n<p>Fuente: <a href=\"https:\/\/www.erecht24.de\/impressum-generator.html\" target=\"_blank\" rel=\"noopener\">https:\/\/www.erecht24.de\/impressum-generator.html<\/a><\/p>\n\t\t\t\t\t\t\t\t<\/div>\n\t\t\t\t<\/div>\n\t\t\t\t\t<\/div>\n\t\t<\/div>\n\t\t\t\t\t<\/div>\n\t\t<\/section>\n\t\t\t\t<\/div>\n\t\t","protected":false},"excerpt":{"rendered":"<p>UVIONuna divisi\u00f3n empresarial de la Manotura GmbH &amp; Co KGV\u00eda procesional 3848493 Wettringen Contacto: Tel\u00e9fono: +49 (0) 2557 &#8211; 2 74 97 &#8211; 74Fax: +49 (0) 2557 &#8211; 2 74 97 &#8211; 22Correo electr\u00f3nico: info@uvion.comInternet: www.uvion.com Registre la entrada: Tribunal de Registro Steinfurt, HRA 5057 N\u00famero de identificaci\u00f3n fiscal: DE 814007010 Representado por el socio [&hellip;]<\/p>\n","protected":false},"author":1,"featured_media":0,"parent":0,"menu_order":0,"comment_status":"closed","ping_status":"closed","template":"","meta":{"footnotes":""},"class_list":["post-2050","page","type-page","status-publish","hentry"],"yoast_head":"<!-- This site is optimized with the Yoast SEO plugin v24.8.1 - https:\/\/yoast.com\/wordpress\/plugins\/seo\/ -->\n<title>Pie de imprenta - UVION - Por fin. Sin cloro. Sin l\u00e1grimas.<\/title>\n<meta name=\"robots\" content=\"noindex, follow, max-snippet:-1, max-image-preview:large, max-video-preview:-1\" \/>\n<meta property=\"og:locale\" content=\"es_ES\" \/>\n<meta property=\"og:type\" content=\"article\" \/>\n<meta property=\"og:title\" content=\"Pie de imprenta - UVION - Por fin. Sin cloro. Sin l\u00e1grimas.\" \/>\n<meta property=\"og:description\" content=\"UVIONuna divisi\u00f3n empresarial de la Manotura GmbH &amp; Co KGV\u00eda procesional 3848493 Wettringen Contacto: Tel\u00e9fono: +49 (0) 2557 &#8211; 2 74 97 &#8211; 74Fax: +49 (0) 2557 &#8211; 2 74 97 &#8211; 22Correo electr\u00f3nico: info@uvion.comInternet: www.uvion.com Registre la entrada: Tribunal de Registro Steinfurt, HRA 5057 N\u00famero de identificaci\u00f3n fiscal: DE 814007010 Representado por el socio [&hellip;]\" \/>\n<meta property=\"og:url\" content=\"https:\/\/www.uvion.com\/es\/pie-de-imprenta\/\" \/>\n<meta property=\"og:site_name\" content=\"UVION - Por fin. Sin cloro. Sin l\u00e1grimas.\" \/>\n<meta property=\"article:modified_time\" content=\"2023-09-07T09:59:58+00:00\" \/>\n<meta name=\"twitter:card\" content=\"summary_large_image\" \/>\n<meta name=\"twitter:label1\" content=\"Tiempo de lectura\" \/>\n\t<meta name=\"twitter:data1\" content=\"3 minutos\" \/>\n<script type=\"application\/ld+json\" class=\"yoast-schema-graph\">{\"@context\":\"https:\/\/schema.org\",\"@graph\":[{\"@type\":\"WebPage\",\"@id\":\"https:\/\/www.uvion.com\/es\/pie-de-imprenta\/\",\"url\":\"https:\/\/www.uvion.com\/es\/pie-de-imprenta\/\",\"name\":\"Pie de imprenta - UVION - Por fin. Sin cloro. Sin l\u00e1grimas.\",\"isPartOf\":{\"@id\":\"https:\/\/www.uvion.com\/es\/#website\"},\"datePublished\":\"2023-01-26T14:55:25+00:00\",\"dateModified\":\"2023-09-07T09:59:58+00:00\",\"breadcrumb\":{\"@id\":\"https:\/\/www.uvion.com\/es\/pie-de-imprenta\/#breadcrumb\"},\"inLanguage\":\"es\",\"potentialAction\":[{\"@type\":\"ReadAction\",\"target\":[\"https:\/\/www.uvion.com\/es\/pie-de-imprenta\/\"]}]},{\"@type\":\"BreadcrumbList\",\"@id\":\"https:\/\/www.uvion.com\/es\/pie-de-imprenta\/#breadcrumb\",\"itemListElement\":[{\"@type\":\"ListItem\",\"position\":1,\"name\":\"Startseite\",\"item\":\"https:\/\/www.uvion.com\/es\/\"},{\"@type\":\"ListItem\",\"position\":2,\"name\":\"Pie de imprenta\"}]},{\"@type\":\"WebSite\",\"@id\":\"https:\/\/www.uvion.com\/es\/#website\",\"url\":\"https:\/\/www.uvion.com\/es\/\",\"name\":\"UVION - Por fin. Sin cloro. Sin l\u00e1grimas.\",\"description\":\"\u00d6ffnen Sie Ihre Augen in kristallklarem Wasser.\",\"publisher\":{\"@id\":\"https:\/\/www.uvion.com\/es\/#organization\"},\"potentialAction\":[{\"@type\":\"SearchAction\",\"target\":{\"@type\":\"EntryPoint\",\"urlTemplate\":\"https:\/\/www.uvion.com\/es\/?s={search_term_string}\"},\"query-input\":{\"@type\":\"PropertyValueSpecification\",\"valueRequired\":true,\"valueName\":\"search_term_string\"}}],\"inLanguage\":\"es\"},{\"@type\":\"Organization\",\"@id\":\"https:\/\/www.uvion.com\/es\/#organization\",\"name\":\"UVION\",\"url\":\"https:\/\/www.uvion.com\/es\/\",\"logo\":{\"@type\":\"ImageObject\",\"inLanguage\":\"es\",\"@id\":\"https:\/\/www.uvion.com\/es\/#\/schema\/logo\/image\/\",\"url\":\"https:\/\/www.uvion.com\/wp-content\/uploads\/2023\/01\/logo-uvion-web.png\",\"contentUrl\":\"https:\/\/www.uvion.com\/wp-content\/uploads\/2023\/01\/logo-uvion-web.png\",\"width\":293,\"height\":119,\"caption\":\"UVION\"},\"image\":{\"@id\":\"https:\/\/www.uvion.com\/es\/#\/schema\/logo\/image\/\"}}]}<\/script>\n<!-- \/ Yoast SEO plugin. -->","yoast_head_json":{"title":"Pie de imprenta - UVION - Por fin. Sin cloro. Sin l\u00e1grimas.","robots":{"index":"noindex","follow":"follow","max-snippet":"max-snippet:-1","max-image-preview":"max-image-preview:large","max-video-preview":"max-video-preview:-1"},"og_locale":"es_ES","og_type":"article","og_title":"Pie de imprenta - UVION - Por fin. Sin cloro. Sin l\u00e1grimas.","og_description":"UVIONuna divisi\u00f3n empresarial de la Manotura GmbH &amp; Co KGV\u00eda procesional 3848493 Wettringen Contacto: Tel\u00e9fono: +49 (0) 2557 &#8211; 2 74 97 &#8211; 74Fax: +49 (0) 2557 &#8211; 2 74 97 &#8211; 22Correo electr\u00f3nico: info@uvion.comInternet: www.uvion.com Registre la entrada: Tribunal de Registro Steinfurt, HRA 5057 N\u00famero de identificaci\u00f3n fiscal: DE 814007010 Representado por el socio [&hellip;]","og_url":"https:\/\/www.uvion.com\/es\/pie-de-imprenta\/","og_site_name":"UVION - Por fin. Sin cloro. Sin l\u00e1grimas.","article_modified_time":"2023-09-07T09:59:58+00:00","twitter_card":"summary_large_image","twitter_misc":{"Tiempo de lectura":"3 minutos"},"schema":{"@context":"https:\/\/schema.org","@graph":[{"@type":"WebPage","@id":"https:\/\/www.uvion.com\/es\/pie-de-imprenta\/","url":"https:\/\/www.uvion.com\/es\/pie-de-imprenta\/","name":"Pie de imprenta - UVION - Por fin. Sin cloro. Sin l\u00e1grimas.","isPartOf":{"@id":"https:\/\/www.uvion.com\/es\/#website"},"datePublished":"2023-01-26T14:55:25+00:00","dateModified":"2023-09-07T09:59:58+00:00","breadcrumb":{"@id":"https:\/\/www.uvion.com\/es\/pie-de-imprenta\/#breadcrumb"},"inLanguage":"es","potentialAction":[{"@type":"ReadAction","target":["https:\/\/www.uvion.com\/es\/pie-de-imprenta\/"]}]},{"@type":"BreadcrumbList","@id":"https:\/\/www.uvion.com\/es\/pie-de-imprenta\/#breadcrumb","itemListElement":[{"@type":"ListItem","position":1,"name":"Startseite","item":"https:\/\/www.uvion.com\/es\/"},{"@type":"ListItem","position":2,"name":"Pie de imprenta"}]},{"@type":"WebSite","@id":"https:\/\/www.uvion.com\/es\/#website","url":"https:\/\/www.uvion.com\/es\/","name":"UVION - Por fin. Sin cloro. Sin l\u00e1grimas.","description":"\u00d6ffnen Sie Ihre Augen in kristallklarem Wasser.","publisher":{"@id":"https:\/\/www.uvion.com\/es\/#organization"},"potentialAction":[{"@type":"SearchAction","target":{"@type":"EntryPoint","urlTemplate":"https:\/\/www.uvion.com\/es\/?s={search_term_string}"},"query-input":{"@type":"PropertyValueSpecification","valueRequired":true,"valueName":"search_term_string"}}],"inLanguage":"es"},{"@type":"Organization","@id":"https:\/\/www.uvion.com\/es\/#organization","name":"UVION","url":"https:\/\/www.uvion.com\/es\/","logo":{"@type":"ImageObject","inLanguage":"es","@id":"https:\/\/www.uvion.com\/es\/#\/schema\/logo\/image\/","url":"https:\/\/www.uvion.com\/wp-content\/uploads\/2023\/01\/logo-uvion-web.png","contentUrl":"https:\/\/www.uvion.com\/wp-content\/uploads\/2023\/01\/logo-uvion-web.png","width":293,"height":119,"caption":"UVION"},"image":{"@id":"https:\/\/www.uvion.com\/es\/#\/schema\/logo\/image\/"}}]}},"_links":{"self":[{"href":"https:\/\/www.uvion.com\/es\/wp-json\/wp\/v2\/pages\/2050","targetHints":{"allow":["GET"]}}],"collection":[{"href":"https:\/\/www.uvion.com\/es\/wp-json\/wp\/v2\/pages"}],"about":[{"href":"https:\/\/www.uvion.com\/es\/wp-json\/wp\/v2\/types\/page"}],"author":[{"embeddable":true,"href":"https:\/\/www.uvion.com\/es\/wp-json\/wp\/v2\/users\/1"}],"replies":[{"embeddable":true,"href":"https:\/\/www.uvion.com\/es\/wp-json\/wp\/v2\/comments?post=2050"}],"version-history":[{"count":1,"href":"https:\/\/www.uvion.com\/es\/wp-json\/wp\/v2\/pages\/2050\/revisions"}],"predecessor-version":[{"id":2051,"href":"https:\/\/www.uvion.com\/es\/wp-json\/wp\/v2\/pages\/2050\/revisions\/2051"}],"wp:attachment":[{"href":"https:\/\/www.uvion.com\/es\/wp-json\/wp\/v2\/media?parent=2050"}],"curies":[{"name":"wp","href":"https:\/\/api.w.org\/{rel}","templated":true}]}}