{"id":2008,"date":"2023-02-03T15:46:19","date_gmt":"2023-02-03T14:46:19","guid":{"rendered":"https:\/\/uvion2.aquatec.sharpness.de\/productos-informacion\/eco-2-130\/"},"modified":"2023-09-07T11:59:42","modified_gmt":"2023-09-07T09:59:42","slug":"eco-2-130","status":"publish","type":"page","link":"https:\/\/www.uvion.com\/es\/productos\/productos-informacion\/eco-2-130\/","title":{"rendered":"ECO +2-130"},"content":{"rendered":"\t\t<div data-elementor-type=\"wp-page\" data-elementor-id=\"2008\" class=\"elementor elementor-2008 elementor-269\" data-elementor-post-type=\"page\">\n\t\t\t\t\t\t<section class=\"elementor-section elementor-top-section elementor-element elementor-element-27e0e1b elementor-section-boxed elementor-section-height-default elementor-section-height-default\" data-id=\"27e0e1b\" data-element_type=\"section\">\n\t\t\t\t\t\t<div class=\"elementor-container elementor-column-gap-default\">\n\t\t\t\t\t<div class=\"elementor-column elementor-col-33 elementor-top-column elementor-element elementor-element-842b489\" data-id=\"842b489\" data-element_type=\"column\">\n\t\t\t<div class=\"elementor-widget-wrap elementor-element-populated\">\n\t\t\t\t\t\t<div class=\"elementor-element elementor-element-a4edff3 elementor-widget elementor-widget-image\" data-id=\"a4edff3\" data-element_type=\"widget\" data-widget_type=\"image.default\">\n\t\t\t\t<div class=\"elementor-widget-container\">\n\t\t\t\t\t\t\t\t\t\t\t\t\t\t\t<img fetchpriority=\"high\" decoding=\"async\" width=\"260\" height=\"419\" src=\"https:\/\/www.uvion.com\/wp-content\/uploads\/2023\/02\/eco_165x338_130neu.jpg\" class=\"attachment-large size-large wp-image-338\" alt=\"\" srcset=\"https:\/\/www.uvion.com\/wp-content\/uploads\/2023\/02\/eco_165x338_130neu.jpg 260w, https:\/\/www.uvion.com\/wp-content\/uploads\/2023\/02\/eco_165x338_130neu-186x300.jpg 186w\" sizes=\"(max-width: 260px) 100vw, 260px\" \/>\t\t\t\t\t\t\t\t\t\t\t\t\t\t\t<\/div>\n\t\t\t\t<\/div>\n\t\t\t\t\t<\/div>\n\t\t<\/div>\n\t\t\t\t<div class=\"elementor-column elementor-col-66 elementor-top-column elementor-element elementor-element-60a7990\" data-id=\"60a7990\" data-element_type=\"column\">\n\t\t\t<div class=\"elementor-widget-wrap elementor-element-populated\">\n\t\t\t\t\t\t<div class=\"elementor-element elementor-element-b30c5b4 elementor-widget elementor-widget-text-editor\" data-id=\"b30c5b4\" data-element_type=\"widget\" data-widget_type=\"text-editor.default\">\n\t\t\t\t<div class=\"elementor-widget-container\">\n\t\t\t\t\t\t\t\t\t<p>Sistema de tratamiento del agua sin cloro para piscinas de hasta 130 m\u00b3. Combinaci\u00f3n de desinfecci\u00f3n instant\u00e1nea UV y efecto a largo plazo POSIDERM.<\/p>\n<ul>\n<li>Control del proceso en funci\u00f3n de la temperatura<\/li>\n<li>dos unidades de tratamiento UV<\/li>\n<li>dos unidades de ionizaci\u00f3n<\/li>\n<li>electrodos de alta calidad<\/li>\n<li>Control integrado de la bomba del filtro de hasta 1,5 kW<\/li>\n<li>Dosificaci\u00f3n interna del pH<\/li>\n<li>Dise\u00f1o compacto, montado listo para enchufar<\/li>\n<li>Carcasa a prueba de salpicaduras<\/li>\n<li>Cubierta de unidad atractiva y funcional<\/li>\n<li>Fabricado en Alemania<\/li>\n<\/ul>\n\t\t\t\t\t\t\t\t<\/div>\n\t\t\t\t<\/div>\n\t\t\t\t\t<\/div>\n\t\t<\/div>\n\t\t\t\t\t<\/div>\n\t\t<\/section>\n\t\t\t\t<\/div>\n\t\t","protected":false},"excerpt":{"rendered":"<p>Sistema de tratamiento del agua sin cloro para piscinas de hasta 130 m\u00b3. Combinaci\u00f3n de desinfecci\u00f3n instant\u00e1nea UV y efecto a largo plazo POSIDERM. Control del proceso en funci\u00f3n de la temperatura dos unidades de tratamiento UV dos unidades de ionizaci\u00f3n electrodos de alta calidad Control integrado de la bomba del filtro de hasta 1,5 [&hellip;]<\/p>\n","protected":false},"author":1,"featured_media":0,"parent":2001,"menu_order":0,"comment_status":"closed","ping_status":"closed","template":"","meta":{"footnotes":""},"class_list":["post-2008","page","type-page","status-publish","hentry"],"yoast_head":"<!-- This site is optimized with the Yoast SEO plugin v24.8.1 - https:\/\/yoast.com\/wordpress\/plugins\/seo\/ -->\n<title>ECO +2-130 - UVION - Por fin. Sin cloro. Sin l\u00e1grimas.<\/title>\n<meta name=\"robots\" content=\"noindex, follow, max-snippet:-1, max-image-preview:large, max-video-preview:-1\" \/>\n<meta property=\"og:locale\" content=\"es_ES\" \/>\n<meta property=\"og:type\" content=\"article\" \/>\n<meta property=\"og:title\" content=\"ECO +2-130 - UVION - Por fin. Sin cloro. Sin l\u00e1grimas.\" \/>\n<meta property=\"og:description\" content=\"Sistema de tratamiento del agua sin cloro para piscinas de hasta 130 m\u00b3. Combinaci\u00f3n de desinfecci\u00f3n instant\u00e1nea UV y efecto a largo plazo POSIDERM. Control del proceso en funci\u00f3n de la temperatura dos unidades de tratamiento UV dos unidades de ionizaci\u00f3n electrodos de alta calidad Control integrado de la bomba del filtro de hasta 1,5 [&hellip;]\" \/>\n<meta property=\"og:url\" content=\"https:\/\/www.uvion.com\/es\/productos\/productos-informacion\/eco-2-130\/\" \/>\n<meta property=\"og:site_name\" content=\"UVION - Por fin. Sin cloro. Sin l\u00e1grimas.\" \/>\n<meta property=\"article:modified_time\" content=\"2023-09-07T09:59:42+00:00\" \/>\n<meta property=\"og:image\" content=\"https:\/\/uvion2.aquatec.sharpness.de\/wp-content\/uploads\/2023\/02\/eco_165x338_130neu.jpg\" \/>\n<meta name=\"twitter:card\" content=\"summary_large_image\" \/>\n<script type=\"application\/ld+json\" class=\"yoast-schema-graph\">{\"@context\":\"https:\/\/schema.org\",\"@graph\":[{\"@type\":\"WebPage\",\"@id\":\"https:\/\/www.uvion.com\/es\/productos\/productos-informacion\/eco-2-130\/\",\"url\":\"https:\/\/www.uvion.com\/es\/productos\/productos-informacion\/eco-2-130\/\",\"name\":\"ECO +2-130 - UVION - Por fin. Sin cloro. Sin l\u00e1grimas.\",\"isPartOf\":{\"@id\":\"https:\/\/www.uvion.com\/es\/#website\"},\"primaryImageOfPage\":{\"@id\":\"https:\/\/www.uvion.com\/es\/productos\/productos-informacion\/eco-2-130\/#primaryimage\"},\"image\":{\"@id\":\"https:\/\/www.uvion.com\/es\/productos\/productos-informacion\/eco-2-130\/#primaryimage\"},\"thumbnailUrl\":\"https:\/\/uvion2.aquatec.sharpness.de\/wp-content\/uploads\/2023\/02\/eco_165x338_130neu.jpg\",\"datePublished\":\"2023-02-03T14:46:19+00:00\",\"dateModified\":\"2023-09-07T09:59:42+00:00\",\"breadcrumb\":{\"@id\":\"https:\/\/www.uvion.com\/es\/productos\/productos-informacion\/eco-2-130\/#breadcrumb\"},\"inLanguage\":\"es\",\"potentialAction\":[{\"@type\":\"ReadAction\",\"target\":[\"https:\/\/www.uvion.com\/es\/productos\/productos-informacion\/eco-2-130\/\"]}]},{\"@type\":\"ImageObject\",\"inLanguage\":\"es\",\"@id\":\"https:\/\/www.uvion.com\/es\/productos\/productos-informacion\/eco-2-130\/#primaryimage\",\"url\":\"https:\/\/uvion2.aquatec.sharpness.de\/wp-content\/uploads\/2023\/02\/eco_165x338_130neu.jpg\",\"contentUrl\":\"https:\/\/uvion2.aquatec.sharpness.de\/wp-content\/uploads\/2023\/02\/eco_165x338_130neu.jpg\"},{\"@type\":\"BreadcrumbList\",\"@id\":\"https:\/\/www.uvion.com\/es\/productos\/productos-informacion\/eco-2-130\/#breadcrumb\",\"itemListElement\":[{\"@type\":\"ListItem\",\"position\":1,\"name\":\"Startseite\",\"item\":\"https:\/\/www.uvion.com\/es\/\"},{\"@type\":\"ListItem\",\"position\":2,\"name\":\"Productos\",\"item\":\"https:\/\/www.uvion.com\/es\/produkte\/\"},{\"@type\":\"ListItem\",\"position\":3,\"name\":\"Productos &#8211; Informaci\u00f3n\",\"item\":\"https:\/\/www.uvion.com\/es\/produkte\/produkte-infos\/\"},{\"@type\":\"ListItem\",\"position\":4,\"name\":\"ECO +2-130\"}]},{\"@type\":\"WebSite\",\"@id\":\"https:\/\/www.uvion.com\/es\/#website\",\"url\":\"https:\/\/www.uvion.com\/es\/\",\"name\":\"UVION - Por fin. Sin cloro. Sin l\u00e1grimas.\",\"description\":\"\u00d6ffnen Sie Ihre Augen in kristallklarem Wasser.\",\"publisher\":{\"@id\":\"https:\/\/www.uvion.com\/es\/#organization\"},\"potentialAction\":[{\"@type\":\"SearchAction\",\"target\":{\"@type\":\"EntryPoint\",\"urlTemplate\":\"https:\/\/www.uvion.com\/es\/?s={search_term_string}\"},\"query-input\":{\"@type\":\"PropertyValueSpecification\",\"valueRequired\":true,\"valueName\":\"search_term_string\"}}],\"inLanguage\":\"es\"},{\"@type\":\"Organization\",\"@id\":\"https:\/\/www.uvion.com\/es\/#organization\",\"name\":\"UVION\",\"url\":\"https:\/\/www.uvion.com\/es\/\",\"logo\":{\"@type\":\"ImageObject\",\"inLanguage\":\"es\",\"@id\":\"https:\/\/www.uvion.com\/es\/#\/schema\/logo\/image\/\",\"url\":\"https:\/\/www.uvion.com\/wp-content\/uploads\/2023\/01\/logo-uvion-web.png\",\"contentUrl\":\"https:\/\/www.uvion.com\/wp-content\/uploads\/2023\/01\/logo-uvion-web.png\",\"width\":293,\"height\":119,\"caption\":\"UVION\"},\"image\":{\"@id\":\"https:\/\/www.uvion.com\/es\/#\/schema\/logo\/image\/\"}}]}<\/script>\n<!-- \/ Yoast SEO plugin. -->","yoast_head_json":{"title":"ECO +2-130 - UVION - Por fin. Sin cloro. Sin l\u00e1grimas.","robots":{"index":"noindex","follow":"follow","max-snippet":"max-snippet:-1","max-image-preview":"max-image-preview:large","max-video-preview":"max-video-preview:-1"},"og_locale":"es_ES","og_type":"article","og_title":"ECO +2-130 - UVION - Por fin. Sin cloro. Sin l\u00e1grimas.","og_description":"Sistema de tratamiento del agua sin cloro para piscinas de hasta 130 m\u00b3. Combinaci\u00f3n de desinfecci\u00f3n instant\u00e1nea UV y efecto a largo plazo POSIDERM. Control del proceso en funci\u00f3n de la temperatura dos unidades de tratamiento UV dos unidades de ionizaci\u00f3n electrodos de alta calidad Control integrado de la bomba del filtro de hasta 1,5 [&hellip;]","og_url":"https:\/\/www.uvion.com\/es\/productos\/productos-informacion\/eco-2-130\/","og_site_name":"UVION - Por fin. Sin cloro. Sin l\u00e1grimas.","article_modified_time":"2023-09-07T09:59:42+00:00","og_image":[{"url":"https:\/\/uvion2.aquatec.sharpness.de\/wp-content\/uploads\/2023\/02\/eco_165x338_130neu.jpg","type":"","width":"","height":""}],"twitter_card":"summary_large_image","schema":{"@context":"https:\/\/schema.org","@graph":[{"@type":"WebPage","@id":"https:\/\/www.uvion.com\/es\/productos\/productos-informacion\/eco-2-130\/","url":"https:\/\/www.uvion.com\/es\/productos\/productos-informacion\/eco-2-130\/","name":"ECO +2-130 - UVION - Por fin. Sin cloro. Sin l\u00e1grimas.","isPartOf":{"@id":"https:\/\/www.uvion.com\/es\/#website"},"primaryImageOfPage":{"@id":"https:\/\/www.uvion.com\/es\/productos\/productos-informacion\/eco-2-130\/#primaryimage"},"image":{"@id":"https:\/\/www.uvion.com\/es\/productos\/productos-informacion\/eco-2-130\/#primaryimage"},"thumbnailUrl":"https:\/\/uvion2.aquatec.sharpness.de\/wp-content\/uploads\/2023\/02\/eco_165x338_130neu.jpg","datePublished":"2023-02-03T14:46:19+00:00","dateModified":"2023-09-07T09:59:42+00:00","breadcrumb":{"@id":"https:\/\/www.uvion.com\/es\/productos\/productos-informacion\/eco-2-130\/#breadcrumb"},"inLanguage":"es","potentialAction":[{"@type":"ReadAction","target":["https:\/\/www.uvion.com\/es\/productos\/productos-informacion\/eco-2-130\/"]}]},{"@type":"ImageObject","inLanguage":"es","@id":"https:\/\/www.uvion.com\/es\/productos\/productos-informacion\/eco-2-130\/#primaryimage","url":"https:\/\/uvion2.aquatec.sharpness.de\/wp-content\/uploads\/2023\/02\/eco_165x338_130neu.jpg","contentUrl":"https:\/\/uvion2.aquatec.sharpness.de\/wp-content\/uploads\/2023\/02\/eco_165x338_130neu.jpg"},{"@type":"BreadcrumbList","@id":"https:\/\/www.uvion.com\/es\/productos\/productos-informacion\/eco-2-130\/#breadcrumb","itemListElement":[{"@type":"ListItem","position":1,"name":"Startseite","item":"https:\/\/www.uvion.com\/es\/"},{"@type":"ListItem","position":2,"name":"Productos","item":"https:\/\/www.uvion.com\/es\/produkte\/"},{"@type":"ListItem","position":3,"name":"Productos &#8211; Informaci\u00f3n","item":"https:\/\/www.uvion.com\/es\/produkte\/produkte-infos\/"},{"@type":"ListItem","position":4,"name":"ECO +2-130"}]},{"@type":"WebSite","@id":"https:\/\/www.uvion.com\/es\/#website","url":"https:\/\/www.uvion.com\/es\/","name":"UVION - Por fin. Sin cloro. Sin l\u00e1grimas.","description":"\u00d6ffnen Sie Ihre Augen in kristallklarem Wasser.","publisher":{"@id":"https:\/\/www.uvion.com\/es\/#organization"},"potentialAction":[{"@type":"SearchAction","target":{"@type":"EntryPoint","urlTemplate":"https:\/\/www.uvion.com\/es\/?s={search_term_string}"},"query-input":{"@type":"PropertyValueSpecification","valueRequired":true,"valueName":"search_term_string"}}],"inLanguage":"es"},{"@type":"Organization","@id":"https:\/\/www.uvion.com\/es\/#organization","name":"UVION","url":"https:\/\/www.uvion.com\/es\/","logo":{"@type":"ImageObject","inLanguage":"es","@id":"https:\/\/www.uvion.com\/es\/#\/schema\/logo\/image\/","url":"https:\/\/www.uvion.com\/wp-content\/uploads\/2023\/01\/logo-uvion-web.png","contentUrl":"https:\/\/www.uvion.com\/wp-content\/uploads\/2023\/01\/logo-uvion-web.png","width":293,"height":119,"caption":"UVION"},"image":{"@id":"https:\/\/www.uvion.com\/es\/#\/schema\/logo\/image\/"}}]}},"_links":{"self":[{"href":"https:\/\/www.uvion.com\/es\/wp-json\/wp\/v2\/pages\/2008","targetHints":{"allow":["GET"]}}],"collection":[{"href":"https:\/\/www.uvion.com\/es\/wp-json\/wp\/v2\/pages"}],"about":[{"href":"https:\/\/www.uvion.com\/es\/wp-json\/wp\/v2\/types\/page"}],"author":[{"embeddable":true,"href":"https:\/\/www.uvion.com\/es\/wp-json\/wp\/v2\/users\/1"}],"replies":[{"embeddable":true,"href":"https:\/\/www.uvion.com\/es\/wp-json\/wp\/v2\/comments?post=2008"}],"version-history":[{"count":1,"href":"https:\/\/www.uvion.com\/es\/wp-json\/wp\/v2\/pages\/2008\/revisions"}],"predecessor-version":[{"id":2015,"href":"https:\/\/www.uvion.com\/es\/wp-json\/wp\/v2\/pages\/2008\/revisions\/2015"}],"up":[{"embeddable":true,"href":"https:\/\/www.uvion.com\/es\/wp-json\/wp\/v2\/pages\/2001"}],"wp:attachment":[{"href":"https:\/\/www.uvion.com\/es\/wp-json\/wp\/v2\/media?parent=2008"}],"curies":[{"name":"wp","href":"https:\/\/api.w.org\/{rel}","templated":true}]}}