{"id":2001,"date":"2023-01-31T13:03:25","date_gmt":"2023-01-31T12:03:25","guid":{"rendered":"https:\/\/uvion2.aquatec.sharpness.de\/productos-informacion\/"},"modified":"2023-09-07T11:59:42","modified_gmt":"2023-09-07T09:59:42","slug":"productos-informacion","status":"publish","type":"page","link":"https:\/\/www.uvion.com\/es\/productos\/productos-informacion\/","title":{"rendered":"Productos &#8211; Informaci\u00f3n"},"content":{"rendered":"\t\t<div data-elementor-type=\"wp-page\" data-elementor-id=\"2001\" class=\"elementor elementor-2001 elementor-183\" data-elementor-post-type=\"page\">\n\t\t\t\t\t\t<section class=\"elementor-section elementor-top-section elementor-element elementor-element-281e5b3 elementor-section-boxed elementor-section-height-default elementor-section-height-default\" data-id=\"281e5b3\" data-element_type=\"section\">\n\t\t\t\t\t\t<div class=\"elementor-container elementor-column-gap-default\">\n\t\t\t\t\t<div class=\"elementor-column elementor-col-100 elementor-top-column elementor-element elementor-element-3f18f96\" data-id=\"3f18f96\" data-element_type=\"column\">\n\t\t\t<div class=\"elementor-widget-wrap elementor-element-populated\">\n\t\t\t\t\t\t<section class=\"elementor-section elementor-inner-section elementor-element elementor-element-96a0600 elementor-section-boxed elementor-section-height-default elementor-section-height-default\" data-id=\"96a0600\" data-element_type=\"section\">\n\t\t\t\t\t\t<div class=\"elementor-container elementor-column-gap-default\">\n\t\t\t\t\t<div class=\"elementor-column elementor-col-33 elementor-inner-column elementor-element elementor-element-bcf1f30\" data-id=\"bcf1f30\" data-element_type=\"column\">\n\t\t\t<div class=\"elementor-widget-wrap elementor-element-populated\">\n\t\t\t\t\t\t<div class=\"elementor-element elementor-element-65636cb elementor-widget elementor-widget-image\" data-id=\"65636cb\" data-element_type=\"widget\" data-widget_type=\"image.default\">\n\t\t\t\t<div class=\"elementor-widget-container\">\n\t\t\t\t\t\t\t\t\t\t\t\t\t\t\t<img fetchpriority=\"high\" decoding=\"async\" width=\"750\" height=\"488\" src=\"https:\/\/www.uvion.com\/wp-content\/uploads\/2023\/02\/tipp-pool.jpg\" class=\"attachment-large size-large wp-image-258\" alt=\"\" srcset=\"https:\/\/www.uvion.com\/wp-content\/uploads\/2023\/02\/tipp-pool.jpg 750w, https:\/\/www.uvion.com\/wp-content\/uploads\/2023\/02\/tipp-pool-300x195.jpg 300w\" sizes=\"(max-width: 750px) 100vw, 750px\" \/>\t\t\t\t\t\t\t\t\t\t\t\t\t\t\t<\/div>\n\t\t\t\t<\/div>\n\t\t\t\t\t<\/div>\n\t\t<\/div>\n\t\t\t\t<div class=\"elementor-column elementor-col-66 elementor-inner-column elementor-element elementor-element-7bb9ef0\" data-id=\"7bb9ef0\" data-element_type=\"column\">\n\t\t\t<div class=\"elementor-widget-wrap elementor-element-populated\">\n\t\t\t\t\t\t<div class=\"elementor-element elementor-element-d35bf27 elementor-widget elementor-widget-text-editor\" data-id=\"d35bf27\" data-element_type=\"widget\" data-widget_type=\"text-editor.default\">\n\t\t\t\t<div class=\"elementor-widget-container\">\n\t\t\t\t\t\t\t\t\t<div id=\"content_right_head\"><img decoding=\"async\" src=\"https:\/\/uvion.de\/pics\/Abstandhalter.gif\" alt=\"\" width=\"1\" height=\"1\">En la actualidad, m\u00e1s del 90% de las piscinas se siguen desinfectando con cloro.<\/div>\n<div id=\"content_right\">\n<p>Eficaz, pero \u00bfcu\u00e1ntos riesgos y efectos secundarios aceptan sus clientes por ello?<\/p>\n<ul>\n<li>Manipulaci\u00f3n de productos qu\u00edmicos peligrosos<\/li>\n<li>Peligro de sobredosis<\/li>\n<li>Irritaciones cut\u00e1neas y alergias<\/li>\n<li>Ojos llorosos<\/li>\n<li>molesto olor a cloro<\/li>\n<li>Corrosi\u00f3n en los componentes<\/li>\n<\/ul>\n<p>El ionizador UV funciona con 230 voltios y consta de un reactor UV, una c\u00e1mara ionizadora transparente, un ordenador integrado con pantalla multil\u00ednea iluminada y un sensor de temperatura. Todos los componentes est\u00e1n ya premontados en una placa de montaje.<\/p>\n<p>Las dimensiones de la placa base son A\/H 55 x 105 cm. El peso total es de 20 kg. El ionizador UV est\u00e1 listo para enchufar y s\u00f3lo es necesario montarlo verticalmente en la pared o en un soporte adecuado. Se ofrece como opci\u00f3n una unidad de medici\u00f3n y regulaci\u00f3n del pH, que se fija a la placa base y se conecta el\u00e9ctricamente.<\/p>\n<p>La sofisticada electr\u00f3nica de UVion se encarga del complejo control de todos los procesos de funcionamiento de la piscina y emite avisos y datos de medici\u00f3n en texto plano en el idioma nacional preconfigurado. La integraci\u00f3n del control de la bomba le permite establecer hasta tres ciclos de limpieza diferentes.<\/p>\n<p>Paralelamente a la l\u00e1mpara UV, se enciende la ionizaci\u00f3n, que libera iones libres en el agua. Debido a un cambio constante de polaridad, los electrodos se consumen uniformemente. Al igual que la l\u00e1mpara UV, su durabilidad depende del uso y dura de 2 a 3 temporadas de ba\u00f1o.<\/p>\n<p>Adem\u00e1s, la corriente ionizante del \u00abionizador UV\u00bb se regula en funci\u00f3n de la temperatura del agua. Esto significa que a temperaturas del agua m\u00e1s altas y con un crecimiento elevado de los g\u00e9rmenes, se liberan m\u00e1s iones que a temperaturas del agua m\u00e1s bajas.<\/p>\n<p>Este control autom\u00e1tico de los par\u00e1metros dependientes del proceso es una ventaja competitiva de la tecnolog\u00eda de UVion porque contrarresta la dosificaci\u00f3n excesiva o insuficiente de iones. Si se se\u00f1ala un error en la unidad de control electr\u00f3nico, puede leer los posibles errores directamente a trav\u00e9s de la informaci\u00f3n del men\u00fa e investigar la fuente de error correspondiente. El incumplimiento del valor de pH se se\u00f1ala mediante un mensaje de error, al igual que el cumplimiento del valor. Por lo tanto, el valor del pH se almacena en el men\u00fa despu\u00e9s del intervalo de mantenimiento.<\/p>\n<\/div>\n\t\t\t\t\t\t\t\t<\/div>\n\t\t\t\t<\/div>\n\t\t\t\t\t<\/div>\n\t\t<\/div>\n\t\t\t\t\t<\/div>\n\t\t<\/section>\n\t\t\t\t\t<\/div>\n\t\t<\/div>\n\t\t\t\t\t<\/div>\n\t\t<\/section>\n\t\t\t\t<\/div>\n\t\t","protected":false},"excerpt":{"rendered":"<p>En la actualidad, m\u00e1s del 90% de las piscinas se siguen desinfectando con cloro. Eficaz, pero \u00bfcu\u00e1ntos riesgos y efectos secundarios aceptan sus clientes por ello? Manipulaci\u00f3n de productos qu\u00edmicos peligrosos Peligro de sobredosis Irritaciones cut\u00e1neas y alergias Ojos llorosos molesto olor a cloro Corrosi\u00f3n en los componentes El ionizador UV funciona con 230 voltios [&hellip;]<\/p>\n","protected":false},"author":1,"featured_media":0,"parent":2039,"menu_order":0,"comment_status":"closed","ping_status":"closed","template":"","meta":{"footnotes":""},"class_list":["post-2001","page","type-page","status-publish","hentry"],"yoast_head":"<!-- This site is optimized with the Yoast SEO plugin v24.8.1 - https:\/\/yoast.com\/wordpress\/plugins\/seo\/ -->\n<title>Productos - Informaci\u00f3n - UVION - Por fin. Sin cloro. Sin l\u00e1grimas.<\/title>\n<meta name=\"robots\" content=\"noindex, follow, max-snippet:-1, max-image-preview:large, max-video-preview:-1\" \/>\n<meta property=\"og:locale\" content=\"es_ES\" \/>\n<meta property=\"og:type\" content=\"article\" \/>\n<meta property=\"og:title\" content=\"Productos - Informaci\u00f3n - UVION - Por fin. Sin cloro. Sin l\u00e1grimas.\" \/>\n<meta property=\"og:description\" content=\"En la actualidad, m\u00e1s del 90% de las piscinas se siguen desinfectando con cloro. Eficaz, pero \u00bfcu\u00e1ntos riesgos y efectos secundarios aceptan sus clientes por ello? Manipulaci\u00f3n de productos qu\u00edmicos peligrosos Peligro de sobredosis Irritaciones cut\u00e1neas y alergias Ojos llorosos molesto olor a cloro Corrosi\u00f3n en los componentes El ionizador UV funciona con 230 voltios [&hellip;]\" \/>\n<meta property=\"og:url\" content=\"https:\/\/www.uvion.com\/es\/productos\/productos-informacion\/\" \/>\n<meta property=\"og:site_name\" content=\"UVION - Por fin. Sin cloro. Sin l\u00e1grimas.\" \/>\n<meta property=\"article:modified_time\" content=\"2023-09-07T09:59:42+00:00\" \/>\n<meta property=\"og:image\" content=\"https:\/\/uvion2.aquatec.sharpness.de\/wp-content\/uploads\/2023\/02\/tipp-pool.jpg\" \/>\n<meta name=\"twitter:card\" content=\"summary_large_image\" \/>\n<meta name=\"twitter:label1\" content=\"Tiempo de lectura\" \/>\n\t<meta name=\"twitter:data1\" content=\"2 minutos\" \/>\n<script type=\"application\/ld+json\" class=\"yoast-schema-graph\">{\"@context\":\"https:\/\/schema.org\",\"@graph\":[{\"@type\":\"WebPage\",\"@id\":\"https:\/\/www.uvion.com\/es\/productos\/productos-informacion\/\",\"url\":\"https:\/\/www.uvion.com\/es\/productos\/productos-informacion\/\",\"name\":\"Productos - Informaci\u00f3n - UVION - Por fin. Sin cloro. Sin l\u00e1grimas.\",\"isPartOf\":{\"@id\":\"https:\/\/www.uvion.com\/es\/#website\"},\"primaryImageOfPage\":{\"@id\":\"https:\/\/www.uvion.com\/es\/productos\/productos-informacion\/#primaryimage\"},\"image\":{\"@id\":\"https:\/\/www.uvion.com\/es\/productos\/productos-informacion\/#primaryimage\"},\"thumbnailUrl\":\"https:\/\/uvion2.aquatec.sharpness.de\/wp-content\/uploads\/2023\/02\/tipp-pool.jpg\",\"datePublished\":\"2023-01-31T12:03:25+00:00\",\"dateModified\":\"2023-09-07T09:59:42+00:00\",\"breadcrumb\":{\"@id\":\"https:\/\/www.uvion.com\/es\/productos\/productos-informacion\/#breadcrumb\"},\"inLanguage\":\"es\",\"potentialAction\":[{\"@type\":\"ReadAction\",\"target\":[\"https:\/\/www.uvion.com\/es\/productos\/productos-informacion\/\"]}]},{\"@type\":\"ImageObject\",\"inLanguage\":\"es\",\"@id\":\"https:\/\/www.uvion.com\/es\/productos\/productos-informacion\/#primaryimage\",\"url\":\"https:\/\/uvion2.aquatec.sharpness.de\/wp-content\/uploads\/2023\/02\/tipp-pool.jpg\",\"contentUrl\":\"https:\/\/uvion2.aquatec.sharpness.de\/wp-content\/uploads\/2023\/02\/tipp-pool.jpg\"},{\"@type\":\"BreadcrumbList\",\"@id\":\"https:\/\/www.uvion.com\/es\/productos\/productos-informacion\/#breadcrumb\",\"itemListElement\":[{\"@type\":\"ListItem\",\"position\":1,\"name\":\"Startseite\",\"item\":\"https:\/\/www.uvion.com\/es\/\"},{\"@type\":\"ListItem\",\"position\":2,\"name\":\"Productos\",\"item\":\"https:\/\/www.uvion.com\/es\/produkte\/\"},{\"@type\":\"ListItem\",\"position\":3,\"name\":\"Productos &#8211; Informaci\u00f3n\"}]},{\"@type\":\"WebSite\",\"@id\":\"https:\/\/www.uvion.com\/es\/#website\",\"url\":\"https:\/\/www.uvion.com\/es\/\",\"name\":\"UVION - Por fin. Sin cloro. Sin l\u00e1grimas.\",\"description\":\"\u00d6ffnen Sie Ihre Augen in kristallklarem Wasser.\",\"publisher\":{\"@id\":\"https:\/\/www.uvion.com\/es\/#organization\"},\"potentialAction\":[{\"@type\":\"SearchAction\",\"target\":{\"@type\":\"EntryPoint\",\"urlTemplate\":\"https:\/\/www.uvion.com\/es\/?s={search_term_string}\"},\"query-input\":{\"@type\":\"PropertyValueSpecification\",\"valueRequired\":true,\"valueName\":\"search_term_string\"}}],\"inLanguage\":\"es\"},{\"@type\":\"Organization\",\"@id\":\"https:\/\/www.uvion.com\/es\/#organization\",\"name\":\"UVION\",\"url\":\"https:\/\/www.uvion.com\/es\/\",\"logo\":{\"@type\":\"ImageObject\",\"inLanguage\":\"es\",\"@id\":\"https:\/\/www.uvion.com\/es\/#\/schema\/logo\/image\/\",\"url\":\"https:\/\/www.uvion.com\/wp-content\/uploads\/2023\/01\/logo-uvion-web.png\",\"contentUrl\":\"https:\/\/www.uvion.com\/wp-content\/uploads\/2023\/01\/logo-uvion-web.png\",\"width\":293,\"height\":119,\"caption\":\"UVION\"},\"image\":{\"@id\":\"https:\/\/www.uvion.com\/es\/#\/schema\/logo\/image\/\"}}]}<\/script>\n<!-- \/ Yoast SEO plugin. -->","yoast_head_json":{"title":"Productos - Informaci\u00f3n - UVION - Por fin. Sin cloro. Sin l\u00e1grimas.","robots":{"index":"noindex","follow":"follow","max-snippet":"max-snippet:-1","max-image-preview":"max-image-preview:large","max-video-preview":"max-video-preview:-1"},"og_locale":"es_ES","og_type":"article","og_title":"Productos - Informaci\u00f3n - UVION - Por fin. Sin cloro. Sin l\u00e1grimas.","og_description":"En la actualidad, m\u00e1s del 90% de las piscinas se siguen desinfectando con cloro. Eficaz, pero \u00bfcu\u00e1ntos riesgos y efectos secundarios aceptan sus clientes por ello? Manipulaci\u00f3n de productos qu\u00edmicos peligrosos Peligro de sobredosis Irritaciones cut\u00e1neas y alergias Ojos llorosos molesto olor a cloro Corrosi\u00f3n en los componentes El ionizador UV funciona con 230 voltios [&hellip;]","og_url":"https:\/\/www.uvion.com\/es\/productos\/productos-informacion\/","og_site_name":"UVION - Por fin. Sin cloro. Sin l\u00e1grimas.","article_modified_time":"2023-09-07T09:59:42+00:00","og_image":[{"url":"https:\/\/uvion2.aquatec.sharpness.de\/wp-content\/uploads\/2023\/02\/tipp-pool.jpg","type":"","width":"","height":""}],"twitter_card":"summary_large_image","twitter_misc":{"Tiempo de lectura":"2 minutos"},"schema":{"@context":"https:\/\/schema.org","@graph":[{"@type":"WebPage","@id":"https:\/\/www.uvion.com\/es\/productos\/productos-informacion\/","url":"https:\/\/www.uvion.com\/es\/productos\/productos-informacion\/","name":"Productos - Informaci\u00f3n - UVION - Por fin. Sin cloro. Sin l\u00e1grimas.","isPartOf":{"@id":"https:\/\/www.uvion.com\/es\/#website"},"primaryImageOfPage":{"@id":"https:\/\/www.uvion.com\/es\/productos\/productos-informacion\/#primaryimage"},"image":{"@id":"https:\/\/www.uvion.com\/es\/productos\/productos-informacion\/#primaryimage"},"thumbnailUrl":"https:\/\/uvion2.aquatec.sharpness.de\/wp-content\/uploads\/2023\/02\/tipp-pool.jpg","datePublished":"2023-01-31T12:03:25+00:00","dateModified":"2023-09-07T09:59:42+00:00","breadcrumb":{"@id":"https:\/\/www.uvion.com\/es\/productos\/productos-informacion\/#breadcrumb"},"inLanguage":"es","potentialAction":[{"@type":"ReadAction","target":["https:\/\/www.uvion.com\/es\/productos\/productos-informacion\/"]}]},{"@type":"ImageObject","inLanguage":"es","@id":"https:\/\/www.uvion.com\/es\/productos\/productos-informacion\/#primaryimage","url":"https:\/\/uvion2.aquatec.sharpness.de\/wp-content\/uploads\/2023\/02\/tipp-pool.jpg","contentUrl":"https:\/\/uvion2.aquatec.sharpness.de\/wp-content\/uploads\/2023\/02\/tipp-pool.jpg"},{"@type":"BreadcrumbList","@id":"https:\/\/www.uvion.com\/es\/productos\/productos-informacion\/#breadcrumb","itemListElement":[{"@type":"ListItem","position":1,"name":"Startseite","item":"https:\/\/www.uvion.com\/es\/"},{"@type":"ListItem","position":2,"name":"Productos","item":"https:\/\/www.uvion.com\/es\/produkte\/"},{"@type":"ListItem","position":3,"name":"Productos &#8211; Informaci\u00f3n"}]},{"@type":"WebSite","@id":"https:\/\/www.uvion.com\/es\/#website","url":"https:\/\/www.uvion.com\/es\/","name":"UVION - Por fin. Sin cloro. Sin l\u00e1grimas.","description":"\u00d6ffnen Sie Ihre Augen in kristallklarem Wasser.","publisher":{"@id":"https:\/\/www.uvion.com\/es\/#organization"},"potentialAction":[{"@type":"SearchAction","target":{"@type":"EntryPoint","urlTemplate":"https:\/\/www.uvion.com\/es\/?s={search_term_string}"},"query-input":{"@type":"PropertyValueSpecification","valueRequired":true,"valueName":"search_term_string"}}],"inLanguage":"es"},{"@type":"Organization","@id":"https:\/\/www.uvion.com\/es\/#organization","name":"UVION","url":"https:\/\/www.uvion.com\/es\/","logo":{"@type":"ImageObject","inLanguage":"es","@id":"https:\/\/www.uvion.com\/es\/#\/schema\/logo\/image\/","url":"https:\/\/www.uvion.com\/wp-content\/uploads\/2023\/01\/logo-uvion-web.png","contentUrl":"https:\/\/www.uvion.com\/wp-content\/uploads\/2023\/01\/logo-uvion-web.png","width":293,"height":119,"caption":"UVION"},"image":{"@id":"https:\/\/www.uvion.com\/es\/#\/schema\/logo\/image\/"}}]}},"_links":{"self":[{"href":"https:\/\/www.uvion.com\/es\/wp-json\/wp\/v2\/pages\/2001","targetHints":{"allow":["GET"]}}],"collection":[{"href":"https:\/\/www.uvion.com\/es\/wp-json\/wp\/v2\/pages"}],"about":[{"href":"https:\/\/www.uvion.com\/es\/wp-json\/wp\/v2\/types\/page"}],"author":[{"embeddable":true,"href":"https:\/\/www.uvion.com\/es\/wp-json\/wp\/v2\/users\/1"}],"replies":[{"embeddable":true,"href":"https:\/\/www.uvion.com\/es\/wp-json\/wp\/v2\/comments?post=2001"}],"version-history":[{"count":1,"href":"https:\/\/www.uvion.com\/es\/wp-json\/wp\/v2\/pages\/2001\/revisions"}],"predecessor-version":[{"id":2003,"href":"https:\/\/www.uvion.com\/es\/wp-json\/wp\/v2\/pages\/2001\/revisions\/2003"}],"up":[{"embeddable":true,"href":"https:\/\/www.uvion.com\/es\/wp-json\/wp\/v2\/pages\/2039"}],"wp:attachment":[{"href":"https:\/\/www.uvion.com\/es\/wp-json\/wp\/v2\/media?parent=2001"}],"curies":[{"name":"wp","href":"https:\/\/api.w.org\/{rel}","templated":true}]}}