{"id":1978,"date":"2023-02-07T16:39:50","date_gmt":"2023-02-07T15:39:50","guid":{"rendered":"https:\/\/uvion2.aquatec.sharpness.de\/procedimiento\/modo-de-accion\/"},"modified":"2023-09-07T11:58:03","modified_gmt":"2023-09-07T09:58:03","slug":"modo-de-accion","status":"publish","type":"page","link":"https:\/\/www.uvion.com\/es\/procedimiento\/modo-de-accion\/","title":{"rendered":"Modo de acci\u00f3n"},"content":{"rendered":"\t\t<div data-elementor-type=\"wp-page\" data-elementor-id=\"1978\" class=\"elementor elementor-1978 elementor-310\" data-elementor-post-type=\"page\">\n\t\t\t\t\t\t<section class=\"elementor-section elementor-top-section elementor-element elementor-element-0d0f358 elementor-section-boxed elementor-section-height-default elementor-section-height-default\" data-id=\"0d0f358\" data-element_type=\"section\">\n\t\t\t\t\t\t<div class=\"elementor-container elementor-column-gap-default\">\n\t\t\t\t\t<div class=\"elementor-column elementor-col-33 elementor-top-column elementor-element elementor-element-8953bc8\" data-id=\"8953bc8\" data-element_type=\"column\">\n\t\t\t<div class=\"elementor-widget-wrap\">\n\t\t\t\t\t\t\t<\/div>\n\t\t<\/div>\n\t\t\t\t<div class=\"elementor-column elementor-col-66 elementor-top-column elementor-element elementor-element-bcce2e5\" data-id=\"bcce2e5\" data-element_type=\"column\">\n\t\t\t<div class=\"elementor-widget-wrap elementor-element-populated\">\n\t\t\t\t\t\t<div class=\"elementor-element elementor-element-ff6794f elementor-widget elementor-widget-text-editor\" data-id=\"ff6794f\" data-element_type=\"widget\" data-widget_type=\"text-editor.default\">\n\t\t\t\t<div class=\"elementor-widget-container\">\n\t\t\t\t\t\t\t\t\t<p><strong>Breve introducci\u00f3n al cuidado del agua para no profesionales<\/strong><\/p>\n<p>En todas las piscinas entran constantemente bacterias, virus y otros agentes pat\u00f3genos a trav\u00e9s del medio ambiente o de los ba\u00f1istas. Estos g\u00e9rmenes se multiplican permanentemente mediante la divisi\u00f3n celular. Adem\u00e1s, existen diversas algas que se producen en el agua por la luz solar. Cuanto m\u00e1s caliente est\u00e1 el agua, m\u00e1s r\u00e1pido crece el n\u00famero de estas plagas. En verano, bastan unos d\u00edas para que una piscina reci\u00e9n instalada se vuelva completamente verde debido a las algas y los g\u00e9rmenes.<\/p>\n<p>Para evitarlo, se suelen utilizar sustancias qu\u00edmicas, por ejemplo cloro para destruir estos g\u00e9rmenes. El cloro tiene la ventaja de que act\u00faa r\u00e1pidamente debido a su alto efecto oxidante. La desventaja del cloro es que cuando los pat\u00f3genos se queman, se forman productos de degradaci\u00f3n del cloro que, por un lado, causan el conocido y desagradable olor y, por otro, tambi\u00e9n provocan reacciones en los humanos, que causan el enrojecimiento de los ojos o picores en la piel. Se sospecha que estas llamadas cloraminas son cancer\u00edgenas. El n\u00famero cada vez mayor de al\u00e9rgicos, especialmente entre los ni\u00f1os, hace que desarrollen graves erupciones cut\u00e1neas en una piscina clorada. Adem\u00e1s, el elevado efecto de oxidaci\u00f3n del cloro provoca la oxidaci\u00f3n de los componentes de la piscina y la decoloraci\u00f3n de los colores. El cloro tiene la desventaja adicional de que se escapa al medio ambiente a trav\u00e9s de la luz solar. Esto significa que en un d\u00eda muy soleado, el cloro desaparece literalmente en el aire. Debido a la combusti\u00f3n de los pat\u00f3genos y las algas y a las p\u00e9rdidas por el aire, hay que a\u00f1adir cloro una y otra vez. Esto provoca costes permanentes.<\/p>\n<p><strong>Resumen:<\/strong> Cuanto m\u00e1s se ba\u00f1e y m\u00e1s caliente est\u00e9 el agua, m\u00e1s consumo de cloro y m\u00e1s productos nocivos de la degradaci\u00f3n del cloro (cloraminas).<\/p>\n<p><strong>\u00bfC\u00f3mo funciona el procedimiento UVION?<\/strong><\/p>\n<p>Como en cualquier piscina, la llamada bomba de filtraci\u00f3n aspira el agua de la piscina y la devuelve al interior a trav\u00e9s de un filtro (normalmente lleno de arena). Todas las sustancias s\u00f3lidas que superan la distancia entre los granos de arena o los poros de otros materiales filtrantes permanecen en el filtro.<\/p>\n<p>UVION no utiliza productos qu\u00edmicos en el sentido habitual. Despu\u00e9s del filtro, el agua es forzada a pasar por un ionizador UV por la bomba del filtro antes de ser devuelta a la piscina. Los g\u00e9rmenes pasan a trav\u00e9s de un tubo de acero inoxidable en el que una l\u00e1mpara emite luz ultravioleta muy concentrada. La longitud de onda de 254 nm de la luz ultravioleta, tal y como la emite el sol, tiene la propiedad de destruir los organismos vivos. Esto se debe a que el ADN de los pat\u00f3genos est\u00e1 da\u00f1ado y ya no pueden reproducirse.<\/p>\n<p>Tras la c\u00e1mara UV, el agua pasa por otra c\u00e1mara de iones. En \u00e9l, dos electrodos se disponen a una peque\u00f1a distancia. Debido a un bajo voltaje totalmente inofensivo para el ser humano, peque\u00f1os iones biocidas invisibles se desprenden de un electrodo y quieren migrar al otro. Sin embargo, el agua que pasa arrastra consigo los iones y as\u00ed entran en la piscina.<\/p>\n<p>Los iones tienen la propiedad de destruir los g\u00e9rmenes acu\u00e1ticos y las algas al da\u00f1ar la pared celular y provocar su muerte. Adem\u00e1s, los iones combinan los restos muertos de las algas y los g\u00e9rmenes en las llamadas escamas. \u00c9stos siguen siendo muy peque\u00f1os, pero lo suficientemente grandes como para no caber ya a trav\u00e9s del material filtrante. Se atascan en el filtro y son transportados al desag\u00fce cuando se realiza el retrolavado del filtro. Este efecto de los iones biocidas tiene otra ventaja. Sus residuos permanecen en la piel despu\u00e9s del ba\u00f1o y siguen teniendo un efecto desinfectante. Como resultado, las peque\u00f1as heridas e inflamaciones de la piel se curan m\u00e1s r\u00e1pidamente.<\/p>\n<p><strong>\u00bfQu\u00e9 distingue a UVION de otros ionizadores UV?<\/strong><\/p>\n<p>Ya lo dijo Paracelso: La cantidad hace el veneno. Como todo, siempre es una cuesti\u00f3n de concentraci\u00f3n si una sustancia es \u00fatil o peligrosa. Las propiedades oxidantes del cloro, en sobredosis, act\u00faan de tal forma que pueden cauterizar los pulmones. Por cierto, los accidentes causados por el cloro ocupan los titulares casi todos los a\u00f1os en las piscinas p\u00fablicas.<\/p>\n<p>Algunas unidades de ionizaci\u00f3n liberan iones en el agua sin comprobar la cantidad. Como resultado, o hay muy pocos en el agua y se pierde el efecto. O se introducen demasiados en la piscina, lo que provoca decoloraciones en el revestimiento o es perjudicial para el organismo a largo plazo si se bebe el agua de la piscina por litros.<br \/>Con la serie Confort de UVION, esto se evita gracias a la tecnolog\u00eda inteligente de medici\u00f3n y control. El agua es conducida m\u00e1s all\u00e1 de un sensor de luz. Se a\u00f1ade una gota de un colorante al agua de una c\u00e9lula de medici\u00f3n. Si el valor de los iones sigue siendo muy bajo, el agua de la c\u00e9lula de medici\u00f3n s\u00f3lo se colorea ligeramente. A continuaci\u00f3n, el sensor de luz determina el valor y tambi\u00e9n lo muestra en la pantalla. Mediante un sofisticado programa inform\u00e1tico, la electr\u00f3nica libera m\u00e1s iones en los electrodos. Si en la siguiente medici\u00f3n el sensor de luz mide una coloraci\u00f3n m\u00e1s intensa en el interior de la c\u00e9lula de medici\u00f3n, la intensidad de la liberaci\u00f3n de iones se reduce o se desconecta. Esto garantiza que se mantenga constantemente un valor relativamente constante. Esto es mucho menos de lo que se permite en el agua potable, pero suficiente para destruir los agentes pat\u00f3genos y las algas y garantizar un agua de piscina clara.<\/p>\n<p>Esta medici\u00f3n sensorial para la liberaci\u00f3n controlada de iones es \u00fanica y est\u00e1 patentada a nivel mundial en UVION. Esto hace que los ionizadores UV de UVION sean ligeramente m\u00e1s caros que los de otros proveedores. Sin embargo, s\u00f3lo UVION garantiza que haya suficientes iones para un agua clara, pero no demasiados como para ennegrecer la pel\u00edcula o ser perjudicial para la salud.<br \/>Puede beber el agua de una piscina UVION sin dudarlo.<\/p>\n<p>Otra diferencia entre los productos de UVION y los de otros proveedores es la regulaci\u00f3n del pH integrada y totalmente autom\u00e1tica. Garantiza la medici\u00f3n permanente del valor de pH de su piscina y el mantenimiento del valor 7,0 -neutro-. Esto significa que su agua no es ni \u00e1cida ni alcalina. En \u00faltima instancia, la electr\u00f3nica inteligente UVION regula incluso la bomba de su filtro. Introduzca los tiempos una vez y la bomba del filtro se encender\u00e1 y apagar\u00e1 autom\u00e1ticamente junto con el complejo tratamiento del agua. Si hay alg\u00fan problema, se indicar\u00e1 en la pantalla.<br \/>El ionizador UV Comfort de UVION le permite disfrutar de un ba\u00f1o relajado sin cloro. Ning\u00fan otro producto en el mundo puede ofrecerle un tratamiento del agua sin cloro con una combinaci\u00f3n de UV e ionizaci\u00f3n medida por sensores y controlada por la demanda.<br \/>Adem\u00e1s, con el control y la supervisi\u00f3n de la bomba y el control del valor del pH compactos en un solo producto, cualquier comparaci\u00f3n de precios merece la pena. Si desea saber m\u00e1s sobre nuestros productos o sobre el cuidado del agua en general, p\u00f3ngase en contacto con nosotros. Estaremos encantados de ayudarle o remitirle a un especialista competente en su zona.<\/p>\n\t\t\t\t\t\t\t\t<\/div>\n\t\t\t\t<\/div>\n\t\t\t\t\t<\/div>\n\t\t<\/div>\n\t\t\t\t\t<\/div>\n\t\t<\/section>\n\t\t\t\t<\/div>\n\t\t","protected":false},"excerpt":{"rendered":"<p>Breve introducci\u00f3n al cuidado del agua para no profesionales En todas las piscinas entran constantemente bacterias, virus y otros agentes pat\u00f3genos a trav\u00e9s del medio ambiente o de los ba\u00f1istas. Estos g\u00e9rmenes se multiplican permanentemente mediante la divisi\u00f3n celular. Adem\u00e1s, existen diversas algas que se producen en el agua por la luz solar. Cuanto m\u00e1s [&hellip;]<\/p>\n","protected":false},"author":1,"featured_media":0,"parent":1728,"menu_order":0,"comment_status":"closed","ping_status":"closed","template":"","meta":{"footnotes":""},"class_list":["post-1978","page","type-page","status-publish","hentry"],"yoast_head":"<!-- This site is optimized with the Yoast SEO plugin v24.8.1 - https:\/\/yoast.com\/wordpress\/plugins\/seo\/ -->\n<title>Modo de acci\u00f3n - UVION - Por fin. Sin cloro. Sin l\u00e1grimas.<\/title>\n<meta name=\"robots\" content=\"noindex, follow, max-snippet:-1, max-image-preview:large, max-video-preview:-1\" \/>\n<meta property=\"og:locale\" content=\"es_ES\" \/>\n<meta property=\"og:type\" content=\"article\" \/>\n<meta property=\"og:title\" content=\"Modo de acci\u00f3n - UVION - Por fin. Sin cloro. Sin l\u00e1grimas.\" \/>\n<meta property=\"og:description\" content=\"Breve introducci\u00f3n al cuidado del agua para no profesionales En todas las piscinas entran constantemente bacterias, virus y otros agentes pat\u00f3genos a trav\u00e9s del medio ambiente o de los ba\u00f1istas. Estos g\u00e9rmenes se multiplican permanentemente mediante la divisi\u00f3n celular. Adem\u00e1s, existen diversas algas que se producen en el agua por la luz solar. Cuanto m\u00e1s [&hellip;]\" \/>\n<meta property=\"og:url\" content=\"https:\/\/www.uvion.com\/es\/procedimiento\/modo-de-accion\/\" \/>\n<meta property=\"og:site_name\" content=\"UVION - Por fin. Sin cloro. Sin l\u00e1grimas.\" \/>\n<meta property=\"article:modified_time\" content=\"2023-09-07T09:58:03+00:00\" \/>\n<meta name=\"twitter:card\" content=\"summary_large_image\" \/>\n<meta name=\"twitter:label1\" content=\"Tiempo de lectura\" \/>\n\t<meta name=\"twitter:data1\" content=\"7 minutos\" \/>\n<script type=\"application\/ld+json\" class=\"yoast-schema-graph\">{\"@context\":\"https:\/\/schema.org\",\"@graph\":[{\"@type\":\"WebPage\",\"@id\":\"https:\/\/www.uvion.com\/es\/procedimiento\/modo-de-accion\/\",\"url\":\"https:\/\/www.uvion.com\/es\/procedimiento\/modo-de-accion\/\",\"name\":\"Modo de acci\u00f3n - UVION - Por fin. Sin cloro. Sin l\u00e1grimas.\",\"isPartOf\":{\"@id\":\"https:\/\/www.uvion.com\/es\/#website\"},\"datePublished\":\"2023-02-07T15:39:50+00:00\",\"dateModified\":\"2023-09-07T09:58:03+00:00\",\"breadcrumb\":{\"@id\":\"https:\/\/www.uvion.com\/es\/procedimiento\/modo-de-accion\/#breadcrumb\"},\"inLanguage\":\"es\",\"potentialAction\":[{\"@type\":\"ReadAction\",\"target\":[\"https:\/\/www.uvion.com\/es\/procedimiento\/modo-de-accion\/\"]}]},{\"@type\":\"BreadcrumbList\",\"@id\":\"https:\/\/www.uvion.com\/es\/procedimiento\/modo-de-accion\/#breadcrumb\",\"itemListElement\":[{\"@type\":\"ListItem\",\"position\":1,\"name\":\"Startseite\",\"item\":\"https:\/\/www.uvion.com\/es\/\"},{\"@type\":\"ListItem\",\"position\":2,\"name\":\"Procedimiento\",\"item\":\"https:\/\/www.uvion.com\/es\/verfahren\/\"},{\"@type\":\"ListItem\",\"position\":3,\"name\":\"Modo de acci\u00f3n\"}]},{\"@type\":\"WebSite\",\"@id\":\"https:\/\/www.uvion.com\/es\/#website\",\"url\":\"https:\/\/www.uvion.com\/es\/\",\"name\":\"UVION - Por fin. Sin cloro. Sin l\u00e1grimas.\",\"description\":\"\u00d6ffnen Sie Ihre Augen in kristallklarem Wasser.\",\"publisher\":{\"@id\":\"https:\/\/www.uvion.com\/es\/#organization\"},\"potentialAction\":[{\"@type\":\"SearchAction\",\"target\":{\"@type\":\"EntryPoint\",\"urlTemplate\":\"https:\/\/www.uvion.com\/es\/?s={search_term_string}\"},\"query-input\":{\"@type\":\"PropertyValueSpecification\",\"valueRequired\":true,\"valueName\":\"search_term_string\"}}],\"inLanguage\":\"es\"},{\"@type\":\"Organization\",\"@id\":\"https:\/\/www.uvion.com\/es\/#organization\",\"name\":\"UVION\",\"url\":\"https:\/\/www.uvion.com\/es\/\",\"logo\":{\"@type\":\"ImageObject\",\"inLanguage\":\"es\",\"@id\":\"https:\/\/www.uvion.com\/es\/#\/schema\/logo\/image\/\",\"url\":\"https:\/\/www.uvion.com\/wp-content\/uploads\/2023\/01\/logo-uvion-web.png\",\"contentUrl\":\"https:\/\/www.uvion.com\/wp-content\/uploads\/2023\/01\/logo-uvion-web.png\",\"width\":293,\"height\":119,\"caption\":\"UVION\"},\"image\":{\"@id\":\"https:\/\/www.uvion.com\/es\/#\/schema\/logo\/image\/\"}}]}<\/script>\n<!-- \/ Yoast SEO plugin. -->","yoast_head_json":{"title":"Modo de acci\u00f3n - UVION - Por fin. Sin cloro. Sin l\u00e1grimas.","robots":{"index":"noindex","follow":"follow","max-snippet":"max-snippet:-1","max-image-preview":"max-image-preview:large","max-video-preview":"max-video-preview:-1"},"og_locale":"es_ES","og_type":"article","og_title":"Modo de acci\u00f3n - UVION - Por fin. Sin cloro. Sin l\u00e1grimas.","og_description":"Breve introducci\u00f3n al cuidado del agua para no profesionales En todas las piscinas entran constantemente bacterias, virus y otros agentes pat\u00f3genos a trav\u00e9s del medio ambiente o de los ba\u00f1istas. Estos g\u00e9rmenes se multiplican permanentemente mediante la divisi\u00f3n celular. Adem\u00e1s, existen diversas algas que se producen en el agua por la luz solar. Cuanto m\u00e1s [&hellip;]","og_url":"https:\/\/www.uvion.com\/es\/procedimiento\/modo-de-accion\/","og_site_name":"UVION - Por fin. Sin cloro. Sin l\u00e1grimas.","article_modified_time":"2023-09-07T09:58:03+00:00","twitter_card":"summary_large_image","twitter_misc":{"Tiempo de lectura":"7 minutos"},"schema":{"@context":"https:\/\/schema.org","@graph":[{"@type":"WebPage","@id":"https:\/\/www.uvion.com\/es\/procedimiento\/modo-de-accion\/","url":"https:\/\/www.uvion.com\/es\/procedimiento\/modo-de-accion\/","name":"Modo de acci\u00f3n - UVION - Por fin. Sin cloro. Sin l\u00e1grimas.","isPartOf":{"@id":"https:\/\/www.uvion.com\/es\/#website"},"datePublished":"2023-02-07T15:39:50+00:00","dateModified":"2023-09-07T09:58:03+00:00","breadcrumb":{"@id":"https:\/\/www.uvion.com\/es\/procedimiento\/modo-de-accion\/#breadcrumb"},"inLanguage":"es","potentialAction":[{"@type":"ReadAction","target":["https:\/\/www.uvion.com\/es\/procedimiento\/modo-de-accion\/"]}]},{"@type":"BreadcrumbList","@id":"https:\/\/www.uvion.com\/es\/procedimiento\/modo-de-accion\/#breadcrumb","itemListElement":[{"@type":"ListItem","position":1,"name":"Startseite","item":"https:\/\/www.uvion.com\/es\/"},{"@type":"ListItem","position":2,"name":"Procedimiento","item":"https:\/\/www.uvion.com\/es\/verfahren\/"},{"@type":"ListItem","position":3,"name":"Modo de acci\u00f3n"}]},{"@type":"WebSite","@id":"https:\/\/www.uvion.com\/es\/#website","url":"https:\/\/www.uvion.com\/es\/","name":"UVION - Por fin. Sin cloro. Sin l\u00e1grimas.","description":"\u00d6ffnen Sie Ihre Augen in kristallklarem Wasser.","publisher":{"@id":"https:\/\/www.uvion.com\/es\/#organization"},"potentialAction":[{"@type":"SearchAction","target":{"@type":"EntryPoint","urlTemplate":"https:\/\/www.uvion.com\/es\/?s={search_term_string}"},"query-input":{"@type":"PropertyValueSpecification","valueRequired":true,"valueName":"search_term_string"}}],"inLanguage":"es"},{"@type":"Organization","@id":"https:\/\/www.uvion.com\/es\/#organization","name":"UVION","url":"https:\/\/www.uvion.com\/es\/","logo":{"@type":"ImageObject","inLanguage":"es","@id":"https:\/\/www.uvion.com\/es\/#\/schema\/logo\/image\/","url":"https:\/\/www.uvion.com\/wp-content\/uploads\/2023\/01\/logo-uvion-web.png","contentUrl":"https:\/\/www.uvion.com\/wp-content\/uploads\/2023\/01\/logo-uvion-web.png","width":293,"height":119,"caption":"UVION"},"image":{"@id":"https:\/\/www.uvion.com\/es\/#\/schema\/logo\/image\/"}}]}},"_links":{"self":[{"href":"https:\/\/www.uvion.com\/es\/wp-json\/wp\/v2\/pages\/1978","targetHints":{"allow":["GET"]}}],"collection":[{"href":"https:\/\/www.uvion.com\/es\/wp-json\/wp\/v2\/pages"}],"about":[{"href":"https:\/\/www.uvion.com\/es\/wp-json\/wp\/v2\/types\/page"}],"author":[{"embeddable":true,"href":"https:\/\/www.uvion.com\/es\/wp-json\/wp\/v2\/users\/1"}],"replies":[{"embeddable":true,"href":"https:\/\/www.uvion.com\/es\/wp-json\/wp\/v2\/comments?post=1978"}],"version-history":[{"count":1,"href":"https:\/\/www.uvion.com\/es\/wp-json\/wp\/v2\/pages\/1978\/revisions"}],"predecessor-version":[{"id":1979,"href":"https:\/\/www.uvion.com\/es\/wp-json\/wp\/v2\/pages\/1978\/revisions\/1979"}],"up":[{"embeddable":true,"href":"https:\/\/www.uvion.com\/es\/wp-json\/wp\/v2\/pages\/1728"}],"wp:attachment":[{"href":"https:\/\/www.uvion.com\/es\/wp-json\/wp\/v2\/media?parent=1978"}],"curies":[{"name":"wp","href":"https:\/\/api.w.org\/{rel}","templated":true}]}}