{"id":1968,"date":"2023-02-07T18:08:49","date_gmt":"2023-02-07T17:08:49","guid":{"rendered":"https:\/\/uvion2.aquatec.sharpness.de\/procedimiento\/tecnologia\/posiderm\/"},"modified":"2023-09-07T11:57:53","modified_gmt":"2023-09-07T09:57:53","slug":"posiderm","status":"publish","type":"page","link":"https:\/\/www.uvion.com\/es\/procedimiento\/tecnologia\/posiderm\/","title":{"rendered":"POSIDERM"},"content":{"rendered":"\t\t<div data-elementor-type=\"wp-page\" data-elementor-id=\"1968\" class=\"elementor elementor-1968 elementor-404\" data-elementor-post-type=\"page\">\n\t\t\t\t\t\t<section class=\"elementor-section elementor-top-section elementor-element elementor-element-f2b24c0 elementor-section-boxed elementor-section-height-default elementor-section-height-default\" data-id=\"f2b24c0\" data-element_type=\"section\">\n\t\t\t\t\t\t<div class=\"elementor-container elementor-column-gap-default\">\n\t\t\t\t\t<div class=\"elementor-column elementor-col-33 elementor-top-column elementor-element elementor-element-ca46162\" data-id=\"ca46162\" data-element_type=\"column\">\n\t\t\t<div class=\"elementor-widget-wrap\">\n\t\t\t\t\t\t\t<\/div>\n\t\t<\/div>\n\t\t\t\t<div class=\"elementor-column elementor-col-66 elementor-top-column elementor-element elementor-element-706a283\" data-id=\"706a283\" data-element_type=\"column\">\n\t\t\t<div class=\"elementor-widget-wrap elementor-element-populated\">\n\t\t\t\t\t\t<div class=\"elementor-element elementor-element-e623a22 elementor-widget elementor-widget-text-editor\" data-id=\"e623a22\" data-element_type=\"widget\" data-widget_type=\"text-editor.default\">\n\t\t\t\t<div class=\"elementor-widget-container\">\n\t\t\t\t\t\t\t\t\t<p><strong>Efecto a largo plazo POSIDERM<\/strong><\/p>\n<p>En la c\u00e1mara de ionizaci\u00f3n, los iones cargados positivamente se desprenden de los electrodos de varilla como peque\u00f1as part\u00edculas invisibles y son arrastrados por el agua. Estos se meten en la piscina. La propiedad de POSIDERM es impedir el crecimiento de los agentes pat\u00f3genos transmitidos por el agua y de las algas. Adem\u00e1s, los POSIDERM se combinan con las bacterias y algas del agua de la piscina para luego ser excretados en el proceso de filtrado. El exclusivo control UVION garantiza que entre en el agua la cantidad adecuada de iones para evitar que los agentes pat\u00f3genos se multipliquen en el agua.<\/p>\n\t\t\t\t\t\t\t\t<\/div>\n\t\t\t\t<\/div>\n\t\t\t\t\t<\/div>\n\t\t<\/div>\n\t\t\t\t\t<\/div>\n\t\t<\/section>\n\t\t\t\t<\/div>\n\t\t","protected":false},"excerpt":{"rendered":"<p>Efecto a largo plazo POSIDERM En la c\u00e1mara de ionizaci\u00f3n, los iones cargados positivamente se desprenden de los electrodos de varilla como peque\u00f1as part\u00edculas invisibles y son arrastrados por el agua. Estos se meten en la piscina. La propiedad de POSIDERM es impedir el crecimiento de los agentes pat\u00f3genos transmitidos por el agua y de [&hellip;]<\/p>\n","protected":false},"author":1,"featured_media":0,"parent":1954,"menu_order":0,"comment_status":"closed","ping_status":"closed","template":"","meta":{"footnotes":""},"class_list":["post-1968","page","type-page","status-publish","hentry"],"yoast_head":"<!-- This site is optimized with the Yoast SEO plugin v24.8.1 - https:\/\/yoast.com\/wordpress\/plugins\/seo\/ -->\n<title>POSIDERM - UVION - Por fin. Sin cloro. Sin l\u00e1grimas.<\/title>\n<meta name=\"robots\" content=\"noindex, follow, max-snippet:-1, max-image-preview:large, max-video-preview:-1\" \/>\n<meta property=\"og:locale\" content=\"es_ES\" \/>\n<meta property=\"og:type\" content=\"article\" \/>\n<meta property=\"og:title\" content=\"POSIDERM - UVION - Por fin. Sin cloro. Sin l\u00e1grimas.\" \/>\n<meta property=\"og:description\" content=\"Efecto a largo plazo POSIDERM En la c\u00e1mara de ionizaci\u00f3n, los iones cargados positivamente se desprenden de los electrodos de varilla como peque\u00f1as part\u00edculas invisibles y son arrastrados por el agua. Estos se meten en la piscina. La propiedad de POSIDERM es impedir el crecimiento de los agentes pat\u00f3genos transmitidos por el agua y de [&hellip;]\" \/>\n<meta property=\"og:url\" content=\"https:\/\/www.uvion.com\/es\/procedimiento\/tecnologia\/posiderm\/\" \/>\n<meta property=\"og:site_name\" content=\"UVION - Por fin. Sin cloro. Sin l\u00e1grimas.\" \/>\n<meta property=\"article:modified_time\" content=\"2023-09-07T09:57:53+00:00\" \/>\n<meta name=\"twitter:card\" content=\"summary_large_image\" \/>\n<meta name=\"twitter:label1\" content=\"Tiempo de lectura\" \/>\n\t<meta name=\"twitter:data1\" content=\"1 minuto\" \/>\n<script type=\"application\/ld+json\" class=\"yoast-schema-graph\">{\"@context\":\"https:\/\/schema.org\",\"@graph\":[{\"@type\":\"WebPage\",\"@id\":\"https:\/\/www.uvion.com\/es\/procedimiento\/tecnologia\/posiderm\/\",\"url\":\"https:\/\/www.uvion.com\/es\/procedimiento\/tecnologia\/posiderm\/\",\"name\":\"POSIDERM - UVION - Por fin. Sin cloro. Sin l\u00e1grimas.\",\"isPartOf\":{\"@id\":\"https:\/\/www.uvion.com\/es\/#website\"},\"datePublished\":\"2023-02-07T17:08:49+00:00\",\"dateModified\":\"2023-09-07T09:57:53+00:00\",\"breadcrumb\":{\"@id\":\"https:\/\/www.uvion.com\/es\/procedimiento\/tecnologia\/posiderm\/#breadcrumb\"},\"inLanguage\":\"es\",\"potentialAction\":[{\"@type\":\"ReadAction\",\"target\":[\"https:\/\/www.uvion.com\/es\/procedimiento\/tecnologia\/posiderm\/\"]}]},{\"@type\":\"BreadcrumbList\",\"@id\":\"https:\/\/www.uvion.com\/es\/procedimiento\/tecnologia\/posiderm\/#breadcrumb\",\"itemListElement\":[{\"@type\":\"ListItem\",\"position\":1,\"name\":\"Startseite\",\"item\":\"https:\/\/www.uvion.com\/es\/\"},{\"@type\":\"ListItem\",\"position\":2,\"name\":\"Procedimiento\",\"item\":\"https:\/\/www.uvion.com\/es\/verfahren\/\"},{\"@type\":\"ListItem\",\"position\":3,\"name\":\"Tecnolog\u00eda\",\"item\":\"https:\/\/www.uvion.com\/es\/verfahren\/technologie\/\"},{\"@type\":\"ListItem\",\"position\":4,\"name\":\"POSIDERM\"}]},{\"@type\":\"WebSite\",\"@id\":\"https:\/\/www.uvion.com\/es\/#website\",\"url\":\"https:\/\/www.uvion.com\/es\/\",\"name\":\"UVION - Por fin. Sin cloro. Sin l\u00e1grimas.\",\"description\":\"\u00d6ffnen Sie Ihre Augen in kristallklarem Wasser.\",\"publisher\":{\"@id\":\"https:\/\/www.uvion.com\/es\/#organization\"},\"potentialAction\":[{\"@type\":\"SearchAction\",\"target\":{\"@type\":\"EntryPoint\",\"urlTemplate\":\"https:\/\/www.uvion.com\/es\/?s={search_term_string}\"},\"query-input\":{\"@type\":\"PropertyValueSpecification\",\"valueRequired\":true,\"valueName\":\"search_term_string\"}}],\"inLanguage\":\"es\"},{\"@type\":\"Organization\",\"@id\":\"https:\/\/www.uvion.com\/es\/#organization\",\"name\":\"UVION\",\"url\":\"https:\/\/www.uvion.com\/es\/\",\"logo\":{\"@type\":\"ImageObject\",\"inLanguage\":\"es\",\"@id\":\"https:\/\/www.uvion.com\/es\/#\/schema\/logo\/image\/\",\"url\":\"https:\/\/www.uvion.com\/wp-content\/uploads\/2023\/01\/logo-uvion-web.png\",\"contentUrl\":\"https:\/\/www.uvion.com\/wp-content\/uploads\/2023\/01\/logo-uvion-web.png\",\"width\":293,\"height\":119,\"caption\":\"UVION\"},\"image\":{\"@id\":\"https:\/\/www.uvion.com\/es\/#\/schema\/logo\/image\/\"}}]}<\/script>\n<!-- \/ Yoast SEO plugin. -->","yoast_head_json":{"title":"POSIDERM - UVION - Por fin. Sin cloro. Sin l\u00e1grimas.","robots":{"index":"noindex","follow":"follow","max-snippet":"max-snippet:-1","max-image-preview":"max-image-preview:large","max-video-preview":"max-video-preview:-1"},"og_locale":"es_ES","og_type":"article","og_title":"POSIDERM - UVION - Por fin. Sin cloro. Sin l\u00e1grimas.","og_description":"Efecto a largo plazo POSIDERM En la c\u00e1mara de ionizaci\u00f3n, los iones cargados positivamente se desprenden de los electrodos de varilla como peque\u00f1as part\u00edculas invisibles y son arrastrados por el agua. Estos se meten en la piscina. La propiedad de POSIDERM es impedir el crecimiento de los agentes pat\u00f3genos transmitidos por el agua y de [&hellip;]","og_url":"https:\/\/www.uvion.com\/es\/procedimiento\/tecnologia\/posiderm\/","og_site_name":"UVION - Por fin. Sin cloro. Sin l\u00e1grimas.","article_modified_time":"2023-09-07T09:57:53+00:00","twitter_card":"summary_large_image","twitter_misc":{"Tiempo de lectura":"1 minuto"},"schema":{"@context":"https:\/\/schema.org","@graph":[{"@type":"WebPage","@id":"https:\/\/www.uvion.com\/es\/procedimiento\/tecnologia\/posiderm\/","url":"https:\/\/www.uvion.com\/es\/procedimiento\/tecnologia\/posiderm\/","name":"POSIDERM - UVION - Por fin. Sin cloro. Sin l\u00e1grimas.","isPartOf":{"@id":"https:\/\/www.uvion.com\/es\/#website"},"datePublished":"2023-02-07T17:08:49+00:00","dateModified":"2023-09-07T09:57:53+00:00","breadcrumb":{"@id":"https:\/\/www.uvion.com\/es\/procedimiento\/tecnologia\/posiderm\/#breadcrumb"},"inLanguage":"es","potentialAction":[{"@type":"ReadAction","target":["https:\/\/www.uvion.com\/es\/procedimiento\/tecnologia\/posiderm\/"]}]},{"@type":"BreadcrumbList","@id":"https:\/\/www.uvion.com\/es\/procedimiento\/tecnologia\/posiderm\/#breadcrumb","itemListElement":[{"@type":"ListItem","position":1,"name":"Startseite","item":"https:\/\/www.uvion.com\/es\/"},{"@type":"ListItem","position":2,"name":"Procedimiento","item":"https:\/\/www.uvion.com\/es\/verfahren\/"},{"@type":"ListItem","position":3,"name":"Tecnolog\u00eda","item":"https:\/\/www.uvion.com\/es\/verfahren\/technologie\/"},{"@type":"ListItem","position":4,"name":"POSIDERM"}]},{"@type":"WebSite","@id":"https:\/\/www.uvion.com\/es\/#website","url":"https:\/\/www.uvion.com\/es\/","name":"UVION - Por fin. Sin cloro. Sin l\u00e1grimas.","description":"\u00d6ffnen Sie Ihre Augen in kristallklarem Wasser.","publisher":{"@id":"https:\/\/www.uvion.com\/es\/#organization"},"potentialAction":[{"@type":"SearchAction","target":{"@type":"EntryPoint","urlTemplate":"https:\/\/www.uvion.com\/es\/?s={search_term_string}"},"query-input":{"@type":"PropertyValueSpecification","valueRequired":true,"valueName":"search_term_string"}}],"inLanguage":"es"},{"@type":"Organization","@id":"https:\/\/www.uvion.com\/es\/#organization","name":"UVION","url":"https:\/\/www.uvion.com\/es\/","logo":{"@type":"ImageObject","inLanguage":"es","@id":"https:\/\/www.uvion.com\/es\/#\/schema\/logo\/image\/","url":"https:\/\/www.uvion.com\/wp-content\/uploads\/2023\/01\/logo-uvion-web.png","contentUrl":"https:\/\/www.uvion.com\/wp-content\/uploads\/2023\/01\/logo-uvion-web.png","width":293,"height":119,"caption":"UVION"},"image":{"@id":"https:\/\/www.uvion.com\/es\/#\/schema\/logo\/image\/"}}]}},"_links":{"self":[{"href":"https:\/\/www.uvion.com\/es\/wp-json\/wp\/v2\/pages\/1968","targetHints":{"allow":["GET"]}}],"collection":[{"href":"https:\/\/www.uvion.com\/es\/wp-json\/wp\/v2\/pages"}],"about":[{"href":"https:\/\/www.uvion.com\/es\/wp-json\/wp\/v2\/types\/page"}],"author":[{"embeddable":true,"href":"https:\/\/www.uvion.com\/es\/wp-json\/wp\/v2\/users\/1"}],"replies":[{"embeddable":true,"href":"https:\/\/www.uvion.com\/es\/wp-json\/wp\/v2\/comments?post=1968"}],"version-history":[{"count":1,"href":"https:\/\/www.uvion.com\/es\/wp-json\/wp\/v2\/pages\/1968\/revisions"}],"predecessor-version":[{"id":1970,"href":"https:\/\/www.uvion.com\/es\/wp-json\/wp\/v2\/pages\/1968\/revisions\/1970"}],"up":[{"embeddable":true,"href":"https:\/\/www.uvion.com\/es\/wp-json\/wp\/v2\/pages\/1954"}],"wp:attachment":[{"href":"https:\/\/www.uvion.com\/es\/wp-json\/wp\/v2\/media?parent=1968"}],"curies":[{"name":"wp","href":"https:\/\/api.w.org\/{rel}","templated":true}]}}