{"id":1957,"date":"2023-02-07T21:12:16","date_gmt":"2023-02-07T20:12:16","guid":{"rendered":"https:\/\/uvion2.aquatec.sharpness.de\/mantenimiento-de-piscinas\/"},"modified":"2023-09-07T11:57:53","modified_gmt":"2023-09-07T09:57:53","slug":"mantenimiento-de-piscinas","status":"publish","type":"page","link":"https:\/\/www.uvion.com\/es\/productos\/mantenimiento-de-piscinas\/","title":{"rendered":"Mantenimiento de piscinas"},"content":{"rendered":"\t\t<div data-elementor-type=\"wp-page\" data-elementor-id=\"1957\" class=\"elementor elementor-1957 elementor-561\" data-elementor-post-type=\"page\">\n\t\t\t\t\t\t<section class=\"elementor-section elementor-top-section elementor-element elementor-element-86bb319 elementor-section-boxed elementor-section-height-default elementor-section-height-default\" data-id=\"86bb319\" data-element_type=\"section\">\n\t\t\t\t\t\t<div class=\"elementor-container elementor-column-gap-default\">\n\t\t\t\t\t<div class=\"elementor-column elementor-col-50 elementor-top-column elementor-element elementor-element-9c98fa8\" data-id=\"9c98fa8\" data-element_type=\"column\">\n\t\t\t<div class=\"elementor-widget-wrap elementor-element-populated\">\n\t\t\t\t\t\t<div class=\"elementor-element elementor-element-1d5b8dc elementor-widget elementor-widget-image\" data-id=\"1d5b8dc\" data-element_type=\"widget\" data-widget_type=\"image.default\">\n\t\t\t\t<div class=\"elementor-widget-container\">\n\t\t\t\t\t\t\t\t\t\t\t\t\t\t\t<img fetchpriority=\"high\" decoding=\"async\" width=\"750\" height=\"488\" src=\"https:\/\/www.uvion.com\/wp-content\/uploads\/2023\/02\/tipp-pool.jpg\" class=\"attachment-large size-large wp-image-258\" alt=\"\" srcset=\"https:\/\/www.uvion.com\/wp-content\/uploads\/2023\/02\/tipp-pool.jpg 750w, https:\/\/www.uvion.com\/wp-content\/uploads\/2023\/02\/tipp-pool-300x195.jpg 300w\" sizes=\"(max-width: 750px) 100vw, 750px\" \/>\t\t\t\t\t\t\t\t\t\t\t\t\t\t\t<\/div>\n\t\t\t\t<\/div>\n\t\t\t\t\t<\/div>\n\t\t<\/div>\n\t\t\t\t<div class=\"elementor-column elementor-col-50 elementor-top-column elementor-element elementor-element-71fca9f\" data-id=\"71fca9f\" data-element_type=\"column\">\n\t\t\t<div class=\"elementor-widget-wrap elementor-element-populated\">\n\t\t\t\t\t\t<div class=\"elementor-element elementor-element-7472beb elementor-widget elementor-widget-text-editor\" data-id=\"7472beb\" data-element_type=\"widget\" data-widget_type=\"text-editor.default\">\n\t\t\t\t<div class=\"elementor-widget-container\">\n\t\t\t\t\t\t\t\t\t<h3>medidas de mantenimiento recomendadas para el funcionamiento de su piscina<\/h3>\n<p><strong> <\/strong><\/p>\n<p><strong>MEDIDAS DIARIAS<\/strong><\/p>\n<ul>\n<li>Inspecci\u00f3n visual del nivel de agua<\/li>\n<li>Inspecci\u00f3n visual de la sala t\u00e9cnica o del sistema de filtrado<\/li>\n<li>Medici\u00f3n de los par\u00e1metros del agua y, en caso necesario, correcci\u00f3n para la dosificaci\u00f3n manual<\/li>\n<li>Rango de valores orientativos de los par\u00e1metros del agua teniendo en cuenta tambi\u00e9n el m\u00e9todo de medici\u00f3n utilizado\n<\/li>\n<\/ul>\n<p><strong>MEDIDAS SEMANALES<\/strong><\/p>\n<ul>\n<li>Medici\u00f3n de los par\u00e1metros del agua y, en caso necesario, ajuste de los electrodos de la tecnolog\u00eda autom\u00e1tica de medici\u00f3n y control.<\/li>\n<li>Limpieza del suelo p\u00e9lvico<\/li>\n<li>Comprobaci\u00f3n del recipiente dosificador o dosificador\n<\/li>\n<\/ul>\n<p>PARA BA\u00d1OS AL AIRE LIBRE:<\/p>\n<ul>\n<li>Comprobaci\u00f3n y, en caso necesario, limpieza del tamiz en el limpiador de superficies<\/li>\n<li>Comprobaci\u00f3n y, en caso necesario, limpieza del prefiltro de la bomba de filtraci\u00f3n<\/li>\n<\/ul>\n<div> <\/div>\n<div> <\/div>\n<p><strong>MEDIDAS MENSUALES<\/strong><\/p>\n<ul>\n<li>Comprobaci\u00f3n del nivel de agua de llenado mediante el contador de agua de la tuber\u00eda de suministro<\/li>\n<li>Limpieza de las paredes de la piscina<\/li>\n<li>Recomendamos comprobar el contenido de iones cada 14 d\u00edas. Debe realizarse una medici\u00f3n de control mensual como m\u00ednimo, incluso si la calidad del agua es visualmente buena.\n<\/li>\n<\/ul>\n<p>PARA BA\u00d1OS INTERIORES:<\/p>\n<ul>\n<li>Comprobaci\u00f3n y, en caso necesario, limpieza del tamiz en el limpiador de superficies<\/li>\n<li>Comprobaci\u00f3n y, en caso necesario, limpieza del prefiltro de la bomba de filtraci\u00f3n\n<\/li>\n<\/ul>\n<p>PARA PISCINAS CON LIMPIADOR DE SUPERFICIE:<\/p>\n<ul>\n<li>Limpieza del borde de suciedad en la zona del nivel del agua\n<\/li>\n<\/ul>\n<p>PARA PISCINAS CON CANAL REBOSADERO:<\/p>\n<ul>\n<li>Comprobaci\u00f3n y, en caso necesario, limpieza del canal de rebose<\/li>\n<li>Comprobaci\u00f3n y, en caso necesario, limpieza del dep\u00f3sito de agua<\/li>\n<\/ul>\n<div> <\/div>\n<div> <\/div>\n<p><strong>MEDIDAS ANUALES<\/strong><\/p>\n<ul>\n<li>Limpieza de la piscina<\/li>\n<li>Limpieza del dep\u00f3sito de agua<\/li>\n<\/ul>\n<div> <\/div>\n<p><span style=\"color: #6d6d6d;\">Fuente: piscina -Revista de piscina, jacuzzi, sauna<\/span><\/p>\n\t\t\t\t\t\t\t\t<\/div>\n\t\t\t\t<\/div>\n\t\t\t\t\t<\/div>\n\t\t<\/div>\n\t\t\t\t\t<\/div>\n\t\t<\/section>\n\t\t\t\t<\/div>\n\t\t","protected":false},"excerpt":{"rendered":"<p>medidas de mantenimiento recomendadas para el funcionamiento de su piscina MEDIDAS DIARIAS Inspecci\u00f3n visual del nivel de agua Inspecci\u00f3n visual de la sala t\u00e9cnica o del sistema de filtrado Medici\u00f3n de los par\u00e1metros del agua y, en caso necesario, correcci\u00f3n para la dosificaci\u00f3n manual Rango de valores orientativos de los par\u00e1metros del agua teniendo en [&hellip;]<\/p>\n","protected":false},"author":1,"featured_media":0,"parent":2039,"menu_order":0,"comment_status":"closed","ping_status":"closed","template":"","meta":{"footnotes":""},"class_list":["post-1957","page","type-page","status-publish","hentry"],"yoast_head":"<!-- This site is optimized with the Yoast SEO plugin v24.8.1 - https:\/\/yoast.com\/wordpress\/plugins\/seo\/ -->\n<title>Mantenimiento de piscinas - UVION - Por fin. Sin cloro. Sin l\u00e1grimas.<\/title>\n<meta name=\"robots\" content=\"noindex, follow, max-snippet:-1, max-image-preview:large, max-video-preview:-1\" \/>\n<meta property=\"og:locale\" content=\"es_ES\" \/>\n<meta property=\"og:type\" content=\"article\" \/>\n<meta property=\"og:title\" content=\"Mantenimiento de piscinas - UVION - Por fin. Sin cloro. Sin l\u00e1grimas.\" \/>\n<meta property=\"og:description\" content=\"medidas de mantenimiento recomendadas para el funcionamiento de su piscina MEDIDAS DIARIAS Inspecci\u00f3n visual del nivel de agua Inspecci\u00f3n visual de la sala t\u00e9cnica o del sistema de filtrado Medici\u00f3n de los par\u00e1metros del agua y, en caso necesario, correcci\u00f3n para la dosificaci\u00f3n manual Rango de valores orientativos de los par\u00e1metros del agua teniendo en [&hellip;]\" \/>\n<meta property=\"og:url\" content=\"https:\/\/www.uvion.com\/es\/productos\/mantenimiento-de-piscinas\/\" \/>\n<meta property=\"og:site_name\" content=\"UVION - Por fin. Sin cloro. Sin l\u00e1grimas.\" \/>\n<meta property=\"article:modified_time\" content=\"2023-09-07T09:57:53+00:00\" \/>\n<meta property=\"og:image\" content=\"https:\/\/uvion2.aquatec.sharpness.de\/wp-content\/uploads\/2023\/02\/tipp-pool.jpg\" \/>\n<meta name=\"twitter:card\" content=\"summary_large_image\" \/>\n<meta name=\"twitter:label1\" content=\"Tiempo de lectura\" \/>\n\t<meta name=\"twitter:data1\" content=\"2 minutos\" \/>\n<script type=\"application\/ld+json\" class=\"yoast-schema-graph\">{\"@context\":\"https:\/\/schema.org\",\"@graph\":[{\"@type\":\"WebPage\",\"@id\":\"https:\/\/www.uvion.com\/es\/productos\/mantenimiento-de-piscinas\/\",\"url\":\"https:\/\/www.uvion.com\/es\/productos\/mantenimiento-de-piscinas\/\",\"name\":\"Mantenimiento de piscinas - UVION - Por fin. Sin cloro. Sin l\u00e1grimas.\",\"isPartOf\":{\"@id\":\"https:\/\/www.uvion.com\/es\/#website\"},\"primaryImageOfPage\":{\"@id\":\"https:\/\/www.uvion.com\/es\/productos\/mantenimiento-de-piscinas\/#primaryimage\"},\"image\":{\"@id\":\"https:\/\/www.uvion.com\/es\/productos\/mantenimiento-de-piscinas\/#primaryimage\"},\"thumbnailUrl\":\"https:\/\/uvion2.aquatec.sharpness.de\/wp-content\/uploads\/2023\/02\/tipp-pool.jpg\",\"datePublished\":\"2023-02-07T20:12:16+00:00\",\"dateModified\":\"2023-09-07T09:57:53+00:00\",\"breadcrumb\":{\"@id\":\"https:\/\/www.uvion.com\/es\/productos\/mantenimiento-de-piscinas\/#breadcrumb\"},\"inLanguage\":\"es\",\"potentialAction\":[{\"@type\":\"ReadAction\",\"target\":[\"https:\/\/www.uvion.com\/es\/productos\/mantenimiento-de-piscinas\/\"]}]},{\"@type\":\"ImageObject\",\"inLanguage\":\"es\",\"@id\":\"https:\/\/www.uvion.com\/es\/productos\/mantenimiento-de-piscinas\/#primaryimage\",\"url\":\"https:\/\/uvion2.aquatec.sharpness.de\/wp-content\/uploads\/2023\/02\/tipp-pool.jpg\",\"contentUrl\":\"https:\/\/uvion2.aquatec.sharpness.de\/wp-content\/uploads\/2023\/02\/tipp-pool.jpg\"},{\"@type\":\"BreadcrumbList\",\"@id\":\"https:\/\/www.uvion.com\/es\/productos\/mantenimiento-de-piscinas\/#breadcrumb\",\"itemListElement\":[{\"@type\":\"ListItem\",\"position\":1,\"name\":\"Startseite\",\"item\":\"https:\/\/www.uvion.com\/es\/\"},{\"@type\":\"ListItem\",\"position\":2,\"name\":\"Productos\",\"item\":\"https:\/\/www.uvion.com\/es\/produkte\/\"},{\"@type\":\"ListItem\",\"position\":3,\"name\":\"Mantenimiento de piscinas\"}]},{\"@type\":\"WebSite\",\"@id\":\"https:\/\/www.uvion.com\/es\/#website\",\"url\":\"https:\/\/www.uvion.com\/es\/\",\"name\":\"UVION - Por fin. Sin cloro. Sin l\u00e1grimas.\",\"description\":\"\u00d6ffnen Sie Ihre Augen in kristallklarem Wasser.\",\"publisher\":{\"@id\":\"https:\/\/www.uvion.com\/es\/#organization\"},\"potentialAction\":[{\"@type\":\"SearchAction\",\"target\":{\"@type\":\"EntryPoint\",\"urlTemplate\":\"https:\/\/www.uvion.com\/es\/?s={search_term_string}\"},\"query-input\":{\"@type\":\"PropertyValueSpecification\",\"valueRequired\":true,\"valueName\":\"search_term_string\"}}],\"inLanguage\":\"es\"},{\"@type\":\"Organization\",\"@id\":\"https:\/\/www.uvion.com\/es\/#organization\",\"name\":\"UVION\",\"url\":\"https:\/\/www.uvion.com\/es\/\",\"logo\":{\"@type\":\"ImageObject\",\"inLanguage\":\"es\",\"@id\":\"https:\/\/www.uvion.com\/es\/#\/schema\/logo\/image\/\",\"url\":\"https:\/\/www.uvion.com\/wp-content\/uploads\/2023\/01\/logo-uvion-web.png\",\"contentUrl\":\"https:\/\/www.uvion.com\/wp-content\/uploads\/2023\/01\/logo-uvion-web.png\",\"width\":293,\"height\":119,\"caption\":\"UVION\"},\"image\":{\"@id\":\"https:\/\/www.uvion.com\/es\/#\/schema\/logo\/image\/\"}}]}<\/script>\n<!-- \/ Yoast SEO plugin. -->","yoast_head_json":{"title":"Mantenimiento de piscinas - UVION - Por fin. Sin cloro. Sin l\u00e1grimas.","robots":{"index":"noindex","follow":"follow","max-snippet":"max-snippet:-1","max-image-preview":"max-image-preview:large","max-video-preview":"max-video-preview:-1"},"og_locale":"es_ES","og_type":"article","og_title":"Mantenimiento de piscinas - UVION - Por fin. Sin cloro. Sin l\u00e1grimas.","og_description":"medidas de mantenimiento recomendadas para el funcionamiento de su piscina MEDIDAS DIARIAS Inspecci\u00f3n visual del nivel de agua Inspecci\u00f3n visual de la sala t\u00e9cnica o del sistema de filtrado Medici\u00f3n de los par\u00e1metros del agua y, en caso necesario, correcci\u00f3n para la dosificaci\u00f3n manual Rango de valores orientativos de los par\u00e1metros del agua teniendo en [&hellip;]","og_url":"https:\/\/www.uvion.com\/es\/productos\/mantenimiento-de-piscinas\/","og_site_name":"UVION - Por fin. Sin cloro. Sin l\u00e1grimas.","article_modified_time":"2023-09-07T09:57:53+00:00","og_image":[{"url":"https:\/\/uvion2.aquatec.sharpness.de\/wp-content\/uploads\/2023\/02\/tipp-pool.jpg","type":"","width":"","height":""}],"twitter_card":"summary_large_image","twitter_misc":{"Tiempo de lectura":"2 minutos"},"schema":{"@context":"https:\/\/schema.org","@graph":[{"@type":"WebPage","@id":"https:\/\/www.uvion.com\/es\/productos\/mantenimiento-de-piscinas\/","url":"https:\/\/www.uvion.com\/es\/productos\/mantenimiento-de-piscinas\/","name":"Mantenimiento de piscinas - UVION - Por fin. Sin cloro. Sin l\u00e1grimas.","isPartOf":{"@id":"https:\/\/www.uvion.com\/es\/#website"},"primaryImageOfPage":{"@id":"https:\/\/www.uvion.com\/es\/productos\/mantenimiento-de-piscinas\/#primaryimage"},"image":{"@id":"https:\/\/www.uvion.com\/es\/productos\/mantenimiento-de-piscinas\/#primaryimage"},"thumbnailUrl":"https:\/\/uvion2.aquatec.sharpness.de\/wp-content\/uploads\/2023\/02\/tipp-pool.jpg","datePublished":"2023-02-07T20:12:16+00:00","dateModified":"2023-09-07T09:57:53+00:00","breadcrumb":{"@id":"https:\/\/www.uvion.com\/es\/productos\/mantenimiento-de-piscinas\/#breadcrumb"},"inLanguage":"es","potentialAction":[{"@type":"ReadAction","target":["https:\/\/www.uvion.com\/es\/productos\/mantenimiento-de-piscinas\/"]}]},{"@type":"ImageObject","inLanguage":"es","@id":"https:\/\/www.uvion.com\/es\/productos\/mantenimiento-de-piscinas\/#primaryimage","url":"https:\/\/uvion2.aquatec.sharpness.de\/wp-content\/uploads\/2023\/02\/tipp-pool.jpg","contentUrl":"https:\/\/uvion2.aquatec.sharpness.de\/wp-content\/uploads\/2023\/02\/tipp-pool.jpg"},{"@type":"BreadcrumbList","@id":"https:\/\/www.uvion.com\/es\/productos\/mantenimiento-de-piscinas\/#breadcrumb","itemListElement":[{"@type":"ListItem","position":1,"name":"Startseite","item":"https:\/\/www.uvion.com\/es\/"},{"@type":"ListItem","position":2,"name":"Productos","item":"https:\/\/www.uvion.com\/es\/produkte\/"},{"@type":"ListItem","position":3,"name":"Mantenimiento de piscinas"}]},{"@type":"WebSite","@id":"https:\/\/www.uvion.com\/es\/#website","url":"https:\/\/www.uvion.com\/es\/","name":"UVION - Por fin. Sin cloro. Sin l\u00e1grimas.","description":"\u00d6ffnen Sie Ihre Augen in kristallklarem Wasser.","publisher":{"@id":"https:\/\/www.uvion.com\/es\/#organization"},"potentialAction":[{"@type":"SearchAction","target":{"@type":"EntryPoint","urlTemplate":"https:\/\/www.uvion.com\/es\/?s={search_term_string}"},"query-input":{"@type":"PropertyValueSpecification","valueRequired":true,"valueName":"search_term_string"}}],"inLanguage":"es"},{"@type":"Organization","@id":"https:\/\/www.uvion.com\/es\/#organization","name":"UVION","url":"https:\/\/www.uvion.com\/es\/","logo":{"@type":"ImageObject","inLanguage":"es","@id":"https:\/\/www.uvion.com\/es\/#\/schema\/logo\/image\/","url":"https:\/\/www.uvion.com\/wp-content\/uploads\/2023\/01\/logo-uvion-web.png","contentUrl":"https:\/\/www.uvion.com\/wp-content\/uploads\/2023\/01\/logo-uvion-web.png","width":293,"height":119,"caption":"UVION"},"image":{"@id":"https:\/\/www.uvion.com\/es\/#\/schema\/logo\/image\/"}}]}},"_links":{"self":[{"href":"https:\/\/www.uvion.com\/es\/wp-json\/wp\/v2\/pages\/1957","targetHints":{"allow":["GET"]}}],"collection":[{"href":"https:\/\/www.uvion.com\/es\/wp-json\/wp\/v2\/pages"}],"about":[{"href":"https:\/\/www.uvion.com\/es\/wp-json\/wp\/v2\/types\/page"}],"author":[{"embeddable":true,"href":"https:\/\/www.uvion.com\/es\/wp-json\/wp\/v2\/users\/1"}],"replies":[{"embeddable":true,"href":"https:\/\/www.uvion.com\/es\/wp-json\/wp\/v2\/comments?post=1957"}],"version-history":[{"count":1,"href":"https:\/\/www.uvion.com\/es\/wp-json\/wp\/v2\/pages\/1957\/revisions"}],"predecessor-version":[{"id":1960,"href":"https:\/\/www.uvion.com\/es\/wp-json\/wp\/v2\/pages\/1957\/revisions\/1960"}],"up":[{"embeddable":true,"href":"https:\/\/www.uvion.com\/es\/wp-json\/wp\/v2\/pages\/2039"}],"wp:attachment":[{"href":"https:\/\/www.uvion.com\/es\/wp-json\/wp\/v2\/media?parent=1957"}],"curies":[{"name":"wp","href":"https:\/\/api.w.org\/{rel}","templated":true}]}}