{"id":1954,"date":"2023-02-07T16:39:01","date_gmt":"2023-02-07T15:39:01","guid":{"rendered":"https:\/\/uvion2.aquatec.sharpness.de\/procedimiento\/tecnologia\/"},"modified":"2023-09-07T11:57:49","modified_gmt":"2023-09-07T09:57:49","slug":"tecnologia","status":"publish","type":"page","link":"https:\/\/www.uvion.com\/es\/procedimiento\/tecnologia\/","title":{"rendered":"Tecnolog\u00eda"},"content":{"rendered":"\t\t<div data-elementor-type=\"wp-page\" data-elementor-id=\"1954\" class=\"elementor elementor-1954 elementor-306\" data-elementor-post-type=\"page\">\n\t\t\t\t\t\t<section class=\"elementor-section elementor-top-section elementor-element elementor-element-b12537d elementor-section-boxed elementor-section-height-default elementor-section-height-default\" data-id=\"b12537d\" data-element_type=\"section\">\n\t\t\t\t\t\t<div class=\"elementor-container elementor-column-gap-default\">\n\t\t\t\t\t<div class=\"elementor-column elementor-col-33 elementor-top-column elementor-element elementor-element-ee734a6\" data-id=\"ee734a6\" data-element_type=\"column\">\n\t\t\t<div class=\"elementor-widget-wrap\">\n\t\t\t\t\t\t\t<\/div>\n\t\t<\/div>\n\t\t\t\t<div class=\"elementor-column elementor-col-66 elementor-top-column elementor-element elementor-element-df8594e\" data-id=\"df8594e\" data-element_type=\"column\">\n\t\t\t<div class=\"elementor-widget-wrap elementor-element-populated\">\n\t\t\t\t\t\t<div class=\"elementor-element elementor-element-50d934f elementor-widget elementor-widget-text-editor\" data-id=\"50d934f\" data-element_type=\"widget\" data-widget_type=\"text-editor.default\">\n\t\t\t\t<div class=\"elementor-widget-container\">\n\t\t\t\t\t\t\t\t\t<p><strong>UVION establece est\u00e1ndares en el tratamiento del agua sin cloro.<\/strong><\/p>\n<p>Nuestros productos combinan eficazmente dos procesos f\u00edsicos de eficacia probada. UVION combina la desinfecci\u00f3n UV inmediata con un efecto POSIDERM a largo plazo. Este efecto a largo plazo se consigue mediante iones cargados positivamente y respetuosos con la piel.<\/p>\n<p>La caracter\u00edstica innovadora del proceso UVION es el control inteligente, desarrollado especialmente en el departamento de I+D de UVION y en cooperaci\u00f3n con la Universidad T\u00e9cnica de Chemnitz. Esto garantiza que entren en el agua de la piscina exactamente tantos iones como sean necesarios para protegerla eficazmente contra los agentes pat\u00f3genos y las algas. Combina todas las ventajas de los dos m\u00e9todos y regula los procesos de forma fiable.<\/p>\n<p>Incluso cumple los requisitos de calidad del agua potable sin utilizar productos qu\u00edmicos como el cloro. UVION tiene una patente sobre el ajuste de la intensidad de la ionizaci\u00f3n a la demanda, que se determina mediante sensores en el agua.<\/p>\n<p>Eficaz. Seg\u00fan el protocolo de la prueba, 1,0 millones de g\u00e9rmenes ya no pueden detectarse tras s\u00f3lo 30 segundos. El efecto de desinfecci\u00f3n cumple las especificaciones de la norma DIN 19643, parte 1.<\/p>\n<p>Crea en lo que ve. Abra los ojos, incluso bajo el agua. Nuestros clientes de referencia en toda Europa lo confirmar\u00e1n. UVION establece normas para el tratamiento del agua sin cloro.<\/p>\n\t\t\t\t\t\t\t\t<\/div>\n\t\t\t\t<\/div>\n\t\t\t\t\t<\/div>\n\t\t<\/div>\n\t\t\t\t\t<\/div>\n\t\t<\/section>\n\t\t\t\t<\/div>\n\t\t","protected":false},"excerpt":{"rendered":"<p>UVION establece est\u00e1ndares en el tratamiento del agua sin cloro. Nuestros productos combinan eficazmente dos procesos f\u00edsicos de eficacia probada. UVION combina la desinfecci\u00f3n UV inmediata con un efecto POSIDERM a largo plazo. Este efecto a largo plazo se consigue mediante iones cargados positivamente y respetuosos con la piel. La caracter\u00edstica innovadora del proceso UVION [&hellip;]<\/p>\n","protected":false},"author":1,"featured_media":0,"parent":1728,"menu_order":0,"comment_status":"closed","ping_status":"closed","template":"","meta":{"footnotes":""},"class_list":["post-1954","page","type-page","status-publish","hentry"],"yoast_head":"<!-- This site is optimized with the Yoast SEO plugin v24.8.1 - https:\/\/yoast.com\/wordpress\/plugins\/seo\/ -->\n<title>Tecnolog\u00eda - UVION - Por fin. Sin cloro. Sin l\u00e1grimas.<\/title>\n<meta name=\"robots\" content=\"noindex, follow, max-snippet:-1, max-image-preview:large, max-video-preview:-1\" \/>\n<meta property=\"og:locale\" content=\"es_ES\" \/>\n<meta property=\"og:type\" content=\"article\" \/>\n<meta property=\"og:title\" content=\"Tecnolog\u00eda - UVION - Por fin. Sin cloro. Sin l\u00e1grimas.\" \/>\n<meta property=\"og:description\" content=\"UVION establece est\u00e1ndares en el tratamiento del agua sin cloro. Nuestros productos combinan eficazmente dos procesos f\u00edsicos de eficacia probada. UVION combina la desinfecci\u00f3n UV inmediata con un efecto POSIDERM a largo plazo. Este efecto a largo plazo se consigue mediante iones cargados positivamente y respetuosos con la piel. La caracter\u00edstica innovadora del proceso UVION [&hellip;]\" \/>\n<meta property=\"og:url\" content=\"https:\/\/www.uvion.com\/es\/procedimiento\/tecnologia\/\" \/>\n<meta property=\"og:site_name\" content=\"UVION - Por fin. Sin cloro. Sin l\u00e1grimas.\" \/>\n<meta property=\"article:modified_time\" content=\"2023-09-07T09:57:49+00:00\" \/>\n<meta name=\"twitter:card\" content=\"summary_large_image\" \/>\n<meta name=\"twitter:label1\" content=\"Tiempo de lectura\" \/>\n\t<meta name=\"twitter:data1\" content=\"1 minuto\" \/>\n<script type=\"application\/ld+json\" class=\"yoast-schema-graph\">{\"@context\":\"https:\/\/schema.org\",\"@graph\":[{\"@type\":\"WebPage\",\"@id\":\"https:\/\/www.uvion.com\/es\/procedimiento\/tecnologia\/\",\"url\":\"https:\/\/www.uvion.com\/es\/procedimiento\/tecnologia\/\",\"name\":\"Tecnolog\u00eda - UVION - Por fin. Sin cloro. Sin l\u00e1grimas.\",\"isPartOf\":{\"@id\":\"https:\/\/www.uvion.com\/es\/#website\"},\"datePublished\":\"2023-02-07T15:39:01+00:00\",\"dateModified\":\"2023-09-07T09:57:49+00:00\",\"breadcrumb\":{\"@id\":\"https:\/\/www.uvion.com\/es\/procedimiento\/tecnologia\/#breadcrumb\"},\"inLanguage\":\"es\",\"potentialAction\":[{\"@type\":\"ReadAction\",\"target\":[\"https:\/\/www.uvion.com\/es\/procedimiento\/tecnologia\/\"]}]},{\"@type\":\"BreadcrumbList\",\"@id\":\"https:\/\/www.uvion.com\/es\/procedimiento\/tecnologia\/#breadcrumb\",\"itemListElement\":[{\"@type\":\"ListItem\",\"position\":1,\"name\":\"Startseite\",\"item\":\"https:\/\/www.uvion.com\/es\/\"},{\"@type\":\"ListItem\",\"position\":2,\"name\":\"Procedimiento\",\"item\":\"https:\/\/www.uvion.com\/es\/verfahren\/\"},{\"@type\":\"ListItem\",\"position\":3,\"name\":\"Tecnolog\u00eda\"}]},{\"@type\":\"WebSite\",\"@id\":\"https:\/\/www.uvion.com\/es\/#website\",\"url\":\"https:\/\/www.uvion.com\/es\/\",\"name\":\"UVION - Por fin. Sin cloro. Sin l\u00e1grimas.\",\"description\":\"\u00d6ffnen Sie Ihre Augen in kristallklarem Wasser.\",\"publisher\":{\"@id\":\"https:\/\/www.uvion.com\/es\/#organization\"},\"potentialAction\":[{\"@type\":\"SearchAction\",\"target\":{\"@type\":\"EntryPoint\",\"urlTemplate\":\"https:\/\/www.uvion.com\/es\/?s={search_term_string}\"},\"query-input\":{\"@type\":\"PropertyValueSpecification\",\"valueRequired\":true,\"valueName\":\"search_term_string\"}}],\"inLanguage\":\"es\"},{\"@type\":\"Organization\",\"@id\":\"https:\/\/www.uvion.com\/es\/#organization\",\"name\":\"UVION\",\"url\":\"https:\/\/www.uvion.com\/es\/\",\"logo\":{\"@type\":\"ImageObject\",\"inLanguage\":\"es\",\"@id\":\"https:\/\/www.uvion.com\/es\/#\/schema\/logo\/image\/\",\"url\":\"https:\/\/www.uvion.com\/wp-content\/uploads\/2023\/01\/logo-uvion-web.png\",\"contentUrl\":\"https:\/\/www.uvion.com\/wp-content\/uploads\/2023\/01\/logo-uvion-web.png\",\"width\":293,\"height\":119,\"caption\":\"UVION\"},\"image\":{\"@id\":\"https:\/\/www.uvion.com\/es\/#\/schema\/logo\/image\/\"}}]}<\/script>\n<!-- \/ Yoast SEO plugin. -->","yoast_head_json":{"title":"Tecnolog\u00eda - UVION - Por fin. Sin cloro. Sin l\u00e1grimas.","robots":{"index":"noindex","follow":"follow","max-snippet":"max-snippet:-1","max-image-preview":"max-image-preview:large","max-video-preview":"max-video-preview:-1"},"og_locale":"es_ES","og_type":"article","og_title":"Tecnolog\u00eda - UVION - Por fin. Sin cloro. Sin l\u00e1grimas.","og_description":"UVION establece est\u00e1ndares en el tratamiento del agua sin cloro. Nuestros productos combinan eficazmente dos procesos f\u00edsicos de eficacia probada. UVION combina la desinfecci\u00f3n UV inmediata con un efecto POSIDERM a largo plazo. Este efecto a largo plazo se consigue mediante iones cargados positivamente y respetuosos con la piel. La caracter\u00edstica innovadora del proceso UVION [&hellip;]","og_url":"https:\/\/www.uvion.com\/es\/procedimiento\/tecnologia\/","og_site_name":"UVION - Por fin. Sin cloro. Sin l\u00e1grimas.","article_modified_time":"2023-09-07T09:57:49+00:00","twitter_card":"summary_large_image","twitter_misc":{"Tiempo de lectura":"1 minuto"},"schema":{"@context":"https:\/\/schema.org","@graph":[{"@type":"WebPage","@id":"https:\/\/www.uvion.com\/es\/procedimiento\/tecnologia\/","url":"https:\/\/www.uvion.com\/es\/procedimiento\/tecnologia\/","name":"Tecnolog\u00eda - UVION - Por fin. Sin cloro. Sin l\u00e1grimas.","isPartOf":{"@id":"https:\/\/www.uvion.com\/es\/#website"},"datePublished":"2023-02-07T15:39:01+00:00","dateModified":"2023-09-07T09:57:49+00:00","breadcrumb":{"@id":"https:\/\/www.uvion.com\/es\/procedimiento\/tecnologia\/#breadcrumb"},"inLanguage":"es","potentialAction":[{"@type":"ReadAction","target":["https:\/\/www.uvion.com\/es\/procedimiento\/tecnologia\/"]}]},{"@type":"BreadcrumbList","@id":"https:\/\/www.uvion.com\/es\/procedimiento\/tecnologia\/#breadcrumb","itemListElement":[{"@type":"ListItem","position":1,"name":"Startseite","item":"https:\/\/www.uvion.com\/es\/"},{"@type":"ListItem","position":2,"name":"Procedimiento","item":"https:\/\/www.uvion.com\/es\/verfahren\/"},{"@type":"ListItem","position":3,"name":"Tecnolog\u00eda"}]},{"@type":"WebSite","@id":"https:\/\/www.uvion.com\/es\/#website","url":"https:\/\/www.uvion.com\/es\/","name":"UVION - Por fin. Sin cloro. Sin l\u00e1grimas.","description":"\u00d6ffnen Sie Ihre Augen in kristallklarem Wasser.","publisher":{"@id":"https:\/\/www.uvion.com\/es\/#organization"},"potentialAction":[{"@type":"SearchAction","target":{"@type":"EntryPoint","urlTemplate":"https:\/\/www.uvion.com\/es\/?s={search_term_string}"},"query-input":{"@type":"PropertyValueSpecification","valueRequired":true,"valueName":"search_term_string"}}],"inLanguage":"es"},{"@type":"Organization","@id":"https:\/\/www.uvion.com\/es\/#organization","name":"UVION","url":"https:\/\/www.uvion.com\/es\/","logo":{"@type":"ImageObject","inLanguage":"es","@id":"https:\/\/www.uvion.com\/es\/#\/schema\/logo\/image\/","url":"https:\/\/www.uvion.com\/wp-content\/uploads\/2023\/01\/logo-uvion-web.png","contentUrl":"https:\/\/www.uvion.com\/wp-content\/uploads\/2023\/01\/logo-uvion-web.png","width":293,"height":119,"caption":"UVION"},"image":{"@id":"https:\/\/www.uvion.com\/es\/#\/schema\/logo\/image\/"}}]}},"_links":{"self":[{"href":"https:\/\/www.uvion.com\/es\/wp-json\/wp\/v2\/pages\/1954","targetHints":{"allow":["GET"]}}],"collection":[{"href":"https:\/\/www.uvion.com\/es\/wp-json\/wp\/v2\/pages"}],"about":[{"href":"https:\/\/www.uvion.com\/es\/wp-json\/wp\/v2\/types\/page"}],"author":[{"embeddable":true,"href":"https:\/\/www.uvion.com\/es\/wp-json\/wp\/v2\/users\/1"}],"replies":[{"embeddable":true,"href":"https:\/\/www.uvion.com\/es\/wp-json\/wp\/v2\/comments?post=1954"}],"version-history":[{"count":1,"href":"https:\/\/www.uvion.com\/es\/wp-json\/wp\/v2\/pages\/1954\/revisions"}],"predecessor-version":[{"id":1955,"href":"https:\/\/www.uvion.com\/es\/wp-json\/wp\/v2\/pages\/1954\/revisions\/1955"}],"up":[{"embeddable":true,"href":"https:\/\/www.uvion.com\/es\/wp-json\/wp\/v2\/pages\/1728"}],"wp:attachment":[{"href":"https:\/\/www.uvion.com\/es\/wp-json\/wp\/v2\/media?parent=1954"}],"curies":[{"name":"wp","href":"https:\/\/api.w.org\/{rel}","templated":true}]}}