{"id":1951,"date":"2023-02-07T18:08:33","date_gmt":"2023-02-07T17:08:33","guid":{"rendered":"https:\/\/uvion2.aquatec.sharpness.de\/tratamiento-uv\/"},"modified":"2023-09-07T11:57:51","modified_gmt":"2023-09-07T09:57:51","slug":"tratamiento-uv","status":"publish","type":"page","link":"https:\/\/www.uvion.com\/es\/procedimiento\/tecnologia\/tratamiento-uv\/","title":{"rendered":"Tratamiento UV"},"content":{"rendered":"\t\t<div data-elementor-type=\"wp-page\" data-elementor-id=\"1951\" class=\"elementor elementor-1951 elementor-402\" data-elementor-post-type=\"page\">\n\t\t\t\t\t\t<section class=\"elementor-section elementor-top-section elementor-element elementor-element-673772b elementor-section-boxed elementor-section-height-default elementor-section-height-default\" data-id=\"673772b\" data-element_type=\"section\">\n\t\t\t\t\t\t<div class=\"elementor-container elementor-column-gap-default\">\n\t\t\t\t\t<div class=\"elementor-column elementor-col-33 elementor-top-column elementor-element elementor-element-451bb43\" data-id=\"451bb43\" data-element_type=\"column\">\n\t\t\t<div class=\"elementor-widget-wrap\">\n\t\t\t\t\t\t\t<\/div>\n\t\t<\/div>\n\t\t\t\t<div class=\"elementor-column elementor-col-66 elementor-top-column elementor-element elementor-element-f3db8d3\" data-id=\"f3db8d3\" data-element_type=\"column\">\n\t\t\t<div class=\"elementor-widget-wrap elementor-element-populated\">\n\t\t\t\t\t\t<div class=\"elementor-element elementor-element-649bc78 elementor-widget elementor-widget-text-editor\" data-id=\"649bc78\" data-element_type=\"widget\" data-widget_type=\"text-editor.default\">\n\t\t\t\t<div class=\"elementor-widget-container\">\n\t\t\t\t\t\t\t\t\t<div id=\"content_right_head\"><img decoding=\"async\" src=\"https:\/\/uvion.de\/pics\/Abstandhalter.gif\" alt=\"\" width=\"1\" height=\"1\">El tratamiento UV es id\u00e9ntico en todos los sistemas UVION porque s\u00f3lo una longitud de onda espec\u00edfica (254 nm) de luz UV elimina de forma fiable los agentes pat\u00f3genos.<\/div>\n<div id=\"content_right\">\n<p>En primer lugar, el agua fluye a trav\u00e9s de la c\u00e1mara UV. La luz ultravioleta mata inmediatamente cualquier bacteria, virus, legionela y otros pat\u00f3genos presentes en el agua. El agua est\u00e1 ahora libre de g\u00e9rmenes. Sin embargo, constantemente entran nuevos pat\u00f3genos en la piscina a trav\u00e9s de los ba\u00f1istas y del medio ambiente. Adem\u00e1s, en el agua crecen diversas algas. Cuanto m\u00e1s caliente est\u00e1 el agua, m\u00e1s r\u00e1pido se multiplican las algas y los agentes pat\u00f3genos. Por lo tanto, el agua pasa ahora por una segunda etapa de tratamiento. El tratamiento UV es id\u00e9ntico en todos los aparatos UVION, ya que s\u00f3lo una longitud de onda espec\u00edfica (254 nm) de la luz UV elimina los agentes pat\u00f3genos de forma fiable.<\/p>\n<\/div>\n\t\t\t\t\t\t\t\t<\/div>\n\t\t\t\t<\/div>\n\t\t\t\t\t<\/div>\n\t\t<\/div>\n\t\t\t\t\t<\/div>\n\t\t<\/section>\n\t\t\t\t<\/div>\n\t\t","protected":false},"excerpt":{"rendered":"<p>El tratamiento UV es id\u00e9ntico en todos los sistemas UVION porque s\u00f3lo una longitud de onda espec\u00edfica (254 nm) de luz UV elimina de forma fiable los agentes pat\u00f3genos. En primer lugar, el agua fluye a trav\u00e9s de la c\u00e1mara UV. La luz ultravioleta mata inmediatamente cualquier bacteria, virus, legionela y otros pat\u00f3genos presentes en [&hellip;]<\/p>\n","protected":false},"author":1,"featured_media":0,"parent":1954,"menu_order":0,"comment_status":"closed","ping_status":"closed","template":"","meta":{"footnotes":""},"class_list":["post-1951","page","type-page","status-publish","hentry"],"yoast_head":"<!-- This site is optimized with the Yoast SEO plugin v24.8.1 - https:\/\/yoast.com\/wordpress\/plugins\/seo\/ -->\n<title>Tratamiento UV - UVION - Por fin. Sin cloro. Sin l\u00e1grimas.<\/title>\n<meta name=\"robots\" content=\"noindex, follow, max-snippet:-1, max-image-preview:large, max-video-preview:-1\" \/>\n<meta property=\"og:locale\" content=\"es_ES\" \/>\n<meta property=\"og:type\" content=\"article\" \/>\n<meta property=\"og:title\" content=\"Tratamiento UV - UVION - Por fin. Sin cloro. Sin l\u00e1grimas.\" \/>\n<meta property=\"og:description\" content=\"El tratamiento UV es id\u00e9ntico en todos los sistemas UVION porque s\u00f3lo una longitud de onda espec\u00edfica (254 nm) de luz UV elimina de forma fiable los agentes pat\u00f3genos. En primer lugar, el agua fluye a trav\u00e9s de la c\u00e1mara UV. La luz ultravioleta mata inmediatamente cualquier bacteria, virus, legionela y otros pat\u00f3genos presentes en [&hellip;]\" \/>\n<meta property=\"og:url\" content=\"https:\/\/www.uvion.com\/es\/procedimiento\/tecnologia\/tratamiento-uv\/\" \/>\n<meta property=\"og:site_name\" content=\"UVION - Por fin. Sin cloro. Sin l\u00e1grimas.\" \/>\n<meta property=\"article:modified_time\" content=\"2023-09-07T09:57:51+00:00\" \/>\n<meta property=\"og:image\" content=\"https:\/\/uvion.de\/pics\/Abstandhalter.gif\" \/>\n<meta name=\"twitter:card\" content=\"summary_large_image\" \/>\n<meta name=\"twitter:label1\" content=\"Tiempo de lectura\" \/>\n\t<meta name=\"twitter:data1\" content=\"1 minuto\" \/>\n<script type=\"application\/ld+json\" class=\"yoast-schema-graph\">{\"@context\":\"https:\/\/schema.org\",\"@graph\":[{\"@type\":\"WebPage\",\"@id\":\"https:\/\/www.uvion.com\/es\/procedimiento\/tecnologia\/tratamiento-uv\/\",\"url\":\"https:\/\/www.uvion.com\/es\/procedimiento\/tecnologia\/tratamiento-uv\/\",\"name\":\"Tratamiento UV - UVION - Por fin. Sin cloro. Sin l\u00e1grimas.\",\"isPartOf\":{\"@id\":\"https:\/\/www.uvion.com\/es\/#website\"},\"primaryImageOfPage\":{\"@id\":\"https:\/\/www.uvion.com\/es\/procedimiento\/tecnologia\/tratamiento-uv\/#primaryimage\"},\"image\":{\"@id\":\"https:\/\/www.uvion.com\/es\/procedimiento\/tecnologia\/tratamiento-uv\/#primaryimage\"},\"thumbnailUrl\":\"https:\/\/uvion.de\/pics\/Abstandhalter.gif\",\"datePublished\":\"2023-02-07T17:08:33+00:00\",\"dateModified\":\"2023-09-07T09:57:51+00:00\",\"breadcrumb\":{\"@id\":\"https:\/\/www.uvion.com\/es\/procedimiento\/tecnologia\/tratamiento-uv\/#breadcrumb\"},\"inLanguage\":\"es\",\"potentialAction\":[{\"@type\":\"ReadAction\",\"target\":[\"https:\/\/www.uvion.com\/es\/procedimiento\/tecnologia\/tratamiento-uv\/\"]}]},{\"@type\":\"ImageObject\",\"inLanguage\":\"es\",\"@id\":\"https:\/\/www.uvion.com\/es\/procedimiento\/tecnologia\/tratamiento-uv\/#primaryimage\",\"url\":\"https:\/\/uvion.de\/pics\/Abstandhalter.gif\",\"contentUrl\":\"https:\/\/uvion.de\/pics\/Abstandhalter.gif\"},{\"@type\":\"BreadcrumbList\",\"@id\":\"https:\/\/www.uvion.com\/es\/procedimiento\/tecnologia\/tratamiento-uv\/#breadcrumb\",\"itemListElement\":[{\"@type\":\"ListItem\",\"position\":1,\"name\":\"Startseite\",\"item\":\"https:\/\/www.uvion.com\/es\/\"},{\"@type\":\"ListItem\",\"position\":2,\"name\":\"Procedimiento\",\"item\":\"https:\/\/www.uvion.com\/es\/verfahren\/\"},{\"@type\":\"ListItem\",\"position\":3,\"name\":\"Tecnolog\u00eda\",\"item\":\"https:\/\/www.uvion.com\/es\/verfahren\/technologie\/\"},{\"@type\":\"ListItem\",\"position\":4,\"name\":\"Tratamiento UV\"}]},{\"@type\":\"WebSite\",\"@id\":\"https:\/\/www.uvion.com\/es\/#website\",\"url\":\"https:\/\/www.uvion.com\/es\/\",\"name\":\"UVION - Por fin. Sin cloro. Sin l\u00e1grimas.\",\"description\":\"\u00d6ffnen Sie Ihre Augen in kristallklarem Wasser.\",\"publisher\":{\"@id\":\"https:\/\/www.uvion.com\/es\/#organization\"},\"potentialAction\":[{\"@type\":\"SearchAction\",\"target\":{\"@type\":\"EntryPoint\",\"urlTemplate\":\"https:\/\/www.uvion.com\/es\/?s={search_term_string}\"},\"query-input\":{\"@type\":\"PropertyValueSpecification\",\"valueRequired\":true,\"valueName\":\"search_term_string\"}}],\"inLanguage\":\"es\"},{\"@type\":\"Organization\",\"@id\":\"https:\/\/www.uvion.com\/es\/#organization\",\"name\":\"UVION\",\"url\":\"https:\/\/www.uvion.com\/es\/\",\"logo\":{\"@type\":\"ImageObject\",\"inLanguage\":\"es\",\"@id\":\"https:\/\/www.uvion.com\/es\/#\/schema\/logo\/image\/\",\"url\":\"https:\/\/www.uvion.com\/wp-content\/uploads\/2023\/01\/logo-uvion-web.png\",\"contentUrl\":\"https:\/\/www.uvion.com\/wp-content\/uploads\/2023\/01\/logo-uvion-web.png\",\"width\":293,\"height\":119,\"caption\":\"UVION\"},\"image\":{\"@id\":\"https:\/\/www.uvion.com\/es\/#\/schema\/logo\/image\/\"}}]}<\/script>\n<!-- \/ Yoast SEO plugin. -->","yoast_head_json":{"title":"Tratamiento UV - UVION - Por fin. Sin cloro. Sin l\u00e1grimas.","robots":{"index":"noindex","follow":"follow","max-snippet":"max-snippet:-1","max-image-preview":"max-image-preview:large","max-video-preview":"max-video-preview:-1"},"og_locale":"es_ES","og_type":"article","og_title":"Tratamiento UV - UVION - Por fin. Sin cloro. Sin l\u00e1grimas.","og_description":"El tratamiento UV es id\u00e9ntico en todos los sistemas UVION porque s\u00f3lo una longitud de onda espec\u00edfica (254 nm) de luz UV elimina de forma fiable los agentes pat\u00f3genos. En primer lugar, el agua fluye a trav\u00e9s de la c\u00e1mara UV. La luz ultravioleta mata inmediatamente cualquier bacteria, virus, legionela y otros pat\u00f3genos presentes en [&hellip;]","og_url":"https:\/\/www.uvion.com\/es\/procedimiento\/tecnologia\/tratamiento-uv\/","og_site_name":"UVION - Por fin. Sin cloro. Sin l\u00e1grimas.","article_modified_time":"2023-09-07T09:57:51+00:00","og_image":[{"url":"https:\/\/uvion.de\/pics\/Abstandhalter.gif","type":"","width":"","height":""}],"twitter_card":"summary_large_image","twitter_misc":{"Tiempo de lectura":"1 minuto"},"schema":{"@context":"https:\/\/schema.org","@graph":[{"@type":"WebPage","@id":"https:\/\/www.uvion.com\/es\/procedimiento\/tecnologia\/tratamiento-uv\/","url":"https:\/\/www.uvion.com\/es\/procedimiento\/tecnologia\/tratamiento-uv\/","name":"Tratamiento UV - UVION - Por fin. Sin cloro. Sin l\u00e1grimas.","isPartOf":{"@id":"https:\/\/www.uvion.com\/es\/#website"},"primaryImageOfPage":{"@id":"https:\/\/www.uvion.com\/es\/procedimiento\/tecnologia\/tratamiento-uv\/#primaryimage"},"image":{"@id":"https:\/\/www.uvion.com\/es\/procedimiento\/tecnologia\/tratamiento-uv\/#primaryimage"},"thumbnailUrl":"https:\/\/uvion.de\/pics\/Abstandhalter.gif","datePublished":"2023-02-07T17:08:33+00:00","dateModified":"2023-09-07T09:57:51+00:00","breadcrumb":{"@id":"https:\/\/www.uvion.com\/es\/procedimiento\/tecnologia\/tratamiento-uv\/#breadcrumb"},"inLanguage":"es","potentialAction":[{"@type":"ReadAction","target":["https:\/\/www.uvion.com\/es\/procedimiento\/tecnologia\/tratamiento-uv\/"]}]},{"@type":"ImageObject","inLanguage":"es","@id":"https:\/\/www.uvion.com\/es\/procedimiento\/tecnologia\/tratamiento-uv\/#primaryimage","url":"https:\/\/uvion.de\/pics\/Abstandhalter.gif","contentUrl":"https:\/\/uvion.de\/pics\/Abstandhalter.gif"},{"@type":"BreadcrumbList","@id":"https:\/\/www.uvion.com\/es\/procedimiento\/tecnologia\/tratamiento-uv\/#breadcrumb","itemListElement":[{"@type":"ListItem","position":1,"name":"Startseite","item":"https:\/\/www.uvion.com\/es\/"},{"@type":"ListItem","position":2,"name":"Procedimiento","item":"https:\/\/www.uvion.com\/es\/verfahren\/"},{"@type":"ListItem","position":3,"name":"Tecnolog\u00eda","item":"https:\/\/www.uvion.com\/es\/verfahren\/technologie\/"},{"@type":"ListItem","position":4,"name":"Tratamiento UV"}]},{"@type":"WebSite","@id":"https:\/\/www.uvion.com\/es\/#website","url":"https:\/\/www.uvion.com\/es\/","name":"UVION - Por fin. Sin cloro. Sin l\u00e1grimas.","description":"\u00d6ffnen Sie Ihre Augen in kristallklarem Wasser.","publisher":{"@id":"https:\/\/www.uvion.com\/es\/#organization"},"potentialAction":[{"@type":"SearchAction","target":{"@type":"EntryPoint","urlTemplate":"https:\/\/www.uvion.com\/es\/?s={search_term_string}"},"query-input":{"@type":"PropertyValueSpecification","valueRequired":true,"valueName":"search_term_string"}}],"inLanguage":"es"},{"@type":"Organization","@id":"https:\/\/www.uvion.com\/es\/#organization","name":"UVION","url":"https:\/\/www.uvion.com\/es\/","logo":{"@type":"ImageObject","inLanguage":"es","@id":"https:\/\/www.uvion.com\/es\/#\/schema\/logo\/image\/","url":"https:\/\/www.uvion.com\/wp-content\/uploads\/2023\/01\/logo-uvion-web.png","contentUrl":"https:\/\/www.uvion.com\/wp-content\/uploads\/2023\/01\/logo-uvion-web.png","width":293,"height":119,"caption":"UVION"},"image":{"@id":"https:\/\/www.uvion.com\/es\/#\/schema\/logo\/image\/"}}]}},"_links":{"self":[{"href":"https:\/\/www.uvion.com\/es\/wp-json\/wp\/v2\/pages\/1951","targetHints":{"allow":["GET"]}}],"collection":[{"href":"https:\/\/www.uvion.com\/es\/wp-json\/wp\/v2\/pages"}],"about":[{"href":"https:\/\/www.uvion.com\/es\/wp-json\/wp\/v2\/types\/page"}],"author":[{"embeddable":true,"href":"https:\/\/www.uvion.com\/es\/wp-json\/wp\/v2\/users\/1"}],"replies":[{"embeddable":true,"href":"https:\/\/www.uvion.com\/es\/wp-json\/wp\/v2\/comments?post=1951"}],"version-history":[{"count":1,"href":"https:\/\/www.uvion.com\/es\/wp-json\/wp\/v2\/pages\/1951\/revisions"}],"predecessor-version":[{"id":1952,"href":"https:\/\/www.uvion.com\/es\/wp-json\/wp\/v2\/pages\/1951\/revisions\/1952"}],"up":[{"embeddable":true,"href":"https:\/\/www.uvion.com\/es\/wp-json\/wp\/v2\/pages\/1954"}],"wp:attachment":[{"href":"https:\/\/www.uvion.com\/es\/wp-json\/wp\/v2\/media?parent=1951"}],"curies":[{"name":"wp","href":"https:\/\/api.w.org\/{rel}","templated":true}]}}