{"id":1940,"date":"2023-02-07T16:40:15","date_gmt":"2023-02-07T15:40:15","guid":{"rendered":"https:\/\/uvion2.aquatec.sharpness.de\/procedimiento\/ventajas-del-proceso-uvion\/"},"modified":"2023-09-07T11:56:02","modified_gmt":"2023-09-07T09:56:02","slug":"ventajas-del-proceso-uvion","status":"publish","type":"page","link":"https:\/\/www.uvion.com\/es\/procedimiento\/ventajas-del-proceso-uvion\/","title":{"rendered":"Ventajas del proceso UVION"},"content":{"rendered":"\t\t<div data-elementor-type=\"wp-page\" data-elementor-id=\"1940\" class=\"elementor elementor-1940 elementor-312\" data-elementor-post-type=\"page\">\n\t\t\t\t\t\t<section class=\"elementor-section elementor-top-section elementor-element elementor-element-7df424d elementor-section-boxed elementor-section-height-default elementor-section-height-default\" data-id=\"7df424d\" data-element_type=\"section\">\n\t\t\t\t\t\t<div class=\"elementor-container elementor-column-gap-default\">\n\t\t\t\t\t<div class=\"elementor-column elementor-col-33 elementor-top-column elementor-element elementor-element-b4f0e43\" data-id=\"b4f0e43\" data-element_type=\"column\">\n\t\t\t<div class=\"elementor-widget-wrap\">\n\t\t\t\t\t\t\t<\/div>\n\t\t<\/div>\n\t\t\t\t<div class=\"elementor-column elementor-col-66 elementor-top-column elementor-element elementor-element-d907664\" data-id=\"d907664\" data-element_type=\"column\">\n\t\t\t<div class=\"elementor-widget-wrap elementor-element-populated\">\n\t\t\t\t\t\t<div class=\"elementor-element elementor-element-c247520 elementor-widget elementor-widget-text-editor\" data-id=\"c247520\" data-element_type=\"widget\" data-widget_type=\"text-editor.default\">\n\t\t\t\t<div class=\"elementor-widget-container\">\n\t\t\t\t\t\t\t\t\t<div id=\"content_right_head\"><strong><img decoding=\"async\" src=\"https:\/\/uvion.de\/pics\/Abstandhalter.gif\" alt=\"\" width=\"1\" height=\"1\">Ventajas del proceso UVION <\/strong><\/div>\n<div id=\"content_right\">\n<ul>\n<li>sum\u00e9rjase en agua cristalina y libre de g\u00e9rmenes<\/li>\n<li>Sin cambios en el sabor y el olor<\/li>\n<li>Sin ojos rojos ni irritaciones cut\u00e1neas<\/li>\n<li>No se adquieren ni almacenan productos qu\u00edmicos peligrosos para la desinfecci\u00f3n<\/li>\n<li>No hay corrosi\u00f3n en los componentes, especialmente en interiores<\/li>\n<li>Ahorre hasta un 80% de los costes operativos en comparaci\u00f3n con otros procesos de desinfecci\u00f3n<\/li>\n<li>A prueba de ni\u00f1os<\/li>\n<li>respetuoso con el medio ambiente<\/li>\n<li>f\u00e1cil manejo<\/li>\n<li>Casi sin mantenimiento, s\u00f3lo funci\u00f3n de control<\/li>\n<li>Instalaci\u00f3n sencilla y f\u00e1cil de reequipar<\/li>\n<\/ul>\n<\/div>\n\t\t\t\t\t\t\t\t<\/div>\n\t\t\t\t<\/div>\n\t\t\t\t\t<\/div>\n\t\t<\/div>\n\t\t\t\t\t<\/div>\n\t\t<\/section>\n\t\t\t\t<\/div>\n\t\t","protected":false},"excerpt":{"rendered":"<p>Ventajas del proceso UVION sum\u00e9rjase en agua cristalina y libre de g\u00e9rmenes Sin cambios en el sabor y el olor Sin ojos rojos ni irritaciones cut\u00e1neas No se adquieren ni almacenan productos qu\u00edmicos peligrosos para la desinfecci\u00f3n No hay corrosi\u00f3n en los componentes, especialmente en interiores Ahorre hasta un 80% de los costes operativos en [&hellip;]<\/p>\n","protected":false},"author":1,"featured_media":0,"parent":1728,"menu_order":0,"comment_status":"closed","ping_status":"closed","template":"","meta":{"footnotes":""},"class_list":["post-1940","page","type-page","status-publish","hentry"],"yoast_head":"<!-- This site is optimized with the Yoast SEO plugin v24.8.1 - https:\/\/yoast.com\/wordpress\/plugins\/seo\/ -->\n<title>Ventajas del proceso UVION - UVION - Por fin. Sin cloro. Sin l\u00e1grimas.<\/title>\n<meta name=\"robots\" content=\"noindex, follow, max-snippet:-1, max-image-preview:large, max-video-preview:-1\" \/>\n<meta property=\"og:locale\" content=\"es_ES\" \/>\n<meta property=\"og:type\" content=\"article\" \/>\n<meta property=\"og:title\" content=\"Ventajas del proceso UVION - UVION - Por fin. Sin cloro. Sin l\u00e1grimas.\" \/>\n<meta property=\"og:description\" content=\"Ventajas del proceso UVION sum\u00e9rjase en agua cristalina y libre de g\u00e9rmenes Sin cambios en el sabor y el olor Sin ojos rojos ni irritaciones cut\u00e1neas No se adquieren ni almacenan productos qu\u00edmicos peligrosos para la desinfecci\u00f3n No hay corrosi\u00f3n en los componentes, especialmente en interiores Ahorre hasta un 80% de los costes operativos en [&hellip;]\" \/>\n<meta property=\"og:url\" content=\"https:\/\/www.uvion.com\/es\/procedimiento\/ventajas-del-proceso-uvion\/\" \/>\n<meta property=\"og:site_name\" content=\"UVION - Por fin. Sin cloro. Sin l\u00e1grimas.\" \/>\n<meta property=\"article:modified_time\" content=\"2023-09-07T09:56:02+00:00\" \/>\n<meta property=\"og:image\" content=\"https:\/\/uvion.de\/pics\/Abstandhalter.gif\" \/>\n<meta name=\"twitter:card\" content=\"summary_large_image\" \/>\n<script type=\"application\/ld+json\" class=\"yoast-schema-graph\">{\"@context\":\"https:\/\/schema.org\",\"@graph\":[{\"@type\":\"WebPage\",\"@id\":\"https:\/\/www.uvion.com\/es\/procedimiento\/ventajas-del-proceso-uvion\/\",\"url\":\"https:\/\/www.uvion.com\/es\/procedimiento\/ventajas-del-proceso-uvion\/\",\"name\":\"Ventajas del proceso UVION - UVION - Por fin. Sin cloro. Sin l\u00e1grimas.\",\"isPartOf\":{\"@id\":\"https:\/\/www.uvion.com\/es\/#website\"},\"primaryImageOfPage\":{\"@id\":\"https:\/\/www.uvion.com\/es\/procedimiento\/ventajas-del-proceso-uvion\/#primaryimage\"},\"image\":{\"@id\":\"https:\/\/www.uvion.com\/es\/procedimiento\/ventajas-del-proceso-uvion\/#primaryimage\"},\"thumbnailUrl\":\"https:\/\/uvion.de\/pics\/Abstandhalter.gif\",\"datePublished\":\"2023-02-07T15:40:15+00:00\",\"dateModified\":\"2023-09-07T09:56:02+00:00\",\"breadcrumb\":{\"@id\":\"https:\/\/www.uvion.com\/es\/procedimiento\/ventajas-del-proceso-uvion\/#breadcrumb\"},\"inLanguage\":\"es\",\"potentialAction\":[{\"@type\":\"ReadAction\",\"target\":[\"https:\/\/www.uvion.com\/es\/procedimiento\/ventajas-del-proceso-uvion\/\"]}]},{\"@type\":\"ImageObject\",\"inLanguage\":\"es\",\"@id\":\"https:\/\/www.uvion.com\/es\/procedimiento\/ventajas-del-proceso-uvion\/#primaryimage\",\"url\":\"https:\/\/uvion.de\/pics\/Abstandhalter.gif\",\"contentUrl\":\"https:\/\/uvion.de\/pics\/Abstandhalter.gif\"},{\"@type\":\"BreadcrumbList\",\"@id\":\"https:\/\/www.uvion.com\/es\/procedimiento\/ventajas-del-proceso-uvion\/#breadcrumb\",\"itemListElement\":[{\"@type\":\"ListItem\",\"position\":1,\"name\":\"Startseite\",\"item\":\"https:\/\/www.uvion.com\/es\/\"},{\"@type\":\"ListItem\",\"position\":2,\"name\":\"Procedimiento\",\"item\":\"https:\/\/www.uvion.com\/es\/verfahren\/\"},{\"@type\":\"ListItem\",\"position\":3,\"name\":\"Ventajas del proceso UVION\"}]},{\"@type\":\"WebSite\",\"@id\":\"https:\/\/www.uvion.com\/es\/#website\",\"url\":\"https:\/\/www.uvion.com\/es\/\",\"name\":\"UVION - Por fin. Sin cloro. Sin l\u00e1grimas.\",\"description\":\"\u00d6ffnen Sie Ihre Augen in kristallklarem Wasser.\",\"publisher\":{\"@id\":\"https:\/\/www.uvion.com\/es\/#organization\"},\"potentialAction\":[{\"@type\":\"SearchAction\",\"target\":{\"@type\":\"EntryPoint\",\"urlTemplate\":\"https:\/\/www.uvion.com\/es\/?s={search_term_string}\"},\"query-input\":{\"@type\":\"PropertyValueSpecification\",\"valueRequired\":true,\"valueName\":\"search_term_string\"}}],\"inLanguage\":\"es\"},{\"@type\":\"Organization\",\"@id\":\"https:\/\/www.uvion.com\/es\/#organization\",\"name\":\"UVION\",\"url\":\"https:\/\/www.uvion.com\/es\/\",\"logo\":{\"@type\":\"ImageObject\",\"inLanguage\":\"es\",\"@id\":\"https:\/\/www.uvion.com\/es\/#\/schema\/logo\/image\/\",\"url\":\"https:\/\/www.uvion.com\/wp-content\/uploads\/2023\/01\/logo-uvion-web.png\",\"contentUrl\":\"https:\/\/www.uvion.com\/wp-content\/uploads\/2023\/01\/logo-uvion-web.png\",\"width\":293,\"height\":119,\"caption\":\"UVION\"},\"image\":{\"@id\":\"https:\/\/www.uvion.com\/es\/#\/schema\/logo\/image\/\"}}]}<\/script>\n<!-- \/ Yoast SEO plugin. -->","yoast_head_json":{"title":"Ventajas del proceso UVION - UVION - Por fin. Sin cloro. Sin l\u00e1grimas.","robots":{"index":"noindex","follow":"follow","max-snippet":"max-snippet:-1","max-image-preview":"max-image-preview:large","max-video-preview":"max-video-preview:-1"},"og_locale":"es_ES","og_type":"article","og_title":"Ventajas del proceso UVION - UVION - Por fin. Sin cloro. Sin l\u00e1grimas.","og_description":"Ventajas del proceso UVION sum\u00e9rjase en agua cristalina y libre de g\u00e9rmenes Sin cambios en el sabor y el olor Sin ojos rojos ni irritaciones cut\u00e1neas No se adquieren ni almacenan productos qu\u00edmicos peligrosos para la desinfecci\u00f3n No hay corrosi\u00f3n en los componentes, especialmente en interiores Ahorre hasta un 80% de los costes operativos en [&hellip;]","og_url":"https:\/\/www.uvion.com\/es\/procedimiento\/ventajas-del-proceso-uvion\/","og_site_name":"UVION - Por fin. Sin cloro. Sin l\u00e1grimas.","article_modified_time":"2023-09-07T09:56:02+00:00","og_image":[{"url":"https:\/\/uvion.de\/pics\/Abstandhalter.gif","type":"","width":"","height":""}],"twitter_card":"summary_large_image","schema":{"@context":"https:\/\/schema.org","@graph":[{"@type":"WebPage","@id":"https:\/\/www.uvion.com\/es\/procedimiento\/ventajas-del-proceso-uvion\/","url":"https:\/\/www.uvion.com\/es\/procedimiento\/ventajas-del-proceso-uvion\/","name":"Ventajas del proceso UVION - UVION - Por fin. Sin cloro. Sin l\u00e1grimas.","isPartOf":{"@id":"https:\/\/www.uvion.com\/es\/#website"},"primaryImageOfPage":{"@id":"https:\/\/www.uvion.com\/es\/procedimiento\/ventajas-del-proceso-uvion\/#primaryimage"},"image":{"@id":"https:\/\/www.uvion.com\/es\/procedimiento\/ventajas-del-proceso-uvion\/#primaryimage"},"thumbnailUrl":"https:\/\/uvion.de\/pics\/Abstandhalter.gif","datePublished":"2023-02-07T15:40:15+00:00","dateModified":"2023-09-07T09:56:02+00:00","breadcrumb":{"@id":"https:\/\/www.uvion.com\/es\/procedimiento\/ventajas-del-proceso-uvion\/#breadcrumb"},"inLanguage":"es","potentialAction":[{"@type":"ReadAction","target":["https:\/\/www.uvion.com\/es\/procedimiento\/ventajas-del-proceso-uvion\/"]}]},{"@type":"ImageObject","inLanguage":"es","@id":"https:\/\/www.uvion.com\/es\/procedimiento\/ventajas-del-proceso-uvion\/#primaryimage","url":"https:\/\/uvion.de\/pics\/Abstandhalter.gif","contentUrl":"https:\/\/uvion.de\/pics\/Abstandhalter.gif"},{"@type":"BreadcrumbList","@id":"https:\/\/www.uvion.com\/es\/procedimiento\/ventajas-del-proceso-uvion\/#breadcrumb","itemListElement":[{"@type":"ListItem","position":1,"name":"Startseite","item":"https:\/\/www.uvion.com\/es\/"},{"@type":"ListItem","position":2,"name":"Procedimiento","item":"https:\/\/www.uvion.com\/es\/verfahren\/"},{"@type":"ListItem","position":3,"name":"Ventajas del proceso UVION"}]},{"@type":"WebSite","@id":"https:\/\/www.uvion.com\/es\/#website","url":"https:\/\/www.uvion.com\/es\/","name":"UVION - Por fin. Sin cloro. Sin l\u00e1grimas.","description":"\u00d6ffnen Sie Ihre Augen in kristallklarem Wasser.","publisher":{"@id":"https:\/\/www.uvion.com\/es\/#organization"},"potentialAction":[{"@type":"SearchAction","target":{"@type":"EntryPoint","urlTemplate":"https:\/\/www.uvion.com\/es\/?s={search_term_string}"},"query-input":{"@type":"PropertyValueSpecification","valueRequired":true,"valueName":"search_term_string"}}],"inLanguage":"es"},{"@type":"Organization","@id":"https:\/\/www.uvion.com\/es\/#organization","name":"UVION","url":"https:\/\/www.uvion.com\/es\/","logo":{"@type":"ImageObject","inLanguage":"es","@id":"https:\/\/www.uvion.com\/es\/#\/schema\/logo\/image\/","url":"https:\/\/www.uvion.com\/wp-content\/uploads\/2023\/01\/logo-uvion-web.png","contentUrl":"https:\/\/www.uvion.com\/wp-content\/uploads\/2023\/01\/logo-uvion-web.png","width":293,"height":119,"caption":"UVION"},"image":{"@id":"https:\/\/www.uvion.com\/es\/#\/schema\/logo\/image\/"}}]}},"_links":{"self":[{"href":"https:\/\/www.uvion.com\/es\/wp-json\/wp\/v2\/pages\/1940","targetHints":{"allow":["GET"]}}],"collection":[{"href":"https:\/\/www.uvion.com\/es\/wp-json\/wp\/v2\/pages"}],"about":[{"href":"https:\/\/www.uvion.com\/es\/wp-json\/wp\/v2\/types\/page"}],"author":[{"embeddable":true,"href":"https:\/\/www.uvion.com\/es\/wp-json\/wp\/v2\/users\/1"}],"replies":[{"embeddable":true,"href":"https:\/\/www.uvion.com\/es\/wp-json\/wp\/v2\/comments?post=1940"}],"version-history":[{"count":1,"href":"https:\/\/www.uvion.com\/es\/wp-json\/wp\/v2\/pages\/1940\/revisions"}],"predecessor-version":[{"id":1941,"href":"https:\/\/www.uvion.com\/es\/wp-json\/wp\/v2\/pages\/1940\/revisions\/1941"}],"up":[{"embeddable":true,"href":"https:\/\/www.uvion.com\/es\/wp-json\/wp\/v2\/pages\/1728"}],"wp:attachment":[{"href":"https:\/\/www.uvion.com\/es\/wp-json\/wp\/v2\/media?parent=1940"}],"curies":[{"name":"wp","href":"https:\/\/api.w.org\/{rel}","templated":true}]}}