{"id":1929,"date":"2023-02-07T22:03:50","date_gmt":"2023-02-07T21:03:50","guid":{"rendered":"https:\/\/uvion2.aquatec.sharpness.de\/tienda\/dispositivos-de-medicion\/"},"modified":"2023-09-07T11:56:02","modified_gmt":"2023-09-07T09:56:02","slug":"dispositivos-de-medicion","status":"publish","type":"page","link":"https:\/\/www.uvion.com\/es\/productos\/tienda\/dispositivos-de-medicion\/","title":{"rendered":"Dispositivos de medici\u00f3n"},"content":{"rendered":"\t\t<div data-elementor-type=\"wp-page\" data-elementor-id=\"1929\" class=\"elementor elementor-1929 elementor-596\" data-elementor-post-type=\"page\">\n\t\t\t\t\t\t<section class=\"elementor-section elementor-top-section elementor-element elementor-element-9b864a1 elementor-section-boxed elementor-section-height-default elementor-section-height-default\" data-id=\"9b864a1\" data-element_type=\"section\">\n\t\t\t\t\t\t<div class=\"elementor-container elementor-column-gap-default\">\n\t\t\t\t\t<div class=\"elementor-column elementor-col-50 elementor-top-column elementor-element elementor-element-aabb7b8\" data-id=\"aabb7b8\" data-element_type=\"column\">\n\t\t\t<div class=\"elementor-widget-wrap elementor-element-populated\">\n\t\t\t\t\t\t<div class=\"elementor-element elementor-element-5c24429 elementor-widget elementor-widget-image\" data-id=\"5c24429\" data-element_type=\"widget\" data-widget_type=\"image.default\">\n\t\t\t\t<div class=\"elementor-widget-container\">\n\t\t\t\t\t\t\t\t\t\t\t\t\t\t\t<img decoding=\"async\" width=\"133\" height=\"100\" src=\"https:\/\/www.uvion.com\/wp-content\/uploads\/2023\/02\/Photometer_HANNA-133x100-1.jpg\" class=\"attachment-large size-large wp-image-585\" alt=\"\" \/>\t\t\t\t\t\t\t\t\t\t\t\t\t\t\t<\/div>\n\t\t\t\t<\/div>\n\t\t\t\t\t<\/div>\n\t\t<\/div>\n\t\t\t\t<div class=\"elementor-column elementor-col-50 elementor-top-column elementor-element elementor-element-a02828e\" data-id=\"a02828e\" data-element_type=\"column\">\n\t\t\t<div class=\"elementor-widget-wrap elementor-element-populated\">\n\t\t\t\t\t\t<div class=\"elementor-element elementor-element-db10f8c elementor-widget elementor-widget-heading\" data-id=\"db10f8c\" data-element_type=\"widget\" data-widget_type=\"heading.default\">\n\t\t\t\t<div class=\"elementor-widget-container\">\n\t\t\t\t\t<div class=\"elementor-heading-title elementor-size-default\">Fot\u00f3metro HANNA Micro7<\/div>\t\t\t\t<\/div>\n\t\t\t\t<\/div>\n\t\t\t\t\t<\/div>\n\t\t<\/div>\n\t\t\t\t\t<\/div>\n\t\t<\/section>\n\t\t\t\t<\/div>\n\t\t","protected":false},"excerpt":{"rendered":"<p>Fot\u00f3metro HANNA Micro7<\/p>\n","protected":false},"author":1,"featured_media":0,"parent":1451,"menu_order":0,"comment_status":"closed","ping_status":"closed","template":"","meta":{"footnotes":""},"class_list":["post-1929","page","type-page","status-publish","hentry"],"yoast_head":"<!-- This site is optimized with the Yoast SEO plugin v24.8.1 - https:\/\/yoast.com\/wordpress\/plugins\/seo\/ -->\n<title>Dispositivos de medici\u00f3n - UVION - Por fin. Sin cloro. Sin l\u00e1grimas.<\/title>\n<meta name=\"robots\" content=\"noindex, follow, max-snippet:-1, max-image-preview:large, max-video-preview:-1\" \/>\n<meta property=\"og:locale\" content=\"es_ES\" \/>\n<meta property=\"og:type\" content=\"article\" \/>\n<meta property=\"og:title\" content=\"Dispositivos de medici\u00f3n - UVION - Por fin. Sin cloro. Sin l\u00e1grimas.\" \/>\n<meta property=\"og:description\" content=\"Fot\u00f3metro HANNA Micro7\" \/>\n<meta property=\"og:url\" content=\"https:\/\/www.uvion.com\/es\/productos\/tienda\/dispositivos-de-medicion\/\" \/>\n<meta property=\"og:site_name\" content=\"UVION - Por fin. Sin cloro. Sin l\u00e1grimas.\" \/>\n<meta property=\"article:modified_time\" content=\"2023-09-07T09:56:02+00:00\" \/>\n<meta property=\"og:image\" content=\"https:\/\/uvion2.aquatec.sharpness.de\/wp-content\/uploads\/2023\/02\/Photometer_HANNA-133x100-1.jpg\" \/>\n<meta name=\"twitter:card\" content=\"summary_large_image\" \/>\n<script type=\"application\/ld+json\" class=\"yoast-schema-graph\">{\"@context\":\"https:\/\/schema.org\",\"@graph\":[{\"@type\":\"WebPage\",\"@id\":\"https:\/\/www.uvion.com\/es\/productos\/tienda\/dispositivos-de-medicion\/\",\"url\":\"https:\/\/www.uvion.com\/es\/productos\/tienda\/dispositivos-de-medicion\/\",\"name\":\"Dispositivos de medici\u00f3n - UVION - Por fin. Sin cloro. Sin l\u00e1grimas.\",\"isPartOf\":{\"@id\":\"https:\/\/www.uvion.com\/es\/#website\"},\"primaryImageOfPage\":{\"@id\":\"https:\/\/www.uvion.com\/es\/productos\/tienda\/dispositivos-de-medicion\/#primaryimage\"},\"image\":{\"@id\":\"https:\/\/www.uvion.com\/es\/productos\/tienda\/dispositivos-de-medicion\/#primaryimage\"},\"thumbnailUrl\":\"https:\/\/uvion2.aquatec.sharpness.de\/wp-content\/uploads\/2023\/02\/Photometer_HANNA-133x100-1.jpg\",\"datePublished\":\"2023-02-07T21:03:50+00:00\",\"dateModified\":\"2023-09-07T09:56:02+00:00\",\"breadcrumb\":{\"@id\":\"https:\/\/www.uvion.com\/es\/productos\/tienda\/dispositivos-de-medicion\/#breadcrumb\"},\"inLanguage\":\"es\",\"potentialAction\":[{\"@type\":\"ReadAction\",\"target\":[\"https:\/\/www.uvion.com\/es\/productos\/tienda\/dispositivos-de-medicion\/\"]}]},{\"@type\":\"ImageObject\",\"inLanguage\":\"es\",\"@id\":\"https:\/\/www.uvion.com\/es\/productos\/tienda\/dispositivos-de-medicion\/#primaryimage\",\"url\":\"https:\/\/uvion2.aquatec.sharpness.de\/wp-content\/uploads\/2023\/02\/Photometer_HANNA-133x100-1.jpg\",\"contentUrl\":\"https:\/\/uvion2.aquatec.sharpness.de\/wp-content\/uploads\/2023\/02\/Photometer_HANNA-133x100-1.jpg\"},{\"@type\":\"BreadcrumbList\",\"@id\":\"https:\/\/www.uvion.com\/es\/productos\/tienda\/dispositivos-de-medicion\/#breadcrumb\",\"itemListElement\":[{\"@type\":\"ListItem\",\"position\":1,\"name\":\"Startseite\",\"item\":\"https:\/\/www.uvion.com\/es\/\"},{\"@type\":\"ListItem\",\"position\":2,\"name\":\"Productos\",\"item\":\"https:\/\/www.uvion.com\/es\/produkte\/\"},{\"@type\":\"ListItem\",\"position\":3,\"name\":\"Tienda\",\"item\":\"https:\/\/www.uvion.com\/es\/produkte\/produktuebersicht\/\"},{\"@type\":\"ListItem\",\"position\":4,\"name\":\"Dispositivos de medici\u00f3n\"}]},{\"@type\":\"WebSite\",\"@id\":\"https:\/\/www.uvion.com\/es\/#website\",\"url\":\"https:\/\/www.uvion.com\/es\/\",\"name\":\"UVION - Por fin. Sin cloro. Sin l\u00e1grimas.\",\"description\":\"\u00d6ffnen Sie Ihre Augen in kristallklarem Wasser.\",\"publisher\":{\"@id\":\"https:\/\/www.uvion.com\/es\/#organization\"},\"potentialAction\":[{\"@type\":\"SearchAction\",\"target\":{\"@type\":\"EntryPoint\",\"urlTemplate\":\"https:\/\/www.uvion.com\/es\/?s={search_term_string}\"},\"query-input\":{\"@type\":\"PropertyValueSpecification\",\"valueRequired\":true,\"valueName\":\"search_term_string\"}}],\"inLanguage\":\"es\"},{\"@type\":\"Organization\",\"@id\":\"https:\/\/www.uvion.com\/es\/#organization\",\"name\":\"UVION\",\"url\":\"https:\/\/www.uvion.com\/es\/\",\"logo\":{\"@type\":\"ImageObject\",\"inLanguage\":\"es\",\"@id\":\"https:\/\/www.uvion.com\/es\/#\/schema\/logo\/image\/\",\"url\":\"https:\/\/www.uvion.com\/wp-content\/uploads\/2023\/01\/logo-uvion-web.png\",\"contentUrl\":\"https:\/\/www.uvion.com\/wp-content\/uploads\/2023\/01\/logo-uvion-web.png\",\"width\":293,\"height\":119,\"caption\":\"UVION\"},\"image\":{\"@id\":\"https:\/\/www.uvion.com\/es\/#\/schema\/logo\/image\/\"}}]}<\/script>\n<!-- \/ Yoast SEO plugin. -->","yoast_head_json":{"title":"Dispositivos de medici\u00f3n - UVION - Por fin. Sin cloro. Sin l\u00e1grimas.","robots":{"index":"noindex","follow":"follow","max-snippet":"max-snippet:-1","max-image-preview":"max-image-preview:large","max-video-preview":"max-video-preview:-1"},"og_locale":"es_ES","og_type":"article","og_title":"Dispositivos de medici\u00f3n - UVION - Por fin. Sin cloro. Sin l\u00e1grimas.","og_description":"Fot\u00f3metro HANNA Micro7","og_url":"https:\/\/www.uvion.com\/es\/productos\/tienda\/dispositivos-de-medicion\/","og_site_name":"UVION - Por fin. Sin cloro. Sin l\u00e1grimas.","article_modified_time":"2023-09-07T09:56:02+00:00","og_image":[{"url":"https:\/\/uvion2.aquatec.sharpness.de\/wp-content\/uploads\/2023\/02\/Photometer_HANNA-133x100-1.jpg","type":"","width":"","height":""}],"twitter_card":"summary_large_image","schema":{"@context":"https:\/\/schema.org","@graph":[{"@type":"WebPage","@id":"https:\/\/www.uvion.com\/es\/productos\/tienda\/dispositivos-de-medicion\/","url":"https:\/\/www.uvion.com\/es\/productos\/tienda\/dispositivos-de-medicion\/","name":"Dispositivos de medici\u00f3n - UVION - Por fin. Sin cloro. Sin l\u00e1grimas.","isPartOf":{"@id":"https:\/\/www.uvion.com\/es\/#website"},"primaryImageOfPage":{"@id":"https:\/\/www.uvion.com\/es\/productos\/tienda\/dispositivos-de-medicion\/#primaryimage"},"image":{"@id":"https:\/\/www.uvion.com\/es\/productos\/tienda\/dispositivos-de-medicion\/#primaryimage"},"thumbnailUrl":"https:\/\/uvion2.aquatec.sharpness.de\/wp-content\/uploads\/2023\/02\/Photometer_HANNA-133x100-1.jpg","datePublished":"2023-02-07T21:03:50+00:00","dateModified":"2023-09-07T09:56:02+00:00","breadcrumb":{"@id":"https:\/\/www.uvion.com\/es\/productos\/tienda\/dispositivos-de-medicion\/#breadcrumb"},"inLanguage":"es","potentialAction":[{"@type":"ReadAction","target":["https:\/\/www.uvion.com\/es\/productos\/tienda\/dispositivos-de-medicion\/"]}]},{"@type":"ImageObject","inLanguage":"es","@id":"https:\/\/www.uvion.com\/es\/productos\/tienda\/dispositivos-de-medicion\/#primaryimage","url":"https:\/\/uvion2.aquatec.sharpness.de\/wp-content\/uploads\/2023\/02\/Photometer_HANNA-133x100-1.jpg","contentUrl":"https:\/\/uvion2.aquatec.sharpness.de\/wp-content\/uploads\/2023\/02\/Photometer_HANNA-133x100-1.jpg"},{"@type":"BreadcrumbList","@id":"https:\/\/www.uvion.com\/es\/productos\/tienda\/dispositivos-de-medicion\/#breadcrumb","itemListElement":[{"@type":"ListItem","position":1,"name":"Startseite","item":"https:\/\/www.uvion.com\/es\/"},{"@type":"ListItem","position":2,"name":"Productos","item":"https:\/\/www.uvion.com\/es\/produkte\/"},{"@type":"ListItem","position":3,"name":"Tienda","item":"https:\/\/www.uvion.com\/es\/produkte\/produktuebersicht\/"},{"@type":"ListItem","position":4,"name":"Dispositivos de medici\u00f3n"}]},{"@type":"WebSite","@id":"https:\/\/www.uvion.com\/es\/#website","url":"https:\/\/www.uvion.com\/es\/","name":"UVION - Por fin. Sin cloro. Sin l\u00e1grimas.","description":"\u00d6ffnen Sie Ihre Augen in kristallklarem Wasser.","publisher":{"@id":"https:\/\/www.uvion.com\/es\/#organization"},"potentialAction":[{"@type":"SearchAction","target":{"@type":"EntryPoint","urlTemplate":"https:\/\/www.uvion.com\/es\/?s={search_term_string}"},"query-input":{"@type":"PropertyValueSpecification","valueRequired":true,"valueName":"search_term_string"}}],"inLanguage":"es"},{"@type":"Organization","@id":"https:\/\/www.uvion.com\/es\/#organization","name":"UVION","url":"https:\/\/www.uvion.com\/es\/","logo":{"@type":"ImageObject","inLanguage":"es","@id":"https:\/\/www.uvion.com\/es\/#\/schema\/logo\/image\/","url":"https:\/\/www.uvion.com\/wp-content\/uploads\/2023\/01\/logo-uvion-web.png","contentUrl":"https:\/\/www.uvion.com\/wp-content\/uploads\/2023\/01\/logo-uvion-web.png","width":293,"height":119,"caption":"UVION"},"image":{"@id":"https:\/\/www.uvion.com\/es\/#\/schema\/logo\/image\/"}}]}},"_links":{"self":[{"href":"https:\/\/www.uvion.com\/es\/wp-json\/wp\/v2\/pages\/1929","targetHints":{"allow":["GET"]}}],"collection":[{"href":"https:\/\/www.uvion.com\/es\/wp-json\/wp\/v2\/pages"}],"about":[{"href":"https:\/\/www.uvion.com\/es\/wp-json\/wp\/v2\/types\/page"}],"author":[{"embeddable":true,"href":"https:\/\/www.uvion.com\/es\/wp-json\/wp\/v2\/users\/1"}],"replies":[{"embeddable":true,"href":"https:\/\/www.uvion.com\/es\/wp-json\/wp\/v2\/comments?post=1929"}],"version-history":[{"count":1,"href":"https:\/\/www.uvion.com\/es\/wp-json\/wp\/v2\/pages\/1929\/revisions"}],"predecessor-version":[{"id":1931,"href":"https:\/\/www.uvion.com\/es\/wp-json\/wp\/v2\/pages\/1929\/revisions\/1931"}],"up":[{"embeddable":true,"href":"https:\/\/www.uvion.com\/es\/wp-json\/wp\/v2\/pages\/1451"}],"wp:attachment":[{"href":"https:\/\/www.uvion.com\/es\/wp-json\/wp\/v2\/media?parent=1929"}],"curies":[{"name":"wp","href":"https:\/\/api.w.org\/{rel}","templated":true}]}}