{"id":1925,"date":"2023-02-07T18:09:06","date_gmt":"2023-02-07T17:09:06","guid":{"rendered":"https:\/\/uvion2.aquatec.sharpness.de\/dosis-de-ph\/"},"modified":"2023-09-07T11:56:02","modified_gmt":"2023-09-07T09:56:02","slug":"dosis-de-ph","status":"publish","type":"page","link":"https:\/\/www.uvion.com\/es\/procedimiento\/tecnologia\/dosis-de-ph\/","title":{"rendered":"dosis de ph"},"content":{"rendered":"\t\t<div data-elementor-type=\"wp-page\" data-elementor-id=\"1925\" class=\"elementor elementor-1925 elementor-406\" data-elementor-post-type=\"page\">\n\t\t\t\t\t\t<section class=\"elementor-section elementor-top-section elementor-element elementor-element-ae24b05 elementor-section-boxed elementor-section-height-default elementor-section-height-default\" data-id=\"ae24b05\" data-element_type=\"section\">\n\t\t\t\t\t\t<div class=\"elementor-container elementor-column-gap-default\">\n\t\t\t\t\t<div class=\"elementor-column elementor-col-33 elementor-top-column elementor-element elementor-element-75e621a\" data-id=\"75e621a\" data-element_type=\"column\">\n\t\t\t<div class=\"elementor-widget-wrap\">\n\t\t\t\t\t\t\t<\/div>\n\t\t<\/div>\n\t\t\t\t<div class=\"elementor-column elementor-col-66 elementor-top-column elementor-element elementor-element-1f60c84\" data-id=\"1f60c84\" data-element_type=\"column\">\n\t\t\t<div class=\"elementor-widget-wrap elementor-element-populated\">\n\t\t\t\t\t\t<div class=\"elementor-element elementor-element-2f3fd39 elementor-widget elementor-widget-text-editor\" data-id=\"2f3fd39\" data-element_type=\"widget\" data-widget_type=\"text-editor.default\">\n\t\t\t\t<div class=\"elementor-widget-container\">\n\t\t\t\t\t\t\t\t\t<p>Es importante para la eficacia de cualquier proceso de tratamiento del agua que se mantenga un determinado valor de pH.<\/p>\n<p>Con el m\u00e9todo UVION, es de 7,0, es decir, neutro. Con UVION, una unidad de dosificaci\u00f3n del pH garantiza que el agua no se vuelva ni \u00e1cida ni b\u00e1sica.<\/p>\n<p>Al convertir una piscina de un tratamiento del agua perjudicial para el medio ambiente al proceso UVION, es posible que ya disponga de un sistema de dosificaci\u00f3n del pH en sus instalaciones.<\/p>\n<p>En las variantes ECO y ECO2, el valor del pH debe comprobarse manualmente con regularidad, ya que estos tipos de unidades se suministran sin sistema de dosificaci\u00f3n del pH. Las variantes de unidad ECO+, ECO+2 y ECO+2-130 se suministran con un sistema de dosificaci\u00f3n del pH que mide autom\u00e1ticamente el valor del pH y lo mantiene en un valor estable de 7,0.  <\/p>\n\t\t\t\t\t\t\t\t<\/div>\n\t\t\t\t<\/div>\n\t\t\t\t\t<\/div>\n\t\t<\/div>\n\t\t\t\t\t<\/div>\n\t\t<\/section>\n\t\t\t\t<\/div>\n\t\t","protected":false},"excerpt":{"rendered":"<p>Es importante para la eficacia de cualquier proceso de tratamiento del agua que se mantenga un determinado valor de pH. Con el m\u00e9todo UVION, es de 7,0, es decir, neutro. Con UVION, una unidad de dosificaci\u00f3n del pH garantiza que el agua no se vuelva ni \u00e1cida ni b\u00e1sica. Al convertir una piscina de un [&hellip;]<\/p>\n","protected":false},"author":1,"featured_media":0,"parent":1954,"menu_order":0,"comment_status":"closed","ping_status":"closed","template":"","meta":{"footnotes":""},"class_list":["post-1925","page","type-page","status-publish","hentry"],"yoast_head":"<!-- This site is optimized with the Yoast SEO plugin v24.8.1 - https:\/\/yoast.com\/wordpress\/plugins\/seo\/ -->\n<title>dosis de ph - UVION - Por fin. Sin cloro. Sin l\u00e1grimas.<\/title>\n<meta name=\"robots\" content=\"noindex, follow, max-snippet:-1, max-image-preview:large, max-video-preview:-1\" \/>\n<meta property=\"og:locale\" content=\"es_ES\" \/>\n<meta property=\"og:type\" content=\"article\" \/>\n<meta property=\"og:title\" content=\"dosis de ph - UVION - Por fin. Sin cloro. Sin l\u00e1grimas.\" \/>\n<meta property=\"og:description\" content=\"Es importante para la eficacia de cualquier proceso de tratamiento del agua que se mantenga un determinado valor de pH. Con el m\u00e9todo UVION, es de 7,0, es decir, neutro. Con UVION, una unidad de dosificaci\u00f3n del pH garantiza que el agua no se vuelva ni \u00e1cida ni b\u00e1sica. Al convertir una piscina de un [&hellip;]\" \/>\n<meta property=\"og:url\" content=\"https:\/\/www.uvion.com\/es\/procedimiento\/tecnologia\/dosis-de-ph\/\" \/>\n<meta property=\"og:site_name\" content=\"UVION - Por fin. Sin cloro. Sin l\u00e1grimas.\" \/>\n<meta property=\"article:modified_time\" content=\"2023-09-07T09:56:02+00:00\" \/>\n<meta name=\"twitter:card\" content=\"summary_large_image\" \/>\n<meta name=\"twitter:label1\" content=\"Tiempo de lectura\" \/>\n\t<meta name=\"twitter:data1\" content=\"1 minuto\" \/>\n<script type=\"application\/ld+json\" class=\"yoast-schema-graph\">{\"@context\":\"https:\/\/schema.org\",\"@graph\":[{\"@type\":\"WebPage\",\"@id\":\"https:\/\/www.uvion.com\/es\/procedimiento\/tecnologia\/dosis-de-ph\/\",\"url\":\"https:\/\/www.uvion.com\/es\/procedimiento\/tecnologia\/dosis-de-ph\/\",\"name\":\"dosis de ph - UVION - Por fin. Sin cloro. Sin l\u00e1grimas.\",\"isPartOf\":{\"@id\":\"https:\/\/www.uvion.com\/es\/#website\"},\"datePublished\":\"2023-02-07T17:09:06+00:00\",\"dateModified\":\"2023-09-07T09:56:02+00:00\",\"breadcrumb\":{\"@id\":\"https:\/\/www.uvion.com\/es\/procedimiento\/tecnologia\/dosis-de-ph\/#breadcrumb\"},\"inLanguage\":\"es\",\"potentialAction\":[{\"@type\":\"ReadAction\",\"target\":[\"https:\/\/www.uvion.com\/es\/procedimiento\/tecnologia\/dosis-de-ph\/\"]}]},{\"@type\":\"BreadcrumbList\",\"@id\":\"https:\/\/www.uvion.com\/es\/procedimiento\/tecnologia\/dosis-de-ph\/#breadcrumb\",\"itemListElement\":[{\"@type\":\"ListItem\",\"position\":1,\"name\":\"Startseite\",\"item\":\"https:\/\/www.uvion.com\/es\/\"},{\"@type\":\"ListItem\",\"position\":2,\"name\":\"Procedimiento\",\"item\":\"https:\/\/www.uvion.com\/es\/verfahren\/\"},{\"@type\":\"ListItem\",\"position\":3,\"name\":\"Tecnolog\u00eda\",\"item\":\"https:\/\/www.uvion.com\/es\/verfahren\/technologie\/\"},{\"@type\":\"ListItem\",\"position\":4,\"name\":\"dosis de ph\"}]},{\"@type\":\"WebSite\",\"@id\":\"https:\/\/www.uvion.com\/es\/#website\",\"url\":\"https:\/\/www.uvion.com\/es\/\",\"name\":\"UVION - Por fin. Sin cloro. Sin l\u00e1grimas.\",\"description\":\"\u00d6ffnen Sie Ihre Augen in kristallklarem Wasser.\",\"publisher\":{\"@id\":\"https:\/\/www.uvion.com\/es\/#organization\"},\"potentialAction\":[{\"@type\":\"SearchAction\",\"target\":{\"@type\":\"EntryPoint\",\"urlTemplate\":\"https:\/\/www.uvion.com\/es\/?s={search_term_string}\"},\"query-input\":{\"@type\":\"PropertyValueSpecification\",\"valueRequired\":true,\"valueName\":\"search_term_string\"}}],\"inLanguage\":\"es\"},{\"@type\":\"Organization\",\"@id\":\"https:\/\/www.uvion.com\/es\/#organization\",\"name\":\"UVION\",\"url\":\"https:\/\/www.uvion.com\/es\/\",\"logo\":{\"@type\":\"ImageObject\",\"inLanguage\":\"es\",\"@id\":\"https:\/\/www.uvion.com\/es\/#\/schema\/logo\/image\/\",\"url\":\"https:\/\/www.uvion.com\/wp-content\/uploads\/2023\/01\/logo-uvion-web.png\",\"contentUrl\":\"https:\/\/www.uvion.com\/wp-content\/uploads\/2023\/01\/logo-uvion-web.png\",\"width\":293,\"height\":119,\"caption\":\"UVION\"},\"image\":{\"@id\":\"https:\/\/www.uvion.com\/es\/#\/schema\/logo\/image\/\"}}]}<\/script>\n<!-- \/ Yoast SEO plugin. -->","yoast_head_json":{"title":"dosis de ph - UVION - Por fin. Sin cloro. Sin l\u00e1grimas.","robots":{"index":"noindex","follow":"follow","max-snippet":"max-snippet:-1","max-image-preview":"max-image-preview:large","max-video-preview":"max-video-preview:-1"},"og_locale":"es_ES","og_type":"article","og_title":"dosis de ph - UVION - Por fin. Sin cloro. Sin l\u00e1grimas.","og_description":"Es importante para la eficacia de cualquier proceso de tratamiento del agua que se mantenga un determinado valor de pH. Con el m\u00e9todo UVION, es de 7,0, es decir, neutro. Con UVION, una unidad de dosificaci\u00f3n del pH garantiza que el agua no se vuelva ni \u00e1cida ni b\u00e1sica. Al convertir una piscina de un [&hellip;]","og_url":"https:\/\/www.uvion.com\/es\/procedimiento\/tecnologia\/dosis-de-ph\/","og_site_name":"UVION - Por fin. Sin cloro. Sin l\u00e1grimas.","article_modified_time":"2023-09-07T09:56:02+00:00","twitter_card":"summary_large_image","twitter_misc":{"Tiempo de lectura":"1 minuto"},"schema":{"@context":"https:\/\/schema.org","@graph":[{"@type":"WebPage","@id":"https:\/\/www.uvion.com\/es\/procedimiento\/tecnologia\/dosis-de-ph\/","url":"https:\/\/www.uvion.com\/es\/procedimiento\/tecnologia\/dosis-de-ph\/","name":"dosis de ph - UVION - Por fin. Sin cloro. Sin l\u00e1grimas.","isPartOf":{"@id":"https:\/\/www.uvion.com\/es\/#website"},"datePublished":"2023-02-07T17:09:06+00:00","dateModified":"2023-09-07T09:56:02+00:00","breadcrumb":{"@id":"https:\/\/www.uvion.com\/es\/procedimiento\/tecnologia\/dosis-de-ph\/#breadcrumb"},"inLanguage":"es","potentialAction":[{"@type":"ReadAction","target":["https:\/\/www.uvion.com\/es\/procedimiento\/tecnologia\/dosis-de-ph\/"]}]},{"@type":"BreadcrumbList","@id":"https:\/\/www.uvion.com\/es\/procedimiento\/tecnologia\/dosis-de-ph\/#breadcrumb","itemListElement":[{"@type":"ListItem","position":1,"name":"Startseite","item":"https:\/\/www.uvion.com\/es\/"},{"@type":"ListItem","position":2,"name":"Procedimiento","item":"https:\/\/www.uvion.com\/es\/verfahren\/"},{"@type":"ListItem","position":3,"name":"Tecnolog\u00eda","item":"https:\/\/www.uvion.com\/es\/verfahren\/technologie\/"},{"@type":"ListItem","position":4,"name":"dosis de ph"}]},{"@type":"WebSite","@id":"https:\/\/www.uvion.com\/es\/#website","url":"https:\/\/www.uvion.com\/es\/","name":"UVION - Por fin. Sin cloro. Sin l\u00e1grimas.","description":"\u00d6ffnen Sie Ihre Augen in kristallklarem Wasser.","publisher":{"@id":"https:\/\/www.uvion.com\/es\/#organization"},"potentialAction":[{"@type":"SearchAction","target":{"@type":"EntryPoint","urlTemplate":"https:\/\/www.uvion.com\/es\/?s={search_term_string}"},"query-input":{"@type":"PropertyValueSpecification","valueRequired":true,"valueName":"search_term_string"}}],"inLanguage":"es"},{"@type":"Organization","@id":"https:\/\/www.uvion.com\/es\/#organization","name":"UVION","url":"https:\/\/www.uvion.com\/es\/","logo":{"@type":"ImageObject","inLanguage":"es","@id":"https:\/\/www.uvion.com\/es\/#\/schema\/logo\/image\/","url":"https:\/\/www.uvion.com\/wp-content\/uploads\/2023\/01\/logo-uvion-web.png","contentUrl":"https:\/\/www.uvion.com\/wp-content\/uploads\/2023\/01\/logo-uvion-web.png","width":293,"height":119,"caption":"UVION"},"image":{"@id":"https:\/\/www.uvion.com\/es\/#\/schema\/logo\/image\/"}}]}},"_links":{"self":[{"href":"https:\/\/www.uvion.com\/es\/wp-json\/wp\/v2\/pages\/1925","targetHints":{"allow":["GET"]}}],"collection":[{"href":"https:\/\/www.uvion.com\/es\/wp-json\/wp\/v2\/pages"}],"about":[{"href":"https:\/\/www.uvion.com\/es\/wp-json\/wp\/v2\/types\/page"}],"author":[{"embeddable":true,"href":"https:\/\/www.uvion.com\/es\/wp-json\/wp\/v2\/users\/1"}],"replies":[{"embeddable":true,"href":"https:\/\/www.uvion.com\/es\/wp-json\/wp\/v2\/comments?post=1925"}],"version-history":[{"count":1,"href":"https:\/\/www.uvion.com\/es\/wp-json\/wp\/v2\/pages\/1925\/revisions"}],"predecessor-version":[{"id":1928,"href":"https:\/\/www.uvion.com\/es\/wp-json\/wp\/v2\/pages\/1925\/revisions\/1928"}],"up":[{"embeddable":true,"href":"https:\/\/www.uvion.com\/es\/wp-json\/wp\/v2\/pages\/1954"}],"wp:attachment":[{"href":"https:\/\/www.uvion.com\/es\/wp-json\/wp\/v2\/media?parent=1925"}],"curies":[{"name":"wp","href":"https:\/\/api.w.org\/{rel}","templated":true}]}}