{"id":1920,"date":"2023-04-21T13:24:14","date_gmt":"2023-04-21T11:24:14","guid":{"rendered":"https:\/\/uvion2.aquatec.sharpness.de\/apoye\/"},"modified":"2023-09-07T11:56:02","modified_gmt":"2023-09-07T09:56:02","slug":"apoye","status":"publish","type":"page","link":"https:\/\/www.uvion.com\/es\/apoye\/","title":{"rendered":"Apoye"},"content":{"rendered":"\t\t<div data-elementor-type=\"wp-page\" data-elementor-id=\"1920\" class=\"elementor elementor-1920 elementor-857\" data-elementor-post-type=\"page\">\n\t\t\t\t\t\t<section class=\"elementor-section elementor-top-section elementor-element elementor-element-0194493 elementor-section-boxed elementor-section-height-default elementor-section-height-default\" data-id=\"0194493\" data-element_type=\"section\">\n\t\t\t\t\t\t<div class=\"elementor-container elementor-column-gap-default\">\n\t\t\t\t\t<div class=\"elementor-column elementor-col-100 elementor-top-column elementor-element elementor-element-f2d6487\" data-id=\"f2d6487\" data-element_type=\"column\">\n\t\t\t<div class=\"elementor-widget-wrap elementor-element-populated\">\n\t\t\t\t\t\t<div class=\"elementor-element elementor-element-5ca7bd4 elementor-widget elementor-widget-heading\" data-id=\"5ca7bd4\" data-element_type=\"widget\" data-widget_type=\"heading.default\">\n\t\t\t\t<div class=\"elementor-widget-container\">\n\t\t\t\t\t<h3 class=\"elementor-heading-title elementor-size-default\"><p>Nuestro asesor experto para sus preguntas<\/p><\/h3>\t\t\t\t<\/div>\n\t\t\t\t<\/div>\n\t\t\t\t\t<\/div>\n\t\t<\/div>\n\t\t\t\t\t<\/div>\n\t\t<\/section>\n\t\t\t\t<section class=\"elementor-section elementor-top-section elementor-element elementor-element-5b0be1f elementor-section-boxed elementor-section-height-default elementor-section-height-default\" data-id=\"5b0be1f\" data-element_type=\"section\">\n\t\t\t\t\t\t<div class=\"elementor-container elementor-column-gap-default\">\n\t\t\t\t\t<div class=\"elementor-column elementor-col-33 elementor-top-column elementor-element elementor-element-b193e90\" data-id=\"b193e90\" data-element_type=\"column\">\n\t\t\t<div class=\"elementor-widget-wrap elementor-element-populated\">\n\t\t\t\t\t\t<div class=\"elementor-element elementor-element-e706a72 elementor-widget elementor-widget-image\" data-id=\"e706a72\" data-element_type=\"widget\" data-widget_type=\"image.default\">\n\t\t\t\t<div class=\"elementor-widget-container\">\n\t\t\t\t\t\t\t\t\t\t\t\t\t\t\t<img fetchpriority=\"high\" decoding=\"async\" width=\"300\" height=\"200\" src=\"https:\/\/www.uvion.com\/wp-content\/uploads\/2023\/04\/Hofmann_Benjamin-1-300x200.jpg\" class=\"attachment-medium size-medium wp-image-951\" alt=\"\" srcset=\"https:\/\/www.uvion.com\/wp-content\/uploads\/2023\/04\/Hofmann_Benjamin-1-300x200.jpg 300w, https:\/\/www.uvion.com\/wp-content\/uploads\/2023\/04\/Hofmann_Benjamin-1.jpg 709w\" sizes=\"(max-width: 300px) 100vw, 300px\" \/>\t\t\t\t\t\t\t\t\t\t\t\t\t\t\t<\/div>\n\t\t\t\t<\/div>\n\t\t\t\t\t<\/div>\n\t\t<\/div>\n\t\t\t\t<div class=\"elementor-column elementor-col-33 elementor-top-column elementor-element elementor-element-8442e29\" data-id=\"8442e29\" data-element_type=\"column\">\n\t\t\t<div class=\"elementor-widget-wrap elementor-element-populated\">\n\t\t\t\t\t\t<div class=\"elementor-element elementor-element-ea7fd24 elementor-widget elementor-widget-text-editor\" data-id=\"ea7fd24\" data-element_type=\"widget\" data-widget_type=\"text-editor.default\">\n\t\t\t\t<div class=\"elementor-widget-container\">\n\t\t\t\t\t\t\t\t\t<div class=\"col order-1 order-md-2 w-50\">\n<h4><strong>Benjamin Hofmann<\/strong><\/h4>\n<p>Responsable t\u00e9cnico<em>y atenci\u00f3n al cliente, en todo el mundo<br \/>Responsable t\u00e9cnico y atenci\u00f3n al cliente, en todo el mundo<\/em><\/p>\n<p>+49 (0) 171 &#8211; 868 46 99<\/p>\n<p><a href=\"mailto:hofmann@aquatechnik.com?subject=Anfrage%20von%20uvion.com\">\u00abEscribir correo<\/a><\/p>\n<\/div>\n\t\t\t\t\t\t\t\t<\/div>\n\t\t\t\t<\/div>\n\t\t\t\t\t<\/div>\n\t\t<\/div>\n\t\t\t\t<div class=\"elementor-column elementor-col-33 elementor-top-column elementor-element elementor-element-019a294\" data-id=\"019a294\" data-element_type=\"column\">\n\t\t\t<div class=\"elementor-widget-wrap\">\n\t\t\t\t\t\t\t<\/div>\n\t\t<\/div>\n\t\t\t\t\t<\/div>\n\t\t<\/section>\n\t\t\t\t<section class=\"elementor-section elementor-top-section elementor-element elementor-element-466d359f elementor-section-boxed elementor-section-height-default elementor-section-height-default\" data-id=\"466d359f\" data-element_type=\"section\">\n\t\t\t\t\t\t<div class=\"elementor-container elementor-column-gap-default\">\n\t\t\t\t\t<div class=\"elementor-column elementor-col-100 elementor-top-column elementor-element elementor-element-4f1950fd\" data-id=\"4f1950fd\" data-element_type=\"column\">\n\t\t\t<div class=\"elementor-widget-wrap elementor-element-populated\">\n\t\t\t\t\t\t<div class=\"elementor-element elementor-element-4e65858f elementor-widget elementor-widget-text-editor\" data-id=\"4e65858f\" data-element_type=\"widget\" data-widget_type=\"text-editor.default\">\n\t\t\t\t<div class=\"elementor-widget-container\">\n\t\t\t\t\t\t\t\t\t<p><strong>Si tiene alguna duda, s\u00f3lo tiene que preguntar &#8211;<\/strong><br \/><strong>Su asesor le aconsejar\u00e1 sobre&#8230;<\/strong><\/p>\n<p>\u00abPosibles aplicaciones del sistema UVion<br \/>\u00abNueva instalaci\u00f3n<br \/>\u00bb Renovaci\u00f3n de piscinas y fuentes existentes<\/p>\n<p>\u00bb sobre medidas de atenci\u00f3n y productos<br \/>\u00abConsumibles<br \/>\u00bb Formaciones<\/p>\n<p>&#8230; y lo que usted quiere saber.<\/p>\n<p><strong>UVion-  <\/strong><br \/><strong>el innovador sistema de tratamiento del agua sin cloro<\/strong> <br \/>en piscinas, estanques y fuentes&#8230; para uso interior y exterior<\/p>\n<p><strong>UVion &#8211;  <\/strong><br \/><strong>Tratamiento del agua sin l\u00e1grimas y sin olor a cloro<\/strong><br \/>P\u00f3ngase en contacto con nosotros e inf\u00f3rmese.<\/p>\n\t\t\t\t\t\t\t\t<\/div>\n\t\t\t\t<\/div>\n\t\t\t\t\t<\/div>\n\t\t<\/div>\n\t\t\t\t\t<\/div>\n\t\t<\/section>\n\t\t\t\t<section class=\"elementor-section elementor-top-section elementor-element elementor-element-53c8d2e elementor-section-boxed elementor-section-height-default elementor-section-height-default\" data-id=\"53c8d2e\" data-element_type=\"section\">\n\t\t\t\t\t\t<div class=\"elementor-container elementor-column-gap-default\">\n\t\t\t\t\t<div class=\"elementor-column elementor-col-100 elementor-top-column elementor-element elementor-element-81bc7a6\" data-id=\"81bc7a6\" data-element_type=\"column\">\n\t\t\t<div class=\"elementor-widget-wrap elementor-element-populated\">\n\t\t\t\t\t\t<div class=\"elementor-element elementor-element-e7dc3e7 elementor-widget elementor-widget-text-editor\" data-id=\"e7dc3e7\" data-element_type=\"widget\" data-widget_type=\"text-editor.default\">\n\t\t\t\t<div class=\"elementor-widget-container\">\n\t\t\t\t\t\t\t\t\t<\/p>\n<p><strong>Si tiene alguna duda, s\u00f3lo tiene que preguntar &#8211;<\/strong><br \/><strong>Nuestro asesor t\u00e9cnico le aconsejar\u00e1&#8230;<\/strong><\/p>\n<p>\u00abPosibles aplicaciones del sistema UVion<br \/>\u00abNueva instalaci\u00f3n<br \/>\u00bb Renovaci\u00f3n de piscinas y fuentes existentes<\/p>\n<p>\u00bb Medidas y productos de mantenimiento<br \/>\u00abConsumibles<br \/>\u00bb Cursos de formaci\u00f3n<\/p>\n<p>&#8230; y lo que usted quiere saber<\/p>\n<p><strong>UVion- el innovador sistema para el tratamiento del agua sin cloro<\/strong><br \/>en piscinas, estanques y fuentes&#8230; para uso interior y exterior.<\/p>\n<p><strong>UVion &#8211; tratamiento del agua sin l\u00e1grimas y sin olor a cloro<\/strong><br \/>P\u00f3ngase en contacto con nosotros ahora y obtenga m\u00e1s informaci\u00f3n<\/p>\n\t\t\t\t\t\t\t\t<\/div>\n\t\t\t\t<\/div>\n\t\t\t\t\t<\/div>\n\t\t<\/div>\n\t\t\t\t\t<\/div>\n\t\t<\/section>\n\t\t\t\t<\/div>\n\t\t","protected":false},"excerpt":{"rendered":"<p>Nuestro asesor experto para sus preguntas Benjamin Hofmann Responsable t\u00e9cnicoy atenci\u00f3n al cliente, en todo el mundoResponsable t\u00e9cnico y atenci\u00f3n al cliente, en todo el mundo +49 (0) 171 &#8211; 868 46 99 \u00abEscribir correo Si tiene alguna duda, s\u00f3lo tiene que preguntar &#8211;Su asesor le aconsejar\u00e1 sobre&#8230; \u00abPosibles aplicaciones del sistema UVion\u00abNueva instalaci\u00f3n\u00bb Renovaci\u00f3n [&hellip;]<\/p>\n","protected":false},"author":1,"featured_media":0,"parent":0,"menu_order":0,"comment_status":"closed","ping_status":"closed","template":"","meta":{"footnotes":""},"class_list":["post-1920","page","type-page","status-publish","hentry"],"yoast_head":"<!-- This site is optimized with the Yoast SEO plugin v24.8.1 - https:\/\/yoast.com\/wordpress\/plugins\/seo\/ -->\n<title>Apoye - UVION - Por fin. Sin cloro. Sin l\u00e1grimas.<\/title>\n<meta name=\"robots\" content=\"noindex, follow, max-snippet:-1, max-image-preview:large, max-video-preview:-1\" \/>\n<meta property=\"og:locale\" content=\"es_ES\" \/>\n<meta property=\"og:type\" content=\"article\" \/>\n<meta property=\"og:title\" content=\"Apoye - UVION - Por fin. Sin cloro. Sin l\u00e1grimas.\" \/>\n<meta property=\"og:description\" content=\"Nuestro asesor experto para sus preguntas Benjamin Hofmann Responsable t\u00e9cnicoy atenci\u00f3n al cliente, en todo el mundoResponsable t\u00e9cnico y atenci\u00f3n al cliente, en todo el mundo +49 (0) 171 &#8211; 868 46 99 \u00abEscribir correo Si tiene alguna duda, s\u00f3lo tiene que preguntar &#8211;Su asesor le aconsejar\u00e1 sobre&#8230; \u00abPosibles aplicaciones del sistema UVion\u00abNueva instalaci\u00f3n\u00bb Renovaci\u00f3n [&hellip;]\" \/>\n<meta property=\"og:url\" content=\"https:\/\/www.uvion.com\/es\/apoye\/\" \/>\n<meta property=\"og:site_name\" content=\"UVION - Por fin. Sin cloro. Sin l\u00e1grimas.\" \/>\n<meta property=\"article:modified_time\" content=\"2023-09-07T09:56:02+00:00\" \/>\n<meta property=\"og:image\" content=\"https:\/\/uvion2.aquatec.sharpness.de\/wp-content\/uploads\/2023\/04\/Hofmann_Benjamin-1-300x200.jpg\" \/>\n<meta name=\"twitter:card\" content=\"summary_large_image\" \/>\n<meta name=\"twitter:label1\" content=\"Tiempo de lectura\" \/>\n\t<meta name=\"twitter:data1\" content=\"1 minuto\" \/>\n<script type=\"application\/ld+json\" class=\"yoast-schema-graph\">{\"@context\":\"https:\/\/schema.org\",\"@graph\":[{\"@type\":\"WebPage\",\"@id\":\"https:\/\/www.uvion.com\/es\/apoye\/\",\"url\":\"https:\/\/www.uvion.com\/es\/apoye\/\",\"name\":\"Apoye - UVION - Por fin. Sin cloro. Sin l\u00e1grimas.\",\"isPartOf\":{\"@id\":\"https:\/\/www.uvion.com\/es\/#website\"},\"primaryImageOfPage\":{\"@id\":\"https:\/\/www.uvion.com\/es\/apoye\/#primaryimage\"},\"image\":{\"@id\":\"https:\/\/www.uvion.com\/es\/apoye\/#primaryimage\"},\"thumbnailUrl\":\"https:\/\/uvion2.aquatec.sharpness.de\/wp-content\/uploads\/2023\/04\/Hofmann_Benjamin-1-300x200.jpg\",\"datePublished\":\"2023-04-21T11:24:14+00:00\",\"dateModified\":\"2023-09-07T09:56:02+00:00\",\"breadcrumb\":{\"@id\":\"https:\/\/www.uvion.com\/es\/apoye\/#breadcrumb\"},\"inLanguage\":\"es\",\"potentialAction\":[{\"@type\":\"ReadAction\",\"target\":[\"https:\/\/www.uvion.com\/es\/apoye\/\"]}]},{\"@type\":\"ImageObject\",\"inLanguage\":\"es\",\"@id\":\"https:\/\/www.uvion.com\/es\/apoye\/#primaryimage\",\"url\":\"https:\/\/uvion2.aquatec.sharpness.de\/wp-content\/uploads\/2023\/04\/Hofmann_Benjamin-1-300x200.jpg\",\"contentUrl\":\"https:\/\/uvion2.aquatec.sharpness.de\/wp-content\/uploads\/2023\/04\/Hofmann_Benjamin-1-300x200.jpg\"},{\"@type\":\"BreadcrumbList\",\"@id\":\"https:\/\/www.uvion.com\/es\/apoye\/#breadcrumb\",\"itemListElement\":[{\"@type\":\"ListItem\",\"position\":1,\"name\":\"Startseite\",\"item\":\"https:\/\/www.uvion.com\/es\/\"},{\"@type\":\"ListItem\",\"position\":2,\"name\":\"Apoye\"}]},{\"@type\":\"WebSite\",\"@id\":\"https:\/\/www.uvion.com\/es\/#website\",\"url\":\"https:\/\/www.uvion.com\/es\/\",\"name\":\"UVION - Por fin. Sin cloro. Sin l\u00e1grimas.\",\"description\":\"\u00d6ffnen Sie Ihre Augen in kristallklarem Wasser.\",\"publisher\":{\"@id\":\"https:\/\/www.uvion.com\/es\/#organization\"},\"potentialAction\":[{\"@type\":\"SearchAction\",\"target\":{\"@type\":\"EntryPoint\",\"urlTemplate\":\"https:\/\/www.uvion.com\/es\/?s={search_term_string}\"},\"query-input\":{\"@type\":\"PropertyValueSpecification\",\"valueRequired\":true,\"valueName\":\"search_term_string\"}}],\"inLanguage\":\"es\"},{\"@type\":\"Organization\",\"@id\":\"https:\/\/www.uvion.com\/es\/#organization\",\"name\":\"UVION\",\"url\":\"https:\/\/www.uvion.com\/es\/\",\"logo\":{\"@type\":\"ImageObject\",\"inLanguage\":\"es\",\"@id\":\"https:\/\/www.uvion.com\/es\/#\/schema\/logo\/image\/\",\"url\":\"https:\/\/www.uvion.com\/wp-content\/uploads\/2023\/01\/logo-uvion-web.png\",\"contentUrl\":\"https:\/\/www.uvion.com\/wp-content\/uploads\/2023\/01\/logo-uvion-web.png\",\"width\":293,\"height\":119,\"caption\":\"UVION\"},\"image\":{\"@id\":\"https:\/\/www.uvion.com\/es\/#\/schema\/logo\/image\/\"}}]}<\/script>\n<!-- \/ Yoast SEO plugin. -->","yoast_head_json":{"title":"Apoye - UVION - Por fin. Sin cloro. Sin l\u00e1grimas.","robots":{"index":"noindex","follow":"follow","max-snippet":"max-snippet:-1","max-image-preview":"max-image-preview:large","max-video-preview":"max-video-preview:-1"},"og_locale":"es_ES","og_type":"article","og_title":"Apoye - UVION - Por fin. Sin cloro. Sin l\u00e1grimas.","og_description":"Nuestro asesor experto para sus preguntas Benjamin Hofmann Responsable t\u00e9cnicoy atenci\u00f3n al cliente, en todo el mundoResponsable t\u00e9cnico y atenci\u00f3n al cliente, en todo el mundo +49 (0) 171 &#8211; 868 46 99 \u00abEscribir correo Si tiene alguna duda, s\u00f3lo tiene que preguntar &#8211;Su asesor le aconsejar\u00e1 sobre&#8230; \u00abPosibles aplicaciones del sistema UVion\u00abNueva instalaci\u00f3n\u00bb Renovaci\u00f3n [&hellip;]","og_url":"https:\/\/www.uvion.com\/es\/apoye\/","og_site_name":"UVION - Por fin. Sin cloro. Sin l\u00e1grimas.","article_modified_time":"2023-09-07T09:56:02+00:00","og_image":[{"url":"https:\/\/uvion2.aquatec.sharpness.de\/wp-content\/uploads\/2023\/04\/Hofmann_Benjamin-1-300x200.jpg","type":"","width":"","height":""}],"twitter_card":"summary_large_image","twitter_misc":{"Tiempo de lectura":"1 minuto"},"schema":{"@context":"https:\/\/schema.org","@graph":[{"@type":"WebPage","@id":"https:\/\/www.uvion.com\/es\/apoye\/","url":"https:\/\/www.uvion.com\/es\/apoye\/","name":"Apoye - UVION - Por fin. Sin cloro. Sin l\u00e1grimas.","isPartOf":{"@id":"https:\/\/www.uvion.com\/es\/#website"},"primaryImageOfPage":{"@id":"https:\/\/www.uvion.com\/es\/apoye\/#primaryimage"},"image":{"@id":"https:\/\/www.uvion.com\/es\/apoye\/#primaryimage"},"thumbnailUrl":"https:\/\/uvion2.aquatec.sharpness.de\/wp-content\/uploads\/2023\/04\/Hofmann_Benjamin-1-300x200.jpg","datePublished":"2023-04-21T11:24:14+00:00","dateModified":"2023-09-07T09:56:02+00:00","breadcrumb":{"@id":"https:\/\/www.uvion.com\/es\/apoye\/#breadcrumb"},"inLanguage":"es","potentialAction":[{"@type":"ReadAction","target":["https:\/\/www.uvion.com\/es\/apoye\/"]}]},{"@type":"ImageObject","inLanguage":"es","@id":"https:\/\/www.uvion.com\/es\/apoye\/#primaryimage","url":"https:\/\/uvion2.aquatec.sharpness.de\/wp-content\/uploads\/2023\/04\/Hofmann_Benjamin-1-300x200.jpg","contentUrl":"https:\/\/uvion2.aquatec.sharpness.de\/wp-content\/uploads\/2023\/04\/Hofmann_Benjamin-1-300x200.jpg"},{"@type":"BreadcrumbList","@id":"https:\/\/www.uvion.com\/es\/apoye\/#breadcrumb","itemListElement":[{"@type":"ListItem","position":1,"name":"Startseite","item":"https:\/\/www.uvion.com\/es\/"},{"@type":"ListItem","position":2,"name":"Apoye"}]},{"@type":"WebSite","@id":"https:\/\/www.uvion.com\/es\/#website","url":"https:\/\/www.uvion.com\/es\/","name":"UVION - Por fin. Sin cloro. Sin l\u00e1grimas.","description":"\u00d6ffnen Sie Ihre Augen in kristallklarem Wasser.","publisher":{"@id":"https:\/\/www.uvion.com\/es\/#organization"},"potentialAction":[{"@type":"SearchAction","target":{"@type":"EntryPoint","urlTemplate":"https:\/\/www.uvion.com\/es\/?s={search_term_string}"},"query-input":{"@type":"PropertyValueSpecification","valueRequired":true,"valueName":"search_term_string"}}],"inLanguage":"es"},{"@type":"Organization","@id":"https:\/\/www.uvion.com\/es\/#organization","name":"UVION","url":"https:\/\/www.uvion.com\/es\/","logo":{"@type":"ImageObject","inLanguage":"es","@id":"https:\/\/www.uvion.com\/es\/#\/schema\/logo\/image\/","url":"https:\/\/www.uvion.com\/wp-content\/uploads\/2023\/01\/logo-uvion-web.png","contentUrl":"https:\/\/www.uvion.com\/wp-content\/uploads\/2023\/01\/logo-uvion-web.png","width":293,"height":119,"caption":"UVION"},"image":{"@id":"https:\/\/www.uvion.com\/es\/#\/schema\/logo\/image\/"}}]}},"_links":{"self":[{"href":"https:\/\/www.uvion.com\/es\/wp-json\/wp\/v2\/pages\/1920","targetHints":{"allow":["GET"]}}],"collection":[{"href":"https:\/\/www.uvion.com\/es\/wp-json\/wp\/v2\/pages"}],"about":[{"href":"https:\/\/www.uvion.com\/es\/wp-json\/wp\/v2\/types\/page"}],"author":[{"embeddable":true,"href":"https:\/\/www.uvion.com\/es\/wp-json\/wp\/v2\/users\/1"}],"replies":[{"embeddable":true,"href":"https:\/\/www.uvion.com\/es\/wp-json\/wp\/v2\/comments?post=1920"}],"version-history":[{"count":1,"href":"https:\/\/www.uvion.com\/es\/wp-json\/wp\/v2\/pages\/1920\/revisions"}],"predecessor-version":[{"id":1924,"href":"https:\/\/www.uvion.com\/es\/wp-json\/wp\/v2\/pages\/1920\/revisions\/1924"}],"wp:attachment":[{"href":"https:\/\/www.uvion.com\/es\/wp-json\/wp\/v2\/media?parent=1920"}],"curies":[{"name":"wp","href":"https:\/\/api.w.org\/{rel}","templated":true}]}}