{"id":1786,"date":"2023-05-16T13:19:38","date_gmt":"2023-05-16T11:19:38","guid":{"rendered":"https:\/\/uvion2.aquatec.sharpness.de\/solicitar-un-presupuesto\/"},"modified":"2023-09-07T11:40:09","modified_gmt":"2023-09-07T09:40:09","slug":"solicitar-un-presupuesto","status":"publish","type":"page","link":"https:\/\/www.uvion.com\/es\/solicitar-un-presupuesto\/","title":{"rendered":"Solicitar un presupuesto"},"content":{"rendered":"\t\t<div data-elementor-type=\"wp-page\" data-elementor-id=\"1786\" class=\"elementor elementor-1786 elementor-1106\" data-elementor-post-type=\"page\">\n\t\t\t\t\t\t<section class=\"elementor-section elementor-top-section elementor-element elementor-element-11fb8726 elementor-section-boxed elementor-section-height-default elementor-section-height-default\" data-id=\"11fb8726\" data-element_type=\"section\">\n\t\t\t\t\t\t<div class=\"elementor-container elementor-column-gap-default\">\n\t\t\t\t\t<div class=\"elementor-column elementor-col-100 elementor-top-column elementor-element elementor-element-172876a2\" data-id=\"172876a2\" data-element_type=\"column\">\n\t\t\t<div class=\"elementor-widget-wrap elementor-element-populated\">\n\t\t\t\t\t\t<div class=\"elementor-element elementor-element-40914ac0 elementor-widget elementor-widget-text-editor\" data-id=\"40914ac0\" data-element_type=\"widget\" data-widget_type=\"text-editor.default\">\n\t\t\t\t<div class=\"elementor-widget-container\">\n\t\t\t\t\t\t\t\t\t\n<div class=\"woocommerce ywraq-wrapper ywraq-empty ywraq-with-form\">\n\t\t\t<div id=\"yith-ywraq-message\"><div class=\"ywraq-question-message\">\n\t<\/div>\n<\/div>\n\t\t\n\t\t\t\t<div class=\"ywraq-form-table-wrapper wide\">\n\t\t\t<div class=\"ywraq-before-form\">\n\t<p class=\"ywraq_list_empty_message\">Tu lista est\u00e1 vac\u00eda, a\u00f1ade productos a la lista para enviar una solicitud<p><p class=\"return-to-shop\"><a class=\"button wc-backward\" href=\"\/produkte\/produktuebersicht\/\">A\u00f1adir m\u00e1s productos<\/a><\/p><\/div>\n\t\t\t\t\t\t\t\t\t\t\t\t<div class=\"yith-ywraq-mail-form-wrapper\">\n\t<h3>Enviar petici\u00f3n<\/h3>\n\t<form id=\"yith-ywraq-default-form\" name=\"yith-ywraq-default-form\"\n\t\taction=\"https:\/\/www.uvion.com\/es\/solicitar-un-presupuesto\/\" method=\"post\"\n\t\tenctype=\"multipart\/form-data\">\n\t\t<input type=\"hidden\" id=\"yith-ywraq-default-form-sent\" name=\"yith-ywraq-default-form-sent\" value=\"1\">\n\t\t\t\t<p class=\"form-row form-row-wide validate-required\" id=\"haendler_privat_field\" data-priority=\"\"><label for=\"haendler_privat_fachandler\" class=\"required_field\">Distribuidor especializado\/particular *&nbsp;<span class=\"required\" aria-hidden=\"true\">*<\/span><\/label><span class=\"woocommerce-input-wrapper\"><input type=\"radio\" class=\"input-radio \" value=\"fachandler\" name=\"haendler_privat\" aria-required=\"true\" id=\"haendler_privat_fachandler\" \/><label for=\"haendler_privat_fachandler\" class=\"radio required_field\">distribuidor especializado&nbsp;<span class=\"required\" aria-hidden=\"true\">*<\/span><\/label><input type=\"radio\" class=\"input-radio \" value=\"privat\" name=\"haendler_privat\" aria-required=\"true\" id=\"haendler_privat_privat\" \/><label for=\"haendler_privat_privat\" class=\"radio required_field\">Ciudadano privado&nbsp;<span class=\"required\" aria-hidden=\"true\">*<\/span><\/label><\/span><\/p><p class=\"form-row form-row-wide validate-required\" id=\"first_name_field\" data-priority=\"\"><label for=\"first_name\" class=\"required_field\">Nombre de pila&nbsp;<span class=\"required\" aria-hidden=\"true\">*<\/span><\/label><span class=\"woocommerce-input-wrapper\"><input type=\"text\" class=\"input-text \" name=\"first_name\" id=\"first_name\" placeholder=\"\"  value=\"\" aria-required=\"true\" \/><\/span><\/p><p class=\"form-row form-row-wide validate-required\" id=\"last_name_field\" data-priority=\"\"><label for=\"last_name\" class=\"required_field\">Nachname *&nbsp;<span class=\"required\" aria-hidden=\"true\">*<\/span><\/label><span class=\"woocommerce-input-wrapper\"><input type=\"text\" class=\"input-text \" name=\"last_name\" id=\"last_name\" placeholder=\"\"  value=\"\" aria-required=\"true\" \/><\/span><\/p><p class=\"form-row form-row-wide\" id=\"firma_field\" data-priority=\"\"><label for=\"firma\" class=\"\">Firma&nbsp;<span class=\"optional\">(opcional)<\/span><\/label><span class=\"woocommerce-input-wrapper\"><input type=\"text\" class=\"input-text \" name=\"firma\" id=\"firma\" placeholder=\"Empresa\"  value=\"\"  \/><\/span><\/p><p class=\"form-row form-row-wide validate-required\" id=\"strae__nr_field\" data-priority=\"\"><label for=\"strae__nr\" class=\"required_field\">Stra\u00dfe + Nr. *&nbsp;<span class=\"required\" aria-hidden=\"true\">*<\/span><\/label><span class=\"woocommerce-input-wrapper\"><input type=\"text\" class=\"input-text \" name=\"strae__nr\" id=\"strae__nr\" placeholder=\"Calle + No.\"  value=\"\" aria-required=\"true\" \/><\/span><\/p><p class=\"form-row form-row-wide validate-required\" id=\"plz_field\" data-priority=\"\"><label for=\"plz\" class=\"required_field\">C\u00d3DIGO POSTAL *&nbsp;<span class=\"required\" aria-hidden=\"true\">*<\/span><\/label><span class=\"woocommerce-input-wrapper\"><input type=\"text\" class=\"input-text \" name=\"plz\" id=\"plz\" placeholder=\"\"  value=\"\" aria-required=\"true\" \/><\/span><\/p><p class=\"form-row form-row-wide validate-required\" id=\"ort_field\" data-priority=\"\"><label for=\"ort\" class=\"required_field\">Lugar&nbsp;<span class=\"required\" aria-hidden=\"true\">*<\/span><\/label><span class=\"woocommerce-input-wrapper\"><input type=\"text\" class=\"input-text \" name=\"ort\" id=\"ort\" placeholder=\"\"  value=\"\" aria-required=\"true\" \/><\/span><\/p><p class=\"form-row form-row-wide validate-required\" id=\"land_field\" data-priority=\"\"><label for=\"land\" class=\"required_field\">Pa\u00eds *&nbsp;<span class=\"required\" aria-hidden=\"true\">*<\/span><\/label><span class=\"woocommerce-input-wrapper\"><input type=\"text\" class=\"input-text \" name=\"land\" id=\"land\" placeholder=\"Pa\u00eds\"  value=\"\" aria-required=\"true\" \/><\/span><\/p><p class=\"form-row form-row-wide validate-required\" id=\"telefon_field\" data-priority=\"\"><label for=\"telefon\" class=\"required_field\">Tel\u00e9fono *&nbsp;<span class=\"required\" aria-hidden=\"true\">*<\/span><\/label><span class=\"woocommerce-input-wrapper\"><input type=\"text\" class=\"input-text \" name=\"telefon\" id=\"telefon\" placeholder=\"Tel\u00e9fono\"  value=\"\" aria-required=\"true\" \/><\/span><\/p><p class=\"form-row form-row-wide validate-required\" id=\"email_field\" data-priority=\"\"><label for=\"email\" class=\"required_field\">Correo electr\u00f3nico *&nbsp;<span class=\"required\" aria-hidden=\"true\">*<\/span><\/label><span class=\"woocommerce-input-wrapper\"><input type=\"email\" class=\"input-text \" name=\"email\" id=\"email\" placeholder=\"\"  value=\"\" aria-required=\"true\" \/><\/span><\/p><p class=\"form-row form-row-wide\" id=\"message_field\" data-priority=\"\"><label for=\"message\" class=\"\">Notas&nbsp;<span class=\"optional\">(opcional)<\/span><\/label><span class=\"woocommerce-input-wrapper\"><textarea name=\"message\" class=\"input-text \" id=\"message\" placeholder=\"\"  rows=\"2\" cols=\"5\"><\/textarea><\/span><\/p><h3 class=\"form-row mandaInfo form-row-wide\">* = campos obligatorios<\/h3>\n\t\t\n\t\t\n\t\t\n\t\t<p class=\"form-row form-row-wide raq-send-request-row\">\n\t\t\t<input type=\"hidden\" id=\"ywraq-mail-wpnonce\" name=\"ywraq_mail_wpnonce\"\n\t\t\t\tvalue=\"ebb8ee1406\">\n\t\t\t<input class=\"button raq-send-request last\" type=\"submit\"\n\t\t\t\tvalue=\"Enviar tu solicitud\">\n\t\t<\/p>\n\n\t\t\t\t\t<input type=\"hidden\" class=\"lang_param\" name=\"lang\" value=\"es\"\/>\n\t\t\n\t\t\t<\/form>\n<\/div>\n\t\t\t\t\t\t\t\t\t\t\t\t\t\t<\/div>\n\t<\/div>\n\n\t\t\t\t\t\t\t\t<\/div>\n\t\t\t\t<\/div>\n\t\t\t\t\t<\/div>\n\t\t<\/div>\n\t\t\t\t\t<\/div>\n\t\t<\/section>\n\t\t\t\t<\/div>\n\t\t","protected":false},"excerpt":{"rendered":"","protected":false},"author":1,"featured_media":0,"parent":0,"menu_order":0,"comment_status":"closed","ping_status":"closed","template":"elementor_header_footer","meta":{"footnotes":""},"class_list":["post-1786","page","type-page","status-publish","hentry"],"yoast_head":"<!-- This site is optimized with the Yoast SEO plugin v24.8.1 - https:\/\/yoast.com\/wordpress\/plugins\/seo\/ -->\n<title>Solicitar un presupuesto - UVION - Por fin. Sin cloro. Sin l\u00e1grimas.<\/title>\n<meta name=\"robots\" content=\"noindex, follow, max-snippet:-1, max-image-preview:large, max-video-preview:-1\" \/>\n<meta property=\"og:locale\" content=\"es_ES\" \/>\n<meta property=\"og:type\" content=\"article\" \/>\n<meta property=\"og:title\" content=\"Solicitar un presupuesto - UVION - Por fin. Sin cloro. Sin l\u00e1grimas.\" \/>\n<meta property=\"og:url\" content=\"https:\/\/www.uvion.com\/es\/solicitar-un-presupuesto\/\" \/>\n<meta property=\"og:site_name\" content=\"UVION - Por fin. Sin cloro. Sin l\u00e1grimas.\" \/>\n<meta property=\"article:modified_time\" content=\"2023-09-07T09:40:09+00:00\" \/>\n<meta name=\"twitter:card\" content=\"summary_large_image\" \/>\n<script type=\"application\/ld+json\" class=\"yoast-schema-graph\">{\"@context\":\"https:\/\/schema.org\",\"@graph\":[{\"@type\":\"WebPage\",\"@id\":\"https:\/\/www.uvion.com\/es\/solicitar-un-presupuesto\/\",\"url\":\"https:\/\/www.uvion.com\/es\/solicitar-un-presupuesto\/\",\"name\":\"Solicitar un presupuesto - UVION - Por fin. Sin cloro. Sin l\u00e1grimas.\",\"isPartOf\":{\"@id\":\"https:\/\/www.uvion.com\/es\/#website\"},\"datePublished\":\"2023-05-16T11:19:38+00:00\",\"dateModified\":\"2023-09-07T09:40:09+00:00\",\"breadcrumb\":{\"@id\":\"https:\/\/www.uvion.com\/es\/solicitar-un-presupuesto\/#breadcrumb\"},\"inLanguage\":\"es\",\"potentialAction\":[{\"@type\":\"ReadAction\",\"target\":[\"https:\/\/www.uvion.com\/es\/solicitar-un-presupuesto\/\"]}]},{\"@type\":\"BreadcrumbList\",\"@id\":\"https:\/\/www.uvion.com\/es\/solicitar-un-presupuesto\/#breadcrumb\",\"itemListElement\":[{\"@type\":\"ListItem\",\"position\":1,\"name\":\"Startseite\",\"item\":\"https:\/\/www.uvion.com\/es\/\"},{\"@type\":\"ListItem\",\"position\":2,\"name\":\"Solicitar un presupuesto\"}]},{\"@type\":\"WebSite\",\"@id\":\"https:\/\/www.uvion.com\/es\/#website\",\"url\":\"https:\/\/www.uvion.com\/es\/\",\"name\":\"UVION - Por fin. Sin cloro. Sin l\u00e1grimas.\",\"description\":\"\u00d6ffnen Sie Ihre Augen in kristallklarem Wasser.\",\"publisher\":{\"@id\":\"https:\/\/www.uvion.com\/es\/#organization\"},\"potentialAction\":[{\"@type\":\"SearchAction\",\"target\":{\"@type\":\"EntryPoint\",\"urlTemplate\":\"https:\/\/www.uvion.com\/es\/?s={search_term_string}\"},\"query-input\":{\"@type\":\"PropertyValueSpecification\",\"valueRequired\":true,\"valueName\":\"search_term_string\"}}],\"inLanguage\":\"es\"},{\"@type\":\"Organization\",\"@id\":\"https:\/\/www.uvion.com\/es\/#organization\",\"name\":\"UVION\",\"url\":\"https:\/\/www.uvion.com\/es\/\",\"logo\":{\"@type\":\"ImageObject\",\"inLanguage\":\"es\",\"@id\":\"https:\/\/www.uvion.com\/es\/#\/schema\/logo\/image\/\",\"url\":\"https:\/\/www.uvion.com\/wp-content\/uploads\/2023\/01\/logo-uvion-web.png\",\"contentUrl\":\"https:\/\/www.uvion.com\/wp-content\/uploads\/2023\/01\/logo-uvion-web.png\",\"width\":293,\"height\":119,\"caption\":\"UVION\"},\"image\":{\"@id\":\"https:\/\/www.uvion.com\/es\/#\/schema\/logo\/image\/\"}}]}<\/script>\n<!-- \/ Yoast SEO plugin. -->","yoast_head_json":{"title":"Solicitar un presupuesto - UVION - Por fin. Sin cloro. Sin l\u00e1grimas.","robots":{"index":"noindex","follow":"follow","max-snippet":"max-snippet:-1","max-image-preview":"max-image-preview:large","max-video-preview":"max-video-preview:-1"},"og_locale":"es_ES","og_type":"article","og_title":"Solicitar un presupuesto - UVION - Por fin. Sin cloro. Sin l\u00e1grimas.","og_url":"https:\/\/www.uvion.com\/es\/solicitar-un-presupuesto\/","og_site_name":"UVION - Por fin. Sin cloro. Sin l\u00e1grimas.","article_modified_time":"2023-09-07T09:40:09+00:00","twitter_card":"summary_large_image","schema":{"@context":"https:\/\/schema.org","@graph":[{"@type":"WebPage","@id":"https:\/\/www.uvion.com\/es\/solicitar-un-presupuesto\/","url":"https:\/\/www.uvion.com\/es\/solicitar-un-presupuesto\/","name":"Solicitar un presupuesto - UVION - Por fin. Sin cloro. Sin l\u00e1grimas.","isPartOf":{"@id":"https:\/\/www.uvion.com\/es\/#website"},"datePublished":"2023-05-16T11:19:38+00:00","dateModified":"2023-09-07T09:40:09+00:00","breadcrumb":{"@id":"https:\/\/www.uvion.com\/es\/solicitar-un-presupuesto\/#breadcrumb"},"inLanguage":"es","potentialAction":[{"@type":"ReadAction","target":["https:\/\/www.uvion.com\/es\/solicitar-un-presupuesto\/"]}]},{"@type":"BreadcrumbList","@id":"https:\/\/www.uvion.com\/es\/solicitar-un-presupuesto\/#breadcrumb","itemListElement":[{"@type":"ListItem","position":1,"name":"Startseite","item":"https:\/\/www.uvion.com\/es\/"},{"@type":"ListItem","position":2,"name":"Solicitar un presupuesto"}]},{"@type":"WebSite","@id":"https:\/\/www.uvion.com\/es\/#website","url":"https:\/\/www.uvion.com\/es\/","name":"UVION - Por fin. Sin cloro. Sin l\u00e1grimas.","description":"\u00d6ffnen Sie Ihre Augen in kristallklarem Wasser.","publisher":{"@id":"https:\/\/www.uvion.com\/es\/#organization"},"potentialAction":[{"@type":"SearchAction","target":{"@type":"EntryPoint","urlTemplate":"https:\/\/www.uvion.com\/es\/?s={search_term_string}"},"query-input":{"@type":"PropertyValueSpecification","valueRequired":true,"valueName":"search_term_string"}}],"inLanguage":"es"},{"@type":"Organization","@id":"https:\/\/www.uvion.com\/es\/#organization","name":"UVION","url":"https:\/\/www.uvion.com\/es\/","logo":{"@type":"ImageObject","inLanguage":"es","@id":"https:\/\/www.uvion.com\/es\/#\/schema\/logo\/image\/","url":"https:\/\/www.uvion.com\/wp-content\/uploads\/2023\/01\/logo-uvion-web.png","contentUrl":"https:\/\/www.uvion.com\/wp-content\/uploads\/2023\/01\/logo-uvion-web.png","width":293,"height":119,"caption":"UVION"},"image":{"@id":"https:\/\/www.uvion.com\/es\/#\/schema\/logo\/image\/"}}]}},"_links":{"self":[{"href":"https:\/\/www.uvion.com\/es\/wp-json\/wp\/v2\/pages\/1786","targetHints":{"allow":["GET"]}}],"collection":[{"href":"https:\/\/www.uvion.com\/es\/wp-json\/wp\/v2\/pages"}],"about":[{"href":"https:\/\/www.uvion.com\/es\/wp-json\/wp\/v2\/types\/page"}],"author":[{"embeddable":true,"href":"https:\/\/www.uvion.com\/es\/wp-json\/wp\/v2\/users\/1"}],"replies":[{"embeddable":true,"href":"https:\/\/www.uvion.com\/es\/wp-json\/wp\/v2\/comments?post=1786"}],"version-history":[{"count":2,"href":"https:\/\/www.uvion.com\/es\/wp-json\/wp\/v2\/pages\/1786\/revisions"}],"predecessor-version":[{"id":1793,"href":"https:\/\/www.uvion.com\/es\/wp-json\/wp\/v2\/pages\/1786\/revisions\/1793"}],"wp:attachment":[{"href":"https:\/\/www.uvion.com\/es\/wp-json\/wp\/v2\/media?parent=1786"}],"curies":[{"name":"wp","href":"https:\/\/api.w.org\/{rel}","templated":true}]}}