{"id":1715,"date":"2023-01-26T13:59:16","date_gmt":"2023-01-26T12:59:16","guid":{"rendered":"https:\/\/uvion2.aquatec.sharpness.de\/uvion-abra-los-ojos-en-aguas-cristalinas\/"},"modified":"2023-09-07T14:33:07","modified_gmt":"2023-09-07T12:33:07","slug":"uvion-abra-los-ojos-en-aguas-cristalinas","status":"publish","type":"page","link":"https:\/\/www.uvion.com\/es\/","title":{"rendered":"UVION &#8211; Abra los ojos en aguas cristalinas."},"content":{"rendered":"\t\t<div data-elementor-type=\"wp-page\" data-elementor-id=\"1715\" class=\"elementor elementor-1715 elementor-2\" data-elementor-post-type=\"page\">\n\t\t\t\t\t\t<section class=\"elementor-section elementor-top-section elementor-element elementor-element-5fe09c44 elementor-section-full_width elementor-section-height-min-height elementor-section-height-default elementor-section-items-middle\" data-id=\"5fe09c44\" data-element_type=\"section\" data-settings=\"{&quot;background_background&quot;:&quot;slideshow&quot;,&quot;background_slideshow_gallery&quot;:[{&quot;id&quot;:838,&quot;url&quot;:&quot;https:\\\/\\\/www.uvion.com\\\/wp-content\\\/uploads\\\/2023\\\/03\\\/Header_Bild_1708x780.jpg&quot;}],&quot;background_slideshow_slide_duration&quot;:5000,&quot;background_slideshow_slide_transition&quot;:&quot;fade&quot;,&quot;background_slideshow_transition_duration&quot;:500}\">\n\t\t\t\t\t\t\t<div class=\"elementor-background-overlay\"><\/div>\n\t\t\t\t\t\t\t<div class=\"elementor-container elementor-column-gap-default\">\n\t\t\t\t\t<div class=\"elementor-column elementor-col-100 elementor-top-column elementor-element elementor-element-1aedb0d8\" data-id=\"1aedb0d8\" data-element_type=\"column\" data-settings=\"{&quot;background_background&quot;:&quot;classic&quot;,&quot;motion_fx_motion_fx_scrolling&quot;:&quot;yes&quot;,&quot;motion_fx_translateY_effect&quot;:&quot;yes&quot;,&quot;motion_fx_translateY_direction&quot;:&quot;negative&quot;,&quot;motion_fx_translateY_speed&quot;:{&quot;unit&quot;:&quot;px&quot;,&quot;size&quot;:&quot;2&quot;,&quot;sizes&quot;:[]},&quot;motion_fx_translateY_affectedRange&quot;:{&quot;unit&quot;:&quot;%&quot;,&quot;size&quot;:&quot;&quot;,&quot;sizes&quot;:{&quot;start&quot;:0,&quot;end&quot;:100}},&quot;motion_fx_devices&quot;:[&quot;desktop&quot;,&quot;tablet&quot;,&quot;mobile&quot;]}\">\n\t\t\t<div class=\"elementor-widget-wrap elementor-element-populated\">\n\t\t\t\t\t\t<div class=\"elementor-element elementor-element-244d1ea elementor-widget__width-inherit elementor-arrows-position-inside elementor-pagination-position-outside elementor-widget elementor-widget-image-carousel\" data-id=\"244d1ea\" data-element_type=\"widget\" data-settings=\"{&quot;slides_to_show&quot;:&quot;1&quot;,&quot;navigation&quot;:&quot;both&quot;,&quot;autoplay&quot;:&quot;yes&quot;,&quot;pause_on_hover&quot;:&quot;yes&quot;,&quot;pause_on_interaction&quot;:&quot;yes&quot;,&quot;autoplay_speed&quot;:5000,&quot;infinite&quot;:&quot;yes&quot;,&quot;effect&quot;:&quot;slide&quot;,&quot;speed&quot;:500}\" data-widget_type=\"image-carousel.default\">\n\t\t\t\t<div class=\"elementor-widget-container\">\n\t\t\t\t\t\t\t<div class=\"elementor-image-carousel-wrapper swiper\" role=\"region\" aria-roledescription=\"carousel\" aria-label=\"Carrusel de im\u00e1genes\" dir=\"ltr\">\n\t\t\t<div class=\"elementor-image-carousel swiper-wrapper\" aria-live=\"off\">\n\t\t\t\t\t\t\t\t<div class=\"swiper-slide\" role=\"group\" aria-roledescription=\"slide\" aria-label=\"1 de 2\"><a data-elementor-open-lightbox=\"yes\" data-elementor-lightbox-slideshow=\"244d1ea\" data-elementor-lightbox-title=\"Header_Text_1\" data-e-action-hash=\"#elementor-action%3Aaction%3Dlightbox%26settings%3DeyJpZCI6MTUzNSwidXJsIjoiaHR0cHM6XC9cL3d3dy51dmlvbi5jb21cL3dwLWNvbnRlbnRcL3VwbG9hZHNcLzIwMjNcLzA5XC9IZWFkZXJfVGV4dF8xLWVzLTEucG5nIiwic2xpZGVzaG93IjoiMjQ0ZDFlYSJ9\" href=\"https:\/\/www.uvion.com\/kontakt\"><figure class=\"swiper-slide-inner\"><img decoding=\"async\" class=\"swiper-slide-image\" src=\"https:\/\/www.uvion.com\/wp-content\/uploads\/2023\/09\/Header_Text_1-es-1.png\" alt=\"Header_Text_1\" \/><\/figure><\/a><\/div><div class=\"swiper-slide\" role=\"group\" aria-roledescription=\"slide\" aria-label=\"2 de 2\"><a data-elementor-open-lightbox=\"yes\" data-elementor-lightbox-slideshow=\"244d1ea\" data-elementor-lightbox-title=\"Header_Text_2\" data-e-action-hash=\"#elementor-action%3Aaction%3Dlightbox%26settings%3DeyJpZCI6MTUzNywidXJsIjoiaHR0cHM6XC9cL3d3dy51dmlvbi5jb21cL3dwLWNvbnRlbnRcL3VwbG9hZHNcLzIwMjNcLzA5XC9IZWFkZXJfVGV4dF8yLWVzLTEucG5nIiwic2xpZGVzaG93IjoiMjQ0ZDFlYSJ9\" href=\"https:\/\/www.uvion.com\/kontakt\"><figure class=\"swiper-slide-inner\"><img decoding=\"async\" class=\"swiper-slide-image\" src=\"https:\/\/www.uvion.com\/wp-content\/uploads\/2023\/09\/Header_Text_2-es-1.png\" alt=\"Header_Text_2\" \/><\/figure><\/a><\/div>\t\t\t<\/div>\n\t\t\t\t\t\t\t\t\t\t\t\t<div class=\"elementor-swiper-button elementor-swiper-button-prev\" role=\"button\" tabindex=\"0\">\n\t\t\t\t\t\t<i aria-hidden=\"true\" class=\"eicon-chevron-left\"><\/i>\t\t\t\t\t<\/div>\n\t\t\t\t\t<div class=\"elementor-swiper-button elementor-swiper-button-next\" role=\"button\" tabindex=\"0\">\n\t\t\t\t\t\t<i aria-hidden=\"true\" class=\"eicon-chevron-right\"><\/i>\t\t\t\t\t<\/div>\n\t\t\t\t\n\t\t\t\t\t\t\t\t\t<div class=\"swiper-pagination\"><\/div>\n\t\t\t\t\t\t\t\t\t<\/div>\n\t\t\t\t\t\t<\/div>\n\t\t\t\t<\/div>\n\t\t\t\t\t<\/div>\n\t\t<\/div>\n\t\t\t\t\t<\/div>\n\t\t<\/section>\n\t\t\t\t<section class=\"elementor-section elementor-top-section elementor-element elementor-element-a3dac66 elementor-section-boxed elementor-section-height-default elementor-section-height-default\" data-id=\"a3dac66\" data-element_type=\"section\">\n\t\t\t\t\t\t<div class=\"elementor-container elementor-column-gap-default\">\n\t\t\t\t\t<div class=\"elementor-column elementor-col-100 elementor-top-column elementor-element elementor-element-2db2c49\" data-id=\"2db2c49\" data-element_type=\"column\">\n\t\t\t<div class=\"elementor-widget-wrap elementor-element-populated\">\n\t\t\t\t\t\t<div class=\"elementor-element elementor-element-b6d797a elementor-widget elementor-widget-heading\" data-id=\"b6d797a\" data-element_type=\"widget\" data-widget_type=\"heading.default\">\n\t\t\t\t<div class=\"elementor-widget-container\">\n\t\t\t\t\t<h1 class=\"elementor-heading-title elementor-size-default\">Abra los ojos en aguas cristalinas.<\/h1>\t\t\t\t<\/div>\n\t\t\t\t<\/div>\n\t\t\t\t<div class=\"elementor-element elementor-element-ced0fe3 elementor-widget elementor-widget-text-editor\" data-id=\"ced0fe3\" data-element_type=\"widget\" data-widget_type=\"text-editor.default\">\n\t\t\t\t<div class=\"elementor-widget-container\">\n\t\t\t\t\t\t\t\t\t<p style=\"text-align: center;\"><strong>Hoy en d\u00eda, m\u00e1s del 90% de las piscinas se siguen desinfectando con cloro.<\/strong><br \/><strong>Eficaz, pero \u00bfcu\u00e1ntos riesgos y efectos secundarios aceptan sus clientes por ello?<\/strong><\/p>\n\t\t\t\t\t\t\t\t<\/div>\n\t\t\t\t<\/div>\n\t\t\t\t\t<\/div>\n\t\t<\/div>\n\t\t\t\t\t<\/div>\n\t\t<\/section>\n\t\t\t\t<section class=\"elementor-section elementor-top-section elementor-element elementor-element-834c854 elementor-section-boxed elementor-section-height-default elementor-section-height-default\" data-id=\"834c854\" data-element_type=\"section\">\n\t\t\t\t\t\t<div class=\"elementor-container elementor-column-gap-default\">\n\t\t\t\t\t<div class=\"elementor-column elementor-col-100 elementor-top-column elementor-element elementor-element-29c517a8\" data-id=\"29c517a8\" data-element_type=\"column\">\n\t\t\t<div class=\"elementor-widget-wrap elementor-element-populated\">\n\t\t\t\t\t\t<section class=\"elementor-section elementor-inner-section elementor-element elementor-element-71c6e80 elementor-section-content-middle elementor-section-boxed elementor-section-height-default elementor-section-height-default\" data-id=\"71c6e80\" data-element_type=\"section\">\n\t\t\t\t\t\t<div class=\"elementor-container elementor-column-gap-default\">\n\t\t\t\t\t<div class=\"elementor-column elementor-col-50 elementor-inner-column elementor-element elementor-element-d4ce732\" data-id=\"d4ce732\" data-element_type=\"column\">\n\t\t\t<div class=\"elementor-widget-wrap elementor-element-populated\">\n\t\t\t\t\t\t<div class=\"elementor-element elementor-element-01c6de5 elementor-icon-list--layout-traditional elementor-list-item-link-full_width elementor-widget elementor-widget-icon-list\" data-id=\"01c6de5\" data-element_type=\"widget\" data-widget_type=\"icon-list.default\">\n\t\t\t\t<div class=\"elementor-widget-container\">\n\t\t\t\t\t\t\t<ul class=\"elementor-icon-list-items\">\n\t\t\t\t\t\t\t<li class=\"elementor-icon-list-item\">\n\t\t\t\t\t\t\t\t\t\t\t<span class=\"elementor-icon-list-icon\">\n\t\t\t\t\t\t\t<i aria-hidden=\"true\" class=\"fas fa-circle\"><\/i>\t\t\t\t\t\t<\/span>\n\t\t\t\t\t\t\t\t\t\t<span class=\"elementor-icon-list-text\">Manipulaci\u00f3n de productos qu\u00edmicos peligrosos<\/span>\n\t\t\t\t\t\t\t\t\t<\/li>\n\t\t\t\t\t\t\t\t<li class=\"elementor-icon-list-item\">\n\t\t\t\t\t\t\t\t\t\t\t<span class=\"elementor-icon-list-icon\">\n\t\t\t\t\t\t\t<i aria-hidden=\"true\" class=\"fas fa-circle\"><\/i>\t\t\t\t\t\t<\/span>\n\t\t\t\t\t\t\t\t\t\t<span class=\"elementor-icon-list-text\">Peligro de sobredosis<\/span>\n\t\t\t\t\t\t\t\t\t<\/li>\n\t\t\t\t\t\t\t\t<li class=\"elementor-icon-list-item\">\n\t\t\t\t\t\t\t\t\t\t\t<span class=\"elementor-icon-list-icon\">\n\t\t\t\t\t\t\t<i aria-hidden=\"true\" class=\"fas fa-circle\"><\/i>\t\t\t\t\t\t<\/span>\n\t\t\t\t\t\t\t\t\t\t<span class=\"elementor-icon-list-text\">Irritaciones cut\u00e1neas y alergias<\/span>\n\t\t\t\t\t\t\t\t\t<\/li>\n\t\t\t\t\t\t\t\t<li class=\"elementor-icon-list-item\">\n\t\t\t\t\t\t\t\t\t\t\t<span class=\"elementor-icon-list-icon\">\n\t\t\t\t\t\t\t<i aria-hidden=\"true\" class=\"fas fa-circle\"><\/i>\t\t\t\t\t\t<\/span>\n\t\t\t\t\t\t\t\t\t\t<span class=\"elementor-icon-list-text\">Ojos llorosos<\/span>\n\t\t\t\t\t\t\t\t\t<\/li>\n\t\t\t\t\t\t\t\t<li class=\"elementor-icon-list-item\">\n\t\t\t\t\t\t\t\t\t\t\t<span class=\"elementor-icon-list-icon\">\n\t\t\t\t\t\t\t<i aria-hidden=\"true\" class=\"fas fa-circle\"><\/i>\t\t\t\t\t\t<\/span>\n\t\t\t\t\t\t\t\t\t\t<span class=\"elementor-icon-list-text\">molesto olor a cloro<\/span>\n\t\t\t\t\t\t\t\t\t<\/li>\n\t\t\t\t\t\t\t\t<li class=\"elementor-icon-list-item\">\n\t\t\t\t\t\t\t\t\t\t\t<span class=\"elementor-icon-list-icon\">\n\t\t\t\t\t\t\t<i aria-hidden=\"true\" class=\"fas fa-circle\"><\/i>\t\t\t\t\t\t<\/span>\n\t\t\t\t\t\t\t\t\t\t<span class=\"elementor-icon-list-text\">Corrosi\u00f3n en los componentes<\/span>\n\t\t\t\t\t\t\t\t\t<\/li>\n\t\t\t\t\t\t<\/ul>\n\t\t\t\t\t\t<\/div>\n\t\t\t\t<\/div>\n\t\t\t\t<div class=\"elementor-element elementor-element-a9e5000 elementor-widget elementor-widget-heading\" data-id=\"a9e5000\" data-element_type=\"widget\" data-widget_type=\"heading.default\">\n\t\t\t\t<div class=\"elementor-widget-container\">\n\t\t\t\t\t<h3 class=\"elementor-heading-title elementor-size-default\">LA SOLUCI\u00d3N:\n\u00a1La desinfecci\u00f3n del agua sin cloro de UVion!<\/h3>\t\t\t\t<\/div>\n\t\t\t\t<\/div>\n\t\t\t\t\t<\/div>\n\t\t<\/div>\n\t\t\t\t<div class=\"elementor-column elementor-col-50 elementor-inner-column elementor-element elementor-element-7af68a9\" data-id=\"7af68a9\" data-element_type=\"column\">\n\t\t\t<div class=\"elementor-widget-wrap elementor-element-populated\">\n\t\t\t\t\t\t<div class=\"elementor-element elementor-element-108eb86 elementor-widget elementor-widget-image\" data-id=\"108eb86\" data-element_type=\"widget\" data-widget_type=\"image.default\">\n\t\t\t\t<div class=\"elementor-widget-container\">\n\t\t\t\t\t\t\t\t\t\t\t\t\t\t\t<img fetchpriority=\"high\" decoding=\"async\" width=\"800\" height=\"530\" src=\"https:\/\/www.uvion.com\/wp-content\/uploads\/2023\/01\/terry-vlisidis-SFEvfN01-ao-unsplash-1024x678.jpg\" class=\"attachment-large size-large wp-image-1461\" alt=\"\" srcset=\"https:\/\/www.uvion.com\/wp-content\/uploads\/2023\/01\/terry-vlisidis-SFEvfN01-ao-unsplash-1024x678.jpg 1024w, https:\/\/www.uvion.com\/wp-content\/uploads\/2023\/01\/terry-vlisidis-SFEvfN01-ao-unsplash-300x199.jpg 300w, https:\/\/www.uvion.com\/wp-content\/uploads\/2023\/01\/terry-vlisidis-SFEvfN01-ao-unsplash-768x509.jpg 768w, https:\/\/www.uvion.com\/wp-content\/uploads\/2023\/01\/terry-vlisidis-SFEvfN01-ao-unsplash-1536x1017.jpg 1536w, https:\/\/www.uvion.com\/wp-content\/uploads\/2023\/01\/terry-vlisidis-SFEvfN01-ao-unsplash-2048x1356.jpg 2048w\" sizes=\"(max-width: 800px) 100vw, 800px\" \/>\t\t\t\t\t\t\t\t\t\t\t\t\t\t\t<\/div>\n\t\t\t\t<\/div>\n\t\t\t\t\t<\/div>\n\t\t<\/div>\n\t\t\t\t\t<\/div>\n\t\t<\/section>\n\t\t\t\t<div class=\"elementor-element elementor-element-289d325f elementor-widget elementor-widget-text-editor\" data-id=\"289d325f\" data-element_type=\"widget\" data-widget_type=\"text-editor.default\">\n\t\t\t\t<div class=\"elementor-widget-container\">\n\t\t\t\t\t\t\t\t\t\n<p>Abra los ojos en aguas cristalinas.<br>Libre de g\u00e9rmenes gracias a la desinfecci\u00f3n UV &#8211; protegido de forma sostenible gracias al efecto a largo plazo de POSIDERM.<br>Ahorre dinero y disfrute de su tiempo libre.<\/p>\n<p><b>Ojos abiertos&#8230; para el nuevo placer de la piscina.<\/b><\/p>\n<p>No derrame ni una l\u00e1grima por el cloro.<br>Uvion le ofrece un tratamiento del agua sin cloro innovador y fiable.<\/p>\n\t\t\t\t\t\t\t\t<\/div>\n\t\t\t\t<\/div>\n\t\t\t\t\t<\/div>\n\t\t<\/div>\n\t\t\t\t\t<\/div>\n\t\t<\/section>\n\t\t\t\t<section class=\"elementor-section elementor-top-section elementor-element elementor-element-9db757c elementor-section-full_width li-white elementor-section-height-default elementor-section-height-default\" data-id=\"9db757c\" data-element_type=\"section\" data-settings=\"{&quot;background_background&quot;:&quot;slideshow&quot;,&quot;background_slideshow_gallery&quot;:[{&quot;id&quot;:139,&quot;url&quot;:&quot;https:\\\/\\\/www.uvion.com\\\/wp-content\\\/uploads\\\/2023\\\/01\\\/clark-tai-nq18MYhxdGs-unsplash.jpg&quot;}],&quot;background_slideshow_loop&quot;:&quot;yes&quot;,&quot;background_slideshow_slide_duration&quot;:5000,&quot;background_slideshow_slide_transition&quot;:&quot;fade&quot;,&quot;background_slideshow_transition_duration&quot;:500}\">\n\t\t\t\t\t\t<div class=\"elementor-container elementor-column-gap-default\">\n\t\t\t\t\t<div class=\"elementor-column elementor-col-100 elementor-top-column elementor-element elementor-element-a70ef7a\" data-id=\"a70ef7a\" data-element_type=\"column\">\n\t\t\t<div class=\"elementor-widget-wrap elementor-element-populated\">\n\t\t\t\t\t\t<section class=\"elementor-section elementor-inner-section elementor-element elementor-element-df9e9ca elementor-section-boxed elementor-section-height-default elementor-section-height-default\" data-id=\"df9e9ca\" data-element_type=\"section\" data-settings=\"{&quot;motion_fx_motion_fx_scrolling&quot;:&quot;yes&quot;,&quot;motion_fx_translateY_effect&quot;:&quot;yes&quot;,&quot;motion_fx_translateY_direction&quot;:&quot;negative&quot;,&quot;motion_fx_translateY_speed&quot;:{&quot;unit&quot;:&quot;px&quot;,&quot;size&quot;:2,&quot;sizes&quot;:[]},&quot;motion_fx_translateY_affectedRange&quot;:{&quot;unit&quot;:&quot;%&quot;,&quot;size&quot;:&quot;&quot;,&quot;sizes&quot;:{&quot;start&quot;:0,&quot;end&quot;:100}},&quot;motion_fx_devices&quot;:[&quot;desktop&quot;,&quot;tablet&quot;,&quot;mobile&quot;]}\">\n\t\t\t\t\t\t<div class=\"elementor-container elementor-column-gap-default\">\n\t\t\t\t\t<div class=\"elementor-column elementor-col-50 elementor-inner-column elementor-element elementor-element-93300e6\" data-id=\"93300e6\" data-element_type=\"column\">\n\t\t\t<div class=\"elementor-widget-wrap elementor-element-populated\">\n\t\t\t\t\t\t<div class=\"elementor-element elementor-element-c469aaa elementor-widget elementor-widget-text-editor\" data-id=\"c469aaa\" data-element_type=\"widget\" data-widget_type=\"text-editor.default\">\n\t\t\t\t<div class=\"elementor-widget-container\">\n\t\t\t\t\t\t\t\t\t<h2><span style=\"color: #ffffff;\">Ventajas del proceso UVION<\/span><\/h2>\n<ul>\n<li><span style=\"color: #ffffff;\">sum\u00e9rjase en agua cristalina y libre de g\u00e9rmenes<\/span><\/li>\n<li><span style=\"color: #ffffff;\">Sin cambios en el sabor y el olor<\/span><\/li>\n<li><span style=\"color: #ffffff;\">Sin ojos rojos ni irritaciones cut\u00e1neas<\/span><\/li>\n<li><span style=\"color: #ffffff;\">No se adquieren ni almacenan productos qu\u00edmicos peligrosos para la desinfecci\u00f3n<\/span><\/li>\n<\/ul>\t\t\t\t\t\t\t\t<\/div>\n\t\t\t\t<\/div>\n\t\t\t\t\t<\/div>\n\t\t<\/div>\n\t\t\t\t<div class=\"elementor-column elementor-col-50 elementor-inner-column elementor-element elementor-element-1d98788\" data-id=\"1d98788\" data-element_type=\"column\">\n\t\t\t<div class=\"elementor-widget-wrap elementor-element-populated\">\n\t\t\t\t\t\t<div class=\"elementor-element elementor-element-ac50e99 elementor-widget elementor-widget-text-editor\" data-id=\"ac50e99\" data-element_type=\"widget\" data-widget_type=\"text-editor.default\">\n\t\t\t\t<div class=\"elementor-widget-container\">\n\t\t\t\t\t\t\t\t\t<ul>\n<li><span style=\"color: #ffffff;\">No hay corrosi\u00f3n en los componentes, especialmente en interiores<\/span><\/li>\n<li><span style=\"color: #ffffff;\">Ahorre hasta un 80% de los costes operativos en comparaci\u00f3n con otros procesos de desinfecci\u00f3n<\/span><\/li>\n<li><span style=\"color: #ffffff;\">A prueba de ni\u00f1os<\/span><\/li>\n<li><span style=\"color: #ffffff;\">respetuoso con el medio ambiente<\/span><\/li>\n<li><span style=\"color: #ffffff;\">f\u00e1cil manejo<\/span><\/li>\n<li><span style=\"color: #ffffff;\">Casi sin mantenimiento, s\u00f3lo funci\u00f3n de control<\/span><\/li>\n<\/ul>\t\t\t\t\t\t\t\t<\/div>\n\t\t\t\t<\/div>\n\t\t\t\t\t<\/div>\n\t\t<\/div>\n\t\t\t\t\t<\/div>\n\t\t<\/section>\n\t\t\t\t\t<\/div>\n\t\t<\/div>\n\t\t\t\t\t<\/div>\n\t\t<\/section>\n\t\t\t\t<\/div>\n\t\t","protected":false},"excerpt":{"rendered":"<p>Abra los ojos en aguas cristalinas. Hoy en d\u00eda, m\u00e1s del 90% de las piscinas se siguen desinfectando con cloro.Eficaz, pero \u00bfcu\u00e1ntos riesgos y efectos secundarios aceptan sus clientes por ello? Manipulaci\u00f3n de productos qu\u00edmicos peligrosos Peligro de sobredosis Irritaciones cut\u00e1neas y alergias Ojos llorosos molesto olor a cloro Corrosi\u00f3n en los componentes LA SOLUCI\u00d3N: [&hellip;]<\/p>\n","protected":false},"author":1,"featured_media":0,"parent":0,"menu_order":0,"comment_status":"closed","ping_status":"closed","template":"elementor_header_footer","meta":{"footnotes":""},"class_list":["post-1715","page","type-page","status-publish","hentry"],"yoast_head":"<!-- This site is optimized with the Yoast SEO plugin v24.8.1 - https:\/\/yoast.com\/wordpress\/plugins\/seo\/ -->\n<title>UVION - Por fin. Sin cloro. Sin l\u00e1grimas.<\/title>\n<meta name=\"robots\" content=\"noindex, follow, max-snippet:-1, max-image-preview:large, max-video-preview:-1\" \/>\n<meta property=\"og:locale\" content=\"es_ES\" \/>\n<meta property=\"og:type\" content=\"article\" \/>\n<meta property=\"og:title\" content=\"UVION - Por fin. Sin cloro. Sin l\u00e1grimas.\" \/>\n<meta property=\"og:description\" content=\"Abra los ojos en aguas cristalinas. Hoy en d\u00eda, m\u00e1s del 90% de las piscinas se siguen desinfectando con cloro.Eficaz, pero \u00bfcu\u00e1ntos riesgos y efectos secundarios aceptan sus clientes por ello? Manipulaci\u00f3n de productos qu\u00edmicos peligrosos Peligro de sobredosis Irritaciones cut\u00e1neas y alergias Ojos llorosos molesto olor a cloro Corrosi\u00f3n en los componentes LA SOLUCI\u00d3N: [&hellip;]\" \/>\n<meta property=\"og:url\" content=\"https:\/\/www.uvion.com\/es\/\" \/>\n<meta property=\"og:site_name\" content=\"UVION - Por fin. Sin cloro. Sin l\u00e1grimas.\" \/>\n<meta property=\"article:modified_time\" content=\"2023-09-07T12:33:07+00:00\" \/>\n<meta property=\"og:image\" content=\"https:\/\/uvion2.aquatec.sharpness.de\/wp-content\/uploads\/2023\/03\/Header_Text_1.png\" \/>\n<meta name=\"twitter:card\" content=\"summary_large_image\" \/>\n<meta name=\"twitter:label1\" content=\"Tiempo de lectura\" \/>\n\t<meta name=\"twitter:data1\" content=\"1 minuto\" \/>\n<script type=\"application\/ld+json\" class=\"yoast-schema-graph\">{\"@context\":\"https:\/\/schema.org\",\"@graph\":[{\"@type\":\"WebPage\",\"@id\":\"https:\/\/www.uvion.com\/es\/\",\"url\":\"https:\/\/www.uvion.com\/es\/\",\"name\":\"UVION - Por fin. Sin cloro. Sin l\u00e1grimas.\",\"isPartOf\":{\"@id\":\"https:\/\/www.uvion.com\/es\/#website\"},\"primaryImageOfPage\":{\"@id\":\"https:\/\/www.uvion.com\/es\/#primaryimage\"},\"image\":{\"@id\":\"https:\/\/www.uvion.com\/es\/#primaryimage\"},\"thumbnailUrl\":\"https:\/\/uvion2.aquatec.sharpness.de\/wp-content\/uploads\/2023\/03\/Header_Text_1.png\",\"datePublished\":\"2023-01-26T12:59:16+00:00\",\"dateModified\":\"2023-09-07T12:33:07+00:00\",\"breadcrumb\":{\"@id\":\"https:\/\/www.uvion.com\/es\/#breadcrumb\"},\"inLanguage\":\"es\",\"potentialAction\":[{\"@type\":\"ReadAction\",\"target\":[\"https:\/\/www.uvion.com\/es\/\"]}]},{\"@type\":\"ImageObject\",\"inLanguage\":\"es\",\"@id\":\"https:\/\/www.uvion.com\/es\/#primaryimage\",\"url\":\"https:\/\/uvion2.aquatec.sharpness.de\/wp-content\/uploads\/2023\/03\/Header_Text_1.png\",\"contentUrl\":\"https:\/\/uvion2.aquatec.sharpness.de\/wp-content\/uploads\/2023\/03\/Header_Text_1.png\"},{\"@type\":\"BreadcrumbList\",\"@id\":\"https:\/\/www.uvion.com\/es\/#breadcrumb\",\"itemListElement\":[{\"@type\":\"ListItem\",\"position\":1,\"name\":\"Startseite\",\"item\":\"https:\/\/www.uvion.com\/es\/\"},{\"@type\":\"ListItem\",\"position\":2,\"name\":\"UVION &#8211; Abra los ojos en aguas cristalinas.\"}]},{\"@type\":\"WebSite\",\"@id\":\"https:\/\/www.uvion.com\/es\/#website\",\"url\":\"https:\/\/www.uvion.com\/es\/\",\"name\":\"UVION - Por fin. Sin cloro. Sin l\u00e1grimas.\",\"description\":\"\u00d6ffnen Sie Ihre Augen in kristallklarem Wasser.\",\"publisher\":{\"@id\":\"https:\/\/www.uvion.com\/es\/#organization\"},\"potentialAction\":[{\"@type\":\"SearchAction\",\"target\":{\"@type\":\"EntryPoint\",\"urlTemplate\":\"https:\/\/www.uvion.com\/es\/?s={search_term_string}\"},\"query-input\":{\"@type\":\"PropertyValueSpecification\",\"valueRequired\":true,\"valueName\":\"search_term_string\"}}],\"inLanguage\":\"es\"},{\"@type\":\"Organization\",\"@id\":\"https:\/\/www.uvion.com\/es\/#organization\",\"name\":\"UVION\",\"url\":\"https:\/\/www.uvion.com\/es\/\",\"logo\":{\"@type\":\"ImageObject\",\"inLanguage\":\"es\",\"@id\":\"https:\/\/www.uvion.com\/es\/#\/schema\/logo\/image\/\",\"url\":\"https:\/\/www.uvion.com\/wp-content\/uploads\/2023\/01\/logo-uvion-web.png\",\"contentUrl\":\"https:\/\/www.uvion.com\/wp-content\/uploads\/2023\/01\/logo-uvion-web.png\",\"width\":293,\"height\":119,\"caption\":\"UVION\"},\"image\":{\"@id\":\"https:\/\/www.uvion.com\/es\/#\/schema\/logo\/image\/\"}}]}<\/script>\n<!-- \/ Yoast SEO plugin. -->","yoast_head_json":{"title":"UVION - Por fin. Sin cloro. Sin l\u00e1grimas.","robots":{"index":"noindex","follow":"follow","max-snippet":"max-snippet:-1","max-image-preview":"max-image-preview:large","max-video-preview":"max-video-preview:-1"},"og_locale":"es_ES","og_type":"article","og_title":"UVION - Por fin. Sin cloro. Sin l\u00e1grimas.","og_description":"Abra los ojos en aguas cristalinas. Hoy en d\u00eda, m\u00e1s del 90% de las piscinas se siguen desinfectando con cloro.Eficaz, pero \u00bfcu\u00e1ntos riesgos y efectos secundarios aceptan sus clientes por ello? Manipulaci\u00f3n de productos qu\u00edmicos peligrosos Peligro de sobredosis Irritaciones cut\u00e1neas y alergias Ojos llorosos molesto olor a cloro Corrosi\u00f3n en los componentes LA SOLUCI\u00d3N: [&hellip;]","og_url":"https:\/\/www.uvion.com\/es\/","og_site_name":"UVION - Por fin. Sin cloro. Sin l\u00e1grimas.","article_modified_time":"2023-09-07T12:33:07+00:00","og_image":[{"url":"https:\/\/uvion2.aquatec.sharpness.de\/wp-content\/uploads\/2023\/03\/Header_Text_1.png","type":"","width":"","height":""}],"twitter_card":"summary_large_image","twitter_misc":{"Tiempo de lectura":"1 minuto"},"schema":{"@context":"https:\/\/schema.org","@graph":[{"@type":"WebPage","@id":"https:\/\/www.uvion.com\/es\/","url":"https:\/\/www.uvion.com\/es\/","name":"UVION - Por fin. Sin cloro. Sin l\u00e1grimas.","isPartOf":{"@id":"https:\/\/www.uvion.com\/es\/#website"},"primaryImageOfPage":{"@id":"https:\/\/www.uvion.com\/es\/#primaryimage"},"image":{"@id":"https:\/\/www.uvion.com\/es\/#primaryimage"},"thumbnailUrl":"https:\/\/uvion2.aquatec.sharpness.de\/wp-content\/uploads\/2023\/03\/Header_Text_1.png","datePublished":"2023-01-26T12:59:16+00:00","dateModified":"2023-09-07T12:33:07+00:00","breadcrumb":{"@id":"https:\/\/www.uvion.com\/es\/#breadcrumb"},"inLanguage":"es","potentialAction":[{"@type":"ReadAction","target":["https:\/\/www.uvion.com\/es\/"]}]},{"@type":"ImageObject","inLanguage":"es","@id":"https:\/\/www.uvion.com\/es\/#primaryimage","url":"https:\/\/uvion2.aquatec.sharpness.de\/wp-content\/uploads\/2023\/03\/Header_Text_1.png","contentUrl":"https:\/\/uvion2.aquatec.sharpness.de\/wp-content\/uploads\/2023\/03\/Header_Text_1.png"},{"@type":"BreadcrumbList","@id":"https:\/\/www.uvion.com\/es\/#breadcrumb","itemListElement":[{"@type":"ListItem","position":1,"name":"Startseite","item":"https:\/\/www.uvion.com\/es\/"},{"@type":"ListItem","position":2,"name":"UVION &#8211; Abra los ojos en aguas cristalinas."}]},{"@type":"WebSite","@id":"https:\/\/www.uvion.com\/es\/#website","url":"https:\/\/www.uvion.com\/es\/","name":"UVION - Por fin. Sin cloro. Sin l\u00e1grimas.","description":"\u00d6ffnen Sie Ihre Augen in kristallklarem Wasser.","publisher":{"@id":"https:\/\/www.uvion.com\/es\/#organization"},"potentialAction":[{"@type":"SearchAction","target":{"@type":"EntryPoint","urlTemplate":"https:\/\/www.uvion.com\/es\/?s={search_term_string}"},"query-input":{"@type":"PropertyValueSpecification","valueRequired":true,"valueName":"search_term_string"}}],"inLanguage":"es"},{"@type":"Organization","@id":"https:\/\/www.uvion.com\/es\/#organization","name":"UVION","url":"https:\/\/www.uvion.com\/es\/","logo":{"@type":"ImageObject","inLanguage":"es","@id":"https:\/\/www.uvion.com\/es\/#\/schema\/logo\/image\/","url":"https:\/\/www.uvion.com\/wp-content\/uploads\/2023\/01\/logo-uvion-web.png","contentUrl":"https:\/\/www.uvion.com\/wp-content\/uploads\/2023\/01\/logo-uvion-web.png","width":293,"height":119,"caption":"UVION"},"image":{"@id":"https:\/\/www.uvion.com\/es\/#\/schema\/logo\/image\/"}}]}},"_links":{"self":[{"href":"https:\/\/www.uvion.com\/es\/wp-json\/wp\/v2\/pages\/1715","targetHints":{"allow":["GET"]}}],"collection":[{"href":"https:\/\/www.uvion.com\/es\/wp-json\/wp\/v2\/pages"}],"about":[{"href":"https:\/\/www.uvion.com\/es\/wp-json\/wp\/v2\/types\/page"}],"author":[{"embeddable":true,"href":"https:\/\/www.uvion.com\/es\/wp-json\/wp\/v2\/users\/1"}],"replies":[{"embeddable":true,"href":"https:\/\/www.uvion.com\/es\/wp-json\/wp\/v2\/comments?post=1715"}],"version-history":[{"count":8,"href":"https:\/\/www.uvion.com\/es\/wp-json\/wp\/v2\/pages\/1715\/revisions"}],"predecessor-version":[{"id":2184,"href":"https:\/\/www.uvion.com\/es\/wp-json\/wp\/v2\/pages\/1715\/revisions\/2184"}],"wp:attachment":[{"href":"https:\/\/www.uvion.com\/es\/wp-json\/wp\/v2\/media?parent=1715"}],"curies":[{"name":"wp","href":"https:\/\/api.w.org\/{rel}","templated":true}]}}